{"id":15032,"date":"2023-12-19T09:25:46","date_gmt":"2023-12-19T09:25:46","guid":{"rendered":"https:\/\/www.sirmionehotel.com\/\/visitare-sirmione\/"},"modified":"2023-12-19T09:36:21","modified_gmt":"2023-12-19T09:36:21","slug":"besuchen-sirmione","status":"publish","type":"page","link":"https:\/\/www.sirmionehotel.com\/de\/besuchen-sirmione\/","title":{"rendered":"Besuchen Sirmione"},"content":{"rendered":"<div class=\"container\">\n<h2 class=\"wp-block-heading\">Besuchen Sirmione, dessen Namen von \u201cSyrma\u201d und zwar \u201cSchwanz\u201d, \u201cSchleppe\u201d stammt, erstreckt sich in eine 4 Km lange und schmale Halbinsel in den Gardasee hinein, der dank seiner nat\u00fcrlichen Z\u00fcge schon in der Antike ber\u00fchmt und hochgesch\u00e4tzt war.<\/h2>\n<\/div>\n\n<div class=\"container\">\n<p>Besuchen Sie Sirmione, um die reiche Geschichte der Halbinsel zu entdecken, wovon heute noch mehrere Funde erhalten bleiben.<\/p>\n<\/div>\n\n<div class=\"container\">\n<p>Dank seiner g\u00fcnstigen, nat\u00fcrlichen Lage, ist Sirmione seit der Antike ein bevorzugter Einsiedlungsort gewesen. Dies best\u00e4tigen die Ruinen der Romischen Villen und ins besondere die eindrucksvollen \u201c<a href=\"http:\/\/sirmionehotel.com\/de\/besuchen-sirmione\/grotten-des-catull\/\">Grotten des Catull<\/a>\u201d, nach dem Namen des r\u00f6mischen Dichters, der als erster Sirmione in seinen Lyriken besang.<\/p>\n<\/div>\n\n<div class=\"container\">\n<p>Bemerkenswert sind auch die Geb\u00e4ude des Glaubens, wie die, unter den Langobarden errichtete <a href=\"http:\/\/sirmionehotel.com\/de\/besuchen-sirmione\/kirche-san-pietro-in-mavino\/\">Kirche San Pietro in Mavino<\/a> und die <a href=\"http:\/\/sirmionehotel.com\/de\/besuchen-sirmione\/kirche-santa-maria-maggiore\/\">Pfarrkirche Santa Maria Maggiore<\/a>, bewundernswertes Beispiel der Architektur des XV. Jahrhunderts.<\/p>\n<\/div>\n\n<div class=\"container\">\n<p>Ein entscheidender Faktor in der Geschichte der Halbinsel von Sirmione ist die strategische Lage, zwischen Flachland und s\u00fcdlichem Seeteil, die es im 13. Jahhundert, unter der Herrschaft der Skaliger, besa\u00df. Zu jener Zeit, wurde die ber\u00fchmte <a href=\"http:\/\/sirmionehotel.com\/de\/besuchen-sirmione\/skaligerburg-von-sirmione\/\">Skaligerburg <\/a>(gew\u00f6hnlich Burg von Sirmione genannt) erbaut. Auch in moderneren Zeiten hat Sirmione weiterhin seinen Charme ausge\u00fcbt: der Star des Operngesangs, Maria Callas, sch\u00e4tzte Sirmione sehr hoch und war sehr fasziniert von dem Ort. Mit ihrem Mann verbrachte sie l\u00e4ngere Zeiten in der, vom spektakul\u00e4ren Gardaseepanorama umgebenen Villa Callas.<\/p>\n<\/div>","protected":false},"excerpt":{"rendered":"<p>Besuchen Sirmione, dessen Namen von \u201cSyrma\u201d und zwar \u201cSchwanz\u201d, \u201cSchleppe\u201d stammt, erstreckt [&hellip;]<\/p>\n","protected":false},"author":3,"featured_media":15282,"parent":0,"menu_order":14,"comment_status":"closed","ping_status":"closed","template":"template-page\/visit-sirmione.php","meta":{"_acf_changed":false,"footnotes":""},"class_list":["post-15032","page","type-page","status-publish","has-post-thumbnail","hentry"],"acf":[],"yoast_head":"<!-- This site is optimized with the Yoast SEO plugin v27.5 - https:\/\/yoast.com\/product\/yoast-seo-wordpress\/ -->\n<title>Besuchen Sirmione - Consorzio Albergatori Ristoratori Sirmione<\/title>\n<meta name=\"robots\" content=\"index, follow, max-snippet:-1, max-image-preview:large, max-video-preview:-1\" \/>\n<link rel=\"canonical\" href=\"https:\/\/www.sirmionehotel.com\/de\/besuchen-sirmione\/\" \/>\n<meta name=\"twitter:label1\" content=\"Gesch\u00e4tzte Lesezeit\" \/>\n\t<meta name=\"twitter:data1\" content=\"2\u00a0Minuten\" \/>\n<script type=\"application\/ld+json\" class=\"yoast-schema-graph\">{\"@context\":\"https:\\\/\\\/schema.org\",\"@graph\":[{\"@type\":\"WebPage\",\"@id\":\"https:\\\/\\\/www.sirmionehotel.com\\\/de\\\/besuchen-sirmione\\\/\",\"url\":\"https:\\\/\\\/www.sirmionehotel.com\\\/de\\\/besuchen-sirmione\\\/\",\"name\":\"Besuchen Sirmione - Consorzio Albergatori Ristoratori Sirmione\",\"isPartOf\":{\"@id\":\"https:\\\/\\\/www.sirmionehotel.com\\\/#website\"},\"primaryImageOfPage\":{\"@id\":\"https:\\\/\\\/www.sirmionehotel.com\\\/de\\\/besuchen-sirmione\\\/#primaryimage\"},\"image\":{\"@id\":\"https:\\\/\\\/www.sirmionehotel.com\\\/de\\\/besuchen-sirmione\\\/#primaryimage\"},\"thumbnailUrl\":\"https:\\\/\\\/www.sirmionehotel.com\\\/wp-content\\\/uploads\\\/2017\\\/03\\\/sirmione.jpg\",\"datePublished\":\"2023-12-19T09:25:46+00:00\",\"dateModified\":\"2023-12-19T09:36:21+00:00\",\"breadcrumb\":{\"@id\":\"https:\\\/\\\/www.sirmionehotel.com\\\/de\\\/besuchen-sirmione\\\/#breadcrumb\"},\"inLanguage\":\"de\",\"potentialAction\":[{\"@type\":\"ReadAction\",\"target\":[\"https:\\\/\\\/www.sirmionehotel.com\\\/de\\\/besuchen-sirmione\\\/\"]}]},{\"@type\":\"ImageObject\",\"inLanguage\":\"de\",\"@id\":\"https:\\\/\\\/www.sirmionehotel.com\\\/de\\\/besuchen-sirmione\\\/#primaryimage\",\"url\":\"https:\\\/\\\/www.sirmionehotel.com\\\/wp-content\\\/uploads\\\/2017\\\/03\\\/sirmione.jpg\",\"contentUrl\":\"https:\\\/\\\/www.sirmionehotel.com\\\/wp-content\\\/uploads\\\/2017\\\/03\\\/sirmione.jpg\",\"width\":2048,\"height\":1553},{\"@type\":\"BreadcrumbList\",\"@id\":\"https:\\\/\\\/www.sirmionehotel.com\\\/de\\\/besuchen-sirmione\\\/#breadcrumb\",\"itemListElement\":[{\"@type\":\"ListItem\",\"position\":1,\"name\":\"Home\",\"item\":\"https:\\\/\\\/www.sirmionehotel.com\\\/de\\\/\"},{\"@type\":\"ListItem\",\"position\":2,\"name\":\"Besuchen Sirmione\"}]},{\"@type\":\"WebSite\",\"@id\":\"https:\\\/\\\/www.sirmionehotel.com\\\/#website\",\"url\":\"https:\\\/\\\/www.sirmionehotel.com\\\/\",\"name\":\"Consorzio Albergatori Ristoratori Sirmione\",\"description\":\"\",\"potentialAction\":[{\"@type\":\"SearchAction\",\"target\":{\"@type\":\"EntryPoint\",\"urlTemplate\":\"https:\\\/\\\/www.sirmionehotel.com\\\/?s={search_term_string}\"},\"query-input\":{\"@type\":\"PropertyValueSpecification\",\"valueRequired\":true,\"valueName\":\"search_term_string\"}}],\"inLanguage\":\"de\"}]}<\/script>\n<!-- \/ Yoast SEO plugin. -->","yoast_head_json":{"title":"Besuchen Sirmione - Consorzio Albergatori Ristoratori Sirmione","robots":{"index":"index","follow":"follow","max-snippet":"max-snippet:-1","max-image-preview":"max-image-preview:large","max-video-preview":"max-video-preview:-1"},"canonical":"https:\/\/www.sirmionehotel.com\/de\/besuchen-sirmione\/","twitter_misc":{"Gesch\u00e4tzte Lesezeit":"2\u00a0Minuten"},"schema":{"@context":"https:\/\/schema.org","@graph":[{"@type":"WebPage","@id":"https:\/\/www.sirmionehotel.com\/de\/besuchen-sirmione\/","url":"https:\/\/www.sirmionehotel.com\/de\/besuchen-sirmione\/","name":"Besuchen Sirmione - Consorzio Albergatori Ristoratori Sirmione","isPartOf":{"@id":"https:\/\/www.sirmionehotel.com\/#website"},"primaryImageOfPage":{"@id":"https:\/\/www.sirmionehotel.com\/de\/besuchen-sirmione\/#primaryimage"},"image":{"@id":"https:\/\/www.sirmionehotel.com\/de\/besuchen-sirmione\/#primaryimage"},"thumbnailUrl":"https:\/\/www.sirmionehotel.com\/wp-content\/uploads\/2017\/03\/sirmione.jpg","datePublished":"2023-12-19T09:25:46+00:00","dateModified":"2023-12-19T09:36:21+00:00","breadcrumb":{"@id":"https:\/\/www.sirmionehotel.com\/de\/besuchen-sirmione\/#breadcrumb"},"inLanguage":"de","potentialAction":[{"@type":"ReadAction","target":["https:\/\/www.sirmionehotel.com\/de\/besuchen-sirmione\/"]}]},{"@type":"ImageObject","inLanguage":"de","@id":"https:\/\/www.sirmionehotel.com\/de\/besuchen-sirmione\/#primaryimage","url":"https:\/\/www.sirmionehotel.com\/wp-content\/uploads\/2017\/03\/sirmione.jpg","contentUrl":"https:\/\/www.sirmionehotel.com\/wp-content\/uploads\/2017\/03\/sirmione.jpg","width":2048,"height":1553},{"@type":"BreadcrumbList","@id":"https:\/\/www.sirmionehotel.com\/de\/besuchen-sirmione\/#breadcrumb","itemListElement":[{"@type":"ListItem","position":1,"name":"Home","item":"https:\/\/www.sirmionehotel.com\/de\/"},{"@type":"ListItem","position":2,"name":"Besuchen Sirmione"}]},{"@type":"WebSite","@id":"https:\/\/www.sirmionehotel.com\/#website","url":"https:\/\/www.sirmionehotel.com\/","name":"Consorzio Albergatori Ristoratori Sirmione","description":"","potentialAction":[{"@type":"SearchAction","target":{"@type":"EntryPoint","urlTemplate":"https:\/\/www.sirmionehotel.com\/?s={search_term_string}"},"query-input":{"@type":"PropertyValueSpecification","valueRequired":true,"valueName":"search_term_string"}}],"inLanguage":"de"}]}},"_links":{"self":[{"href":"https:\/\/www.sirmionehotel.com\/de\/wp-json\/wp\/v2\/pages\/15032","targetHints":{"allow":["GET"]}}],"collection":[{"href":"https:\/\/www.sirmionehotel.com\/de\/wp-json\/wp\/v2\/pages"}],"about":[{"href":"https:\/\/www.sirmionehotel.com\/de\/wp-json\/wp\/v2\/types\/page"}],"author":[{"embeddable":true,"href":"https:\/\/www.sirmionehotel.com\/de\/wp-json\/wp\/v2\/users\/3"}],"replies":[{"embeddable":true,"href":"https:\/\/www.sirmionehotel.com\/de\/wp-json\/wp\/v2\/comments?post=15032"}],"version-history":[{"count":0,"href":"https:\/\/www.sirmionehotel.com\/de\/wp-json\/wp\/v2\/pages\/15032\/revisions"}],"wp:featuredmedia":[{"embeddable":true,"href":"https:\/\/www.sirmionehotel.com\/de\/wp-json\/wp\/v2\/media\/15282"}],"wp:attachment":[{"href":"https:\/\/www.sirmionehotel.com\/de\/wp-json\/wp\/v2\/media?parent=15032"}],"curies":[{"name":"wp","href":"https:\/\/api.w.org\/{rel}","templated":true}]}}