{"id":15042,"date":"2023-12-19T10:21:44","date_gmt":"2023-12-19T10:21:44","guid":{"rendered":"https:\/\/www.sirmionehotel.com\/\/besuchen-sirmione\/dintorni-di-sirmione\/"},"modified":"2023-12-19T10:27:17","modified_gmt":"2023-12-19T10:27:17","slug":"die-umgebung-von-sirmione","status":"publish","type":"page","link":"https:\/\/www.sirmionehotel.com\/de\/besuchen-sirmione\/die-umgebung-von-sirmione\/","title":{"rendered":"Die Umgebung von Sirmione"},"content":{"rendered":"<div class=\"container\">\n<h3 class=\"wp-block-heading\">Die Umgebung besichtigen von Sirmione<\/h3>\n<\/div>\n\n<div class=\"container\">\n<p>Die Umgebung von Sirmione bietet ein reiches Angebot an historischen Orten und nat\u00fcrlichen Sch\u00e4tzen.<br>Sirmione ist der ideale Ausgangspunkt, um einen stre\u00dfabbauenden, vergn\u00fcgungsreichen und, von der Kultur, der Kunst und dem Sport her, \u201cgenu\u00dfvollen\u201d Urlaub zu verbringen. Die Vergn\u00fcgungsm\u00f6glichkeiten die Sirmione und der Gardasee bieten sind unz\u00e4hlbar und zur Befriedigung jedes Bed\u00fcrfnisses geeignet.<\/p>\n<\/div>\n\n<div class=\"container\">\n<p>Zum Vergn\u00fcgen von Erwachsenen und Kindern gibt es mehrere Gelegenheiten: allerdings der ber\u00fchmte und Italiens gr\u00f6\u00dfte Vergn\u00fcgungspark Gardaland. Rund um den See finden Sie au\u00dferdem zahlreiche Wasserparks mit Attraktionen f\u00fcr jedes Alter.<\/p>\n<\/div>\n\n<div class=\"container\">\n<p>Zur Entspannung k\u00f6nnen Sie, au\u00dfer den magischen Momenten die Sie in den Thermen verbringen, reizvolle Spazierg\u00e4nge in den Parks des Gardaseegebietes unternehmen; vers\u00e4umen Sie auf keinen Fall den welber\u00fchmten Parco Sigurt\u00e0.<\/p>\n<\/div>\n\n<div class=\"container\">\n<p>Die Hotels in Sirmione sind der ideale Ausgangspunkt, um die umgebende Landschaft zu besichtigen.<\/p>\n<\/div>","protected":false},"excerpt":{"rendered":"<p>Die Umgebung besichtigen von Sirmione Die Umgebung von Sirmione bietet ein reiches [&hellip;]<\/p>\n","protected":false},"author":3,"featured_media":18581,"parent":15032,"menu_order":30,"comment_status":"closed","ping_status":"closed","template":"template-page\/visit-sirmione.php","meta":{"_acf_changed":false,"footnotes":""},"class_list":["post-15042","page","type-page","status-publish","has-post-thumbnail","hentry"],"acf":[],"yoast_head":"<!-- This site is optimized with the Yoast SEO plugin v27.5 - https:\/\/yoast.com\/product\/yoast-seo-wordpress\/ -->\n<title>Die Umgebung von Sirmione - Consorzio Albergatori Ristoratori Sirmione<\/title>\n<meta name=\"robots\" content=\"index, follow, max-snippet:-1, max-image-preview:large, max-video-preview:-1\" \/>\n<link rel=\"canonical\" href=\"https:\/\/www.sirmionehotel.com\/de\/besuchen-sirmione\/die-umgebung-von-sirmione\/\" \/>\n<meta name=\"twitter:label1\" content=\"Gesch\u00e4tzte Lesezeit\" \/>\n\t<meta name=\"twitter:data1\" content=\"1\u00a0Minute\" \/>\n<script type=\"application\/ld+json\" class=\"yoast-schema-graph\">{\"@context\":\"https:\\\/\\\/schema.org\",\"@graph\":[{\"@type\":\"WebPage\",\"@id\":\"https:\\\/\\\/www.sirmionehotel.com\\\/de\\\/besuchen-sirmione\\\/die-umgebung-von-sirmione\\\/\",\"url\":\"https:\\\/\\\/www.sirmionehotel.com\\\/de\\\/besuchen-sirmione\\\/die-umgebung-von-sirmione\\\/\",\"name\":\"Die Umgebung von Sirmione - Consorzio Albergatori Ristoratori Sirmione\",\"isPartOf\":{\"@id\":\"https:\\\/\\\/www.sirmionehotel.com\\\/#website\"},\"primaryImageOfPage\":{\"@id\":\"https:\\\/\\\/www.sirmionehotel.com\\\/de\\\/besuchen-sirmione\\\/die-umgebung-von-sirmione\\\/#primaryimage\"},\"image\":{\"@id\":\"https:\\\/\\\/www.sirmionehotel.com\\\/de\\\/besuchen-sirmione\\\/die-umgebung-von-sirmione\\\/#primaryimage\"},\"thumbnailUrl\":\"https:\\\/\\\/www.sirmionehotel.com\\\/wp-content\\\/uploads\\\/2024\\\/04\\\/sirmione-dintorni.jpg\",\"datePublished\":\"2023-12-19T10:21:44+00:00\",\"dateModified\":\"2023-12-19T10:27:17+00:00\",\"breadcrumb\":{\"@id\":\"https:\\\/\\\/www.sirmionehotel.com\\\/de\\\/besuchen-sirmione\\\/die-umgebung-von-sirmione\\\/#breadcrumb\"},\"inLanguage\":\"de\",\"potentialAction\":[{\"@type\":\"ReadAction\",\"target\":[\"https:\\\/\\\/www.sirmionehotel.com\\\/de\\\/besuchen-sirmione\\\/die-umgebung-von-sirmione\\\/\"]}]},{\"@type\":\"ImageObject\",\"inLanguage\":\"de\",\"@id\":\"https:\\\/\\\/www.sirmionehotel.com\\\/de\\\/besuchen-sirmione\\\/die-umgebung-von-sirmione\\\/#primaryimage\",\"url\":\"https:\\\/\\\/www.sirmionehotel.com\\\/wp-content\\\/uploads\\\/2024\\\/04\\\/sirmione-dintorni.jpg\",\"contentUrl\":\"https:\\\/\\\/www.sirmionehotel.com\\\/wp-content\\\/uploads\\\/2024\\\/04\\\/sirmione-dintorni.jpg\",\"width\":1450,\"height\":965,\"caption\":\"dintorni sirmione\"},{\"@type\":\"BreadcrumbList\",\"@id\":\"https:\\\/\\\/www.sirmionehotel.com\\\/de\\\/besuchen-sirmione\\\/die-umgebung-von-sirmione\\\/#breadcrumb\",\"itemListElement\":[{\"@type\":\"ListItem\",\"position\":1,\"name\":\"Home\",\"item\":\"https:\\\/\\\/www.sirmionehotel.com\\\/de\\\/\"},{\"@type\":\"ListItem\",\"position\":2,\"name\":\"Besuchen Sirmione\",\"item\":\"https:\\\/\\\/www.sirmionehotel.com\\\/de\\\/besuchen-sirmione\\\/\"},{\"@type\":\"ListItem\",\"position\":3,\"name\":\"Die Umgebung von Sirmione\"}]},{\"@type\":\"WebSite\",\"@id\":\"https:\\\/\\\/www.sirmionehotel.com\\\/#website\",\"url\":\"https:\\\/\\\/www.sirmionehotel.com\\\/\",\"name\":\"Consorzio Albergatori Ristoratori Sirmione\",\"description\":\"\",\"potentialAction\":[{\"@type\":\"SearchAction\",\"target\":{\"@type\":\"EntryPoint\",\"urlTemplate\":\"https:\\\/\\\/www.sirmionehotel.com\\\/?s={search_term_string}\"},\"query-input\":{\"@type\":\"PropertyValueSpecification\",\"valueRequired\":true,\"valueName\":\"search_term_string\"}}],\"inLanguage\":\"de\"}]}<\/script>\n<!-- \/ Yoast SEO plugin. -->","yoast_head_json":{"title":"Die Umgebung von Sirmione - Consorzio Albergatori Ristoratori Sirmione","robots":{"index":"index","follow":"follow","max-snippet":"max-snippet:-1","max-image-preview":"max-image-preview:large","max-video-preview":"max-video-preview:-1"},"canonical":"https:\/\/www.sirmionehotel.com\/de\/besuchen-sirmione\/die-umgebung-von-sirmione\/","twitter_misc":{"Gesch\u00e4tzte Lesezeit":"1\u00a0Minute"},"schema":{"@context":"https:\/\/schema.org","@graph":[{"@type":"WebPage","@id":"https:\/\/www.sirmionehotel.com\/de\/besuchen-sirmione\/die-umgebung-von-sirmione\/","url":"https:\/\/www.sirmionehotel.com\/de\/besuchen-sirmione\/die-umgebung-von-sirmione\/","name":"Die Umgebung von Sirmione - Consorzio Albergatori Ristoratori Sirmione","isPartOf":{"@id":"https:\/\/www.sirmionehotel.com\/#website"},"primaryImageOfPage":{"@id":"https:\/\/www.sirmionehotel.com\/de\/besuchen-sirmione\/die-umgebung-von-sirmione\/#primaryimage"},"image":{"@id":"https:\/\/www.sirmionehotel.com\/de\/besuchen-sirmione\/die-umgebung-von-sirmione\/#primaryimage"},"thumbnailUrl":"https:\/\/www.sirmionehotel.com\/wp-content\/uploads\/2024\/04\/sirmione-dintorni.jpg","datePublished":"2023-12-19T10:21:44+00:00","dateModified":"2023-12-19T10:27:17+00:00","breadcrumb":{"@id":"https:\/\/www.sirmionehotel.com\/de\/besuchen-sirmione\/die-umgebung-von-sirmione\/#breadcrumb"},"inLanguage":"de","potentialAction":[{"@type":"ReadAction","target":["https:\/\/www.sirmionehotel.com\/de\/besuchen-sirmione\/die-umgebung-von-sirmione\/"]}]},{"@type":"ImageObject","inLanguage":"de","@id":"https:\/\/www.sirmionehotel.com\/de\/besuchen-sirmione\/die-umgebung-von-sirmione\/#primaryimage","url":"https:\/\/www.sirmionehotel.com\/wp-content\/uploads\/2024\/04\/sirmione-dintorni.jpg","contentUrl":"https:\/\/www.sirmionehotel.com\/wp-content\/uploads\/2024\/04\/sirmione-dintorni.jpg","width":1450,"height":965,"caption":"dintorni sirmione"},{"@type":"BreadcrumbList","@id":"https:\/\/www.sirmionehotel.com\/de\/besuchen-sirmione\/die-umgebung-von-sirmione\/#breadcrumb","itemListElement":[{"@type":"ListItem","position":1,"name":"Home","item":"https:\/\/www.sirmionehotel.com\/de\/"},{"@type":"ListItem","position":2,"name":"Besuchen Sirmione","item":"https:\/\/www.sirmionehotel.com\/de\/besuchen-sirmione\/"},{"@type":"ListItem","position":3,"name":"Die Umgebung von Sirmione"}]},{"@type":"WebSite","@id":"https:\/\/www.sirmionehotel.com\/#website","url":"https:\/\/www.sirmionehotel.com\/","name":"Consorzio Albergatori Ristoratori Sirmione","description":"","potentialAction":[{"@type":"SearchAction","target":{"@type":"EntryPoint","urlTemplate":"https:\/\/www.sirmionehotel.com\/?s={search_term_string}"},"query-input":{"@type":"PropertyValueSpecification","valueRequired":true,"valueName":"search_term_string"}}],"inLanguage":"de"}]}},"_links":{"self":[{"href":"https:\/\/www.sirmionehotel.com\/de\/wp-json\/wp\/v2\/pages\/15042","targetHints":{"allow":["GET"]}}],"collection":[{"href":"https:\/\/www.sirmionehotel.com\/de\/wp-json\/wp\/v2\/pages"}],"about":[{"href":"https:\/\/www.sirmionehotel.com\/de\/wp-json\/wp\/v2\/types\/page"}],"author":[{"embeddable":true,"href":"https:\/\/www.sirmionehotel.com\/de\/wp-json\/wp\/v2\/users\/3"}],"replies":[{"embeddable":true,"href":"https:\/\/www.sirmionehotel.com\/de\/wp-json\/wp\/v2\/comments?post=15042"}],"version-history":[{"count":0,"href":"https:\/\/www.sirmionehotel.com\/de\/wp-json\/wp\/v2\/pages\/15042\/revisions"}],"up":[{"embeddable":true,"href":"https:\/\/www.sirmionehotel.com\/de\/wp-json\/wp\/v2\/pages\/15032"}],"wp:featuredmedia":[{"embeddable":true,"href":"https:\/\/www.sirmionehotel.com\/de\/wp-json\/wp\/v2\/media\/18581"}],"wp:attachment":[{"href":"https:\/\/www.sirmionehotel.com\/de\/wp-json\/wp\/v2\/media?parent=15042"}],"curies":[{"name":"wp","href":"https:\/\/api.w.org\/{rel}","templated":true}]}}