{"id":15053,"date":"2023-12-19T10:32:15","date_gmt":"2023-12-19T10:32:15","guid":{"rendered":"https:\/\/www.sirmionehotel.com\/\/besuchen-sirmione\/enogastronomia-sirmione-lago-di-garda\/"},"modified":"2024-05-29T15:28:16","modified_gmt":"2024-05-29T15:28:16","slug":"oenogastronomie-sirmione-gardasee","status":"publish","type":"page","link":"https:\/\/www.sirmionehotel.com\/de\/besuchen-sirmione\/oenogastronomie-sirmione-gardasee\/","title":{"rendered":"\u00d6nogastronomie Sirmione"},"content":{"rendered":"<div class=\"container\">\n<h3 class=\"wp-block-heading\">\u00d6nogastronomie Sirmione am Gardasee<\/h3>\n<\/div>\n\n<div class=\"container\">\n<p>Die \u00f6nogastronomischen Produkte des Gardasees und dessen Hinterlandes haben schon seit Jahren das h\u00f6chste Qualit\u00e4tsniveau erreicht, sowie internationale Anerkennung gewonnen. Der Gardaseewein tr\u00e4gt die G\u00fctebezeichnung DOC, es gibt verschiedene Weintype, unter denen wir den Luganawein hervorrufen m\u00f6chten. Der Gardasee ist weltweit eins der gew\u00e4hltesten und hochgesch\u00e4tzten Gebieten f\u00fcr den Olivenanbau und \u00d6lgewinn; diese T\u00e4tigkeit hat sich seit der Antike an der Gardaseek\u00fcste entwickelt, dank des milden Klimas und der sonnigen Tage. Weiterer \u00f6nogastronomischer Kraftpunkt von Sirmione ist seine K\u00fcche; der Fisch aus dem Gardasee ist die optimale Zutat f\u00fcr die vielen, geschmackvollen typischen, lokalen Gerichte.<\/p>\n<\/div>\n\n<div class=\"container\">\n<p>FISCHE &#8211; \u00d6L von Garda &#8211; LUGANA: das perfekte Triptychon<\/p>\n<\/div>\n\n<div class=\"container\">\n<p>Ein Trio f\u00fcr Diners Grenzen: die gegrillten Felchen mit einem fi Oliven\u00f6l Garda DOP gekr\u00f6nt von Strohwein, Lugana begleitet. Wein, Oliven\u00f6l und Fisch: Das sind die typischen Produkte, die der See bietet seinen Einwohnern und seinen Besuchern. Der See ist voller Fische, es gibt mehrere Sorten, die von der kleinen d\u00fcsteren, aus essen gebratene der D\u00f6bel aus dem Fruchtfleisch lecker, vorbei an Karpfen, Forelle, Wei\u00dffisch und Schleie, Hauptbestandteil und Grund gleichnamigen Risotto. Vom See aus fahren wir zum Festland, wo angebaut Olivenhaine, aus deren Oliven produzieren den ber\u00fchmten \u00d6l von Garda, der die DOP empfangen hat, und f\u00fcgt hinzu, dass eine einzigartige Note zu jeder Schale, desto mehr wei\u00df ich fi nosed den einfachen Salat, Es ist eine heikle \u00d6l das \u00d6l des Gardasees, die das Gericht verf\u00e4lscht, aber begleitet und verbessert den Geschmack. Eine gute Platte mit Fisch muss von einem guten Wein begleitet werden. Um den Weg zwischen dem See und die Berge f\u00fchren Mor\u00e4ne ist das Lugana Wein mit einem zarten Duft und leicht goldenen Farbe: Verkostung es die Seele dieses Landes, die sich zwischen Land und Wasser zu leben f\u00fchlen. Auch dies ist die Heimat des Consorzio Grana Padano. Der ber\u00fchmte K\u00e4se im Alter von 9 Monate kann alleine gegessen werden, begleiten Ihr Essen oder sein die wichtigste Zutat f\u00fcr ein Rezept. Reis, angebaut ein wenig &#8222;weiter s\u00fcdlich vom See landet Schabracken, ist der Star der vielen Gerichten, einschlie\u00dflich des oben genannten Schleien Risotto Gericht der vergangenen Tage, dass man nicht schmecken kann. Und wie k\u00f6nnen Sie ein gutes Essen abzuschlie\u00dfen? Mit einem Glas Grappa Lugana, starkes Aroma von den H\u00e4uten von Trebbiano.<\/p>\n<\/div>\n\n<div class=\"container\">\n<p><a href=\"https:\/\/www.calojera.com\">https:\/\/www.calojera.com<\/a><\/p>\n<\/div>\n\n<div class=\"container\">\n<p><a href=\"https:\/\/www.talentkitchen.it\">https:\/\/www.talentkitchen.it<\/a><\/p>\n<\/div>\n\n<div class=\"container\">\n<p><\/p>\n<\/div>\n\n<div class=\"container\">\n<p><\/p>\n<\/div>\n\n<div class=\"container\">\n<p><\/p>\n<\/div>\n\n<div class=\"container\">\n<p><\/p>\n<\/div>","protected":false},"excerpt":{"rendered":"<p>\u00d6nogastronomie Sirmione am Gardasee Die \u00f6nogastronomischen Produkte des Gardasees und dessen Hinterlandes [&hellip;]<\/p>\n","protected":false},"author":3,"featured_media":15447,"parent":15032,"menu_order":64,"comment_status":"closed","ping_status":"closed","template":"template-page\/visit-sirmione.php","meta":{"_acf_changed":false,"footnotes":""},"class_list":["post-15053","page","type-page","status-publish","has-post-thumbnail","hentry"],"acf":[],"yoast_head":"<!-- This site is optimized with the Yoast SEO plugin v27.4 - https:\/\/yoast.com\/product\/yoast-seo-wordpress\/ -->\n<title>\u00d6nogastronomie Sirmione - Consorzio Albergatori Ristoratori Sirmione<\/title>\n<meta name=\"robots\" content=\"index, follow, max-snippet:-1, max-image-preview:large, max-video-preview:-1\" \/>\n<link rel=\"canonical\" href=\"https:\/\/www.sirmionehotel.com\/de\/besuchen-sirmione\/oenogastronomie-sirmione-gardasee\/\" \/>\n<meta name=\"twitter:label1\" content=\"Gesch\u00e4tzte Lesezeit\" \/>\n\t<meta name=\"twitter:data1\" content=\"3\u00a0Minuten\" \/>\n<script type=\"application\/ld+json\" class=\"yoast-schema-graph\">{\"@context\":\"https:\\\/\\\/schema.org\",\"@graph\":[{\"@type\":\"WebPage\",\"@id\":\"https:\\\/\\\/www.sirmionehotel.com\\\/de\\\/besuchen-sirmione\\\/oenogastronomie-sirmione-gardasee\\\/\",\"url\":\"https:\\\/\\\/www.sirmionehotel.com\\\/de\\\/besuchen-sirmione\\\/oenogastronomie-sirmione-gardasee\\\/\",\"name\":\"\u00d6nogastronomie Sirmione - Consorzio Albergatori Ristoratori Sirmione\",\"isPartOf\":{\"@id\":\"https:\\\/\\\/www.sirmionehotel.com\\\/#website\"},\"primaryImageOfPage\":{\"@id\":\"https:\\\/\\\/www.sirmionehotel.com\\\/de\\\/besuchen-sirmione\\\/oenogastronomie-sirmione-gardasee\\\/#primaryimage\"},\"image\":{\"@id\":\"https:\\\/\\\/www.sirmionehotel.com\\\/de\\\/besuchen-sirmione\\\/oenogastronomie-sirmione-gardasee\\\/#primaryimage\"},\"thumbnailUrl\":\"https:\\\/\\\/www.sirmionehotel.com\\\/wp-content\\\/uploads\\\/2017\\\/04\\\/enogastronomia.jpg\",\"datePublished\":\"2023-12-19T10:32:15+00:00\",\"dateModified\":\"2024-05-29T15:28:16+00:00\",\"breadcrumb\":{\"@id\":\"https:\\\/\\\/www.sirmionehotel.com\\\/de\\\/besuchen-sirmione\\\/oenogastronomie-sirmione-gardasee\\\/#breadcrumb\"},\"inLanguage\":\"de\",\"potentialAction\":[{\"@type\":\"ReadAction\",\"target\":[\"https:\\\/\\\/www.sirmionehotel.com\\\/de\\\/besuchen-sirmione\\\/oenogastronomie-sirmione-gardasee\\\/\"]}]},{\"@type\":\"ImageObject\",\"inLanguage\":\"de\",\"@id\":\"https:\\\/\\\/www.sirmionehotel.com\\\/de\\\/besuchen-sirmione\\\/oenogastronomie-sirmione-gardasee\\\/#primaryimage\",\"url\":\"https:\\\/\\\/www.sirmionehotel.com\\\/wp-content\\\/uploads\\\/2017\\\/04\\\/enogastronomia.jpg\",\"contentUrl\":\"https:\\\/\\\/www.sirmionehotel.com\\\/wp-content\\\/uploads\\\/2017\\\/04\\\/enogastronomia.jpg\",\"width\":2048,\"height\":1365},{\"@type\":\"BreadcrumbList\",\"@id\":\"https:\\\/\\\/www.sirmionehotel.com\\\/de\\\/besuchen-sirmione\\\/oenogastronomie-sirmione-gardasee\\\/#breadcrumb\",\"itemListElement\":[{\"@type\":\"ListItem\",\"position\":1,\"name\":\"Home\",\"item\":\"https:\\\/\\\/www.sirmionehotel.com\\\/de\\\/\"},{\"@type\":\"ListItem\",\"position\":2,\"name\":\"Besuchen Sirmione\",\"item\":\"https:\\\/\\\/www.sirmionehotel.com\\\/de\\\/besuchen-sirmione\\\/\"},{\"@type\":\"ListItem\",\"position\":3,\"name\":\"\u00d6nogastronomie Sirmione\"}]},{\"@type\":\"WebSite\",\"@id\":\"https:\\\/\\\/www.sirmionehotel.com\\\/#website\",\"url\":\"https:\\\/\\\/www.sirmionehotel.com\\\/\",\"name\":\"Consorzio Albergatori Ristoratori Sirmione\",\"description\":\"\",\"potentialAction\":[{\"@type\":\"SearchAction\",\"target\":{\"@type\":\"EntryPoint\",\"urlTemplate\":\"https:\\\/\\\/www.sirmionehotel.com\\\/?s={search_term_string}\"},\"query-input\":{\"@type\":\"PropertyValueSpecification\",\"valueRequired\":true,\"valueName\":\"search_term_string\"}}],\"inLanguage\":\"de\"}]}<\/script>\n<!-- \/ Yoast SEO plugin. -->","yoast_head_json":{"title":"\u00d6nogastronomie Sirmione - Consorzio Albergatori Ristoratori Sirmione","robots":{"index":"index","follow":"follow","max-snippet":"max-snippet:-1","max-image-preview":"max-image-preview:large","max-video-preview":"max-video-preview:-1"},"canonical":"https:\/\/www.sirmionehotel.com\/de\/besuchen-sirmione\/oenogastronomie-sirmione-gardasee\/","twitter_misc":{"Gesch\u00e4tzte Lesezeit":"3\u00a0Minuten"},"schema":{"@context":"https:\/\/schema.org","@graph":[{"@type":"WebPage","@id":"https:\/\/www.sirmionehotel.com\/de\/besuchen-sirmione\/oenogastronomie-sirmione-gardasee\/","url":"https:\/\/www.sirmionehotel.com\/de\/besuchen-sirmione\/oenogastronomie-sirmione-gardasee\/","name":"\u00d6nogastronomie Sirmione - Consorzio Albergatori Ristoratori Sirmione","isPartOf":{"@id":"https:\/\/www.sirmionehotel.com\/#website"},"primaryImageOfPage":{"@id":"https:\/\/www.sirmionehotel.com\/de\/besuchen-sirmione\/oenogastronomie-sirmione-gardasee\/#primaryimage"},"image":{"@id":"https:\/\/www.sirmionehotel.com\/de\/besuchen-sirmione\/oenogastronomie-sirmione-gardasee\/#primaryimage"},"thumbnailUrl":"https:\/\/www.sirmionehotel.com\/wp-content\/uploads\/2017\/04\/enogastronomia.jpg","datePublished":"2023-12-19T10:32:15+00:00","dateModified":"2024-05-29T15:28:16+00:00","breadcrumb":{"@id":"https:\/\/www.sirmionehotel.com\/de\/besuchen-sirmione\/oenogastronomie-sirmione-gardasee\/#breadcrumb"},"inLanguage":"de","potentialAction":[{"@type":"ReadAction","target":["https:\/\/www.sirmionehotel.com\/de\/besuchen-sirmione\/oenogastronomie-sirmione-gardasee\/"]}]},{"@type":"ImageObject","inLanguage":"de","@id":"https:\/\/www.sirmionehotel.com\/de\/besuchen-sirmione\/oenogastronomie-sirmione-gardasee\/#primaryimage","url":"https:\/\/www.sirmionehotel.com\/wp-content\/uploads\/2017\/04\/enogastronomia.jpg","contentUrl":"https:\/\/www.sirmionehotel.com\/wp-content\/uploads\/2017\/04\/enogastronomia.jpg","width":2048,"height":1365},{"@type":"BreadcrumbList","@id":"https:\/\/www.sirmionehotel.com\/de\/besuchen-sirmione\/oenogastronomie-sirmione-gardasee\/#breadcrumb","itemListElement":[{"@type":"ListItem","position":1,"name":"Home","item":"https:\/\/www.sirmionehotel.com\/de\/"},{"@type":"ListItem","position":2,"name":"Besuchen Sirmione","item":"https:\/\/www.sirmionehotel.com\/de\/besuchen-sirmione\/"},{"@type":"ListItem","position":3,"name":"\u00d6nogastronomie Sirmione"}]},{"@type":"WebSite","@id":"https:\/\/www.sirmionehotel.com\/#website","url":"https:\/\/www.sirmionehotel.com\/","name":"Consorzio Albergatori Ristoratori Sirmione","description":"","potentialAction":[{"@type":"SearchAction","target":{"@type":"EntryPoint","urlTemplate":"https:\/\/www.sirmionehotel.com\/?s={search_term_string}"},"query-input":{"@type":"PropertyValueSpecification","valueRequired":true,"valueName":"search_term_string"}}],"inLanguage":"de"}]}},"_links":{"self":[{"href":"https:\/\/www.sirmionehotel.com\/de\/wp-json\/wp\/v2\/pages\/15053","targetHints":{"allow":["GET"]}}],"collection":[{"href":"https:\/\/www.sirmionehotel.com\/de\/wp-json\/wp\/v2\/pages"}],"about":[{"href":"https:\/\/www.sirmionehotel.com\/de\/wp-json\/wp\/v2\/types\/page"}],"author":[{"embeddable":true,"href":"https:\/\/www.sirmionehotel.com\/de\/wp-json\/wp\/v2\/users\/3"}],"replies":[{"embeddable":true,"href":"https:\/\/www.sirmionehotel.com\/de\/wp-json\/wp\/v2\/comments?post=15053"}],"version-history":[{"count":5,"href":"https:\/\/www.sirmionehotel.com\/de\/wp-json\/wp\/v2\/pages\/15053\/revisions"}],"predecessor-version":[{"id":19477,"href":"https:\/\/www.sirmionehotel.com\/de\/wp-json\/wp\/v2\/pages\/15053\/revisions\/19477"}],"up":[{"embeddable":true,"href":"https:\/\/www.sirmionehotel.com\/de\/wp-json\/wp\/v2\/pages\/15032"}],"wp:featuredmedia":[{"embeddable":true,"href":"https:\/\/www.sirmionehotel.com\/de\/wp-json\/wp\/v2\/media\/15447"}],"wp:attachment":[{"href":"https:\/\/www.sirmionehotel.com\/de\/wp-json\/wp\/v2\/media?parent=15053"}],"curies":[{"name":"wp","href":"https:\/\/api.w.org\/{rel}","templated":true}]}}