{"id":15064,"date":"2017-03-27T09:29:53","date_gmt":"2017-03-27T09:29:53","guid":{"rendered":"https:\/\/www.sirmionehotel.com\/\/besuchen-sirmione\/die-umgebung-von-sirmione\/parchi-acquatici\/"},"modified":"2023-12-19T13:45:19","modified_gmt":"2023-12-19T13:45:19","slug":"wasserparks-am-gardasee","status":"publish","type":"page","link":"https:\/\/www.sirmionehotel.com\/de\/besuchen-sirmione\/die-umgebung-von-sirmione\/wasserparks-am-gardasee\/","title":{"rendered":"Wasserparks am Gardasee"},"content":{"rendered":"<div class=\"container\">\n<h2 class=\"wp-block-heading\">Wasserparks am Gardasee<\/h2>\n<\/div>\n\n<div class=\"container\">\n<p>In der Umgebung des Gardasees gibt es eine gro\u00dfe Anzahl an Wasserparks. Einer der ber\u00fchmtesten ist Caneva World, s\u00fcdlich von Lazise, der durch seine spannungserregende Wasserattraktionen bekannt ist und nach der Gestalt einer wundersch\u00f6nen tropischen Insel geplant wurde. Neben der gro\u00dfen Auswahl an Wasserrutschen und anderen Attraktionen, verf\u00fcgt der Park auch \u00fcber einen Rockcaf\u00e9 und ein Restaurant, das ein echtes mittelalterliches Rittermen\u00fc anbietet und eine faszinierende Rittershow organisiert.<\/p>\n<\/div>\n\n<div class=\"container\">\n<p>Der, von gro\u00dfz\u00fcgigen Gr\u00fcnfl\u00e4chen umgebene Wasserpark Cavour in Valeggio sul Mincio umfa\u00dft ein 200.000 QM gro\u00dfes Areal&nbsp; und verspricht gro\u00dfes Vergn\u00fcgen durch seine zahlreichen Attraktionen; zugleich bietet er einen Relax- und Wellnessbereich mit Whirlpool und Zen-Garten zur totalen Entspannung. Der Wasserpark Waterland in Desenzano del Garda bietet vielf\u00e4ltige Vergn\u00fcgungsm\u00f6glichkeiten: ein 25-Meter-Schwimmbecken, mehrere Wasserrutschen, Minigolf-Anlage, Kleinfeld-Fu\u00dfballplatz, Beachvolleyballfeld und Tennispl\u00e4tze, Videospiele, Springteppiche und Disko. Erw\u00e4hnenswert sind auch der Wasserpark Pico Verde in Custoza, der Wasserpark La Quiete in Lonato, der Wasserpark Altomincio in Salionze und viele andere noch.<\/p>\n<\/div>","protected":false},"excerpt":{"rendered":"<p>Wasserparks am Gardasee In der Umgebung des Gardasees gibt es eine gro\u00dfe [&hellip;]<\/p>\n","protected":false},"author":1,"featured_media":18605,"parent":15042,"menu_order":33,"comment_status":"open","ping_status":"closed","template":"template-page\/visit-sirmione.php","meta":{"_acf_changed":false,"footnotes":""},"class_list":["post-15064","page","type-page","status-publish","has-post-thumbnail","hentry"],"acf":[],"yoast_head":"<!-- This site is optimized with the Yoast SEO plugin v27.5 - https:\/\/yoast.com\/product\/yoast-seo-wordpress\/ -->\n<title>Wasserparks am Gardasee - Consorzio Albergatori Ristoratori Sirmione<\/title>\n<meta name=\"robots\" content=\"index, follow, max-snippet:-1, max-image-preview:large, max-video-preview:-1\" \/>\n<link rel=\"canonical\" href=\"https:\/\/www.sirmionehotel.com\/de\/besuchen-sirmione\/die-umgebung-von-sirmione\/wasserparks-am-gardasee\/\" \/>\n<meta name=\"twitter:label1\" content=\"Gesch\u00e4tzte Lesezeit\" \/>\n\t<meta name=\"twitter:data1\" content=\"1\u00a0Minute\" \/>\n<script type=\"application\/ld+json\" class=\"yoast-schema-graph\">{\"@context\":\"https:\\\/\\\/schema.org\",\"@graph\":[{\"@type\":\"WebPage\",\"@id\":\"https:\\\/\\\/www.sirmionehotel.com\\\/de\\\/besuchen-sirmione\\\/die-umgebung-von-sirmione\\\/wasserparks-am-gardasee\\\/\",\"url\":\"https:\\\/\\\/www.sirmionehotel.com\\\/de\\\/besuchen-sirmione\\\/die-umgebung-von-sirmione\\\/wasserparks-am-gardasee\\\/\",\"name\":\"Wasserparks am Gardasee - Consorzio Albergatori Ristoratori Sirmione\",\"isPartOf\":{\"@id\":\"https:\\\/\\\/www.sirmionehotel.com\\\/#website\"},\"primaryImageOfPage\":{\"@id\":\"https:\\\/\\\/www.sirmionehotel.com\\\/de\\\/besuchen-sirmione\\\/die-umgebung-von-sirmione\\\/wasserparks-am-gardasee\\\/#primaryimage\"},\"image\":{\"@id\":\"https:\\\/\\\/www.sirmionehotel.com\\\/de\\\/besuchen-sirmione\\\/die-umgebung-von-sirmione\\\/wasserparks-am-gardasee\\\/#primaryimage\"},\"thumbnailUrl\":\"https:\\\/\\\/www.sirmionehotel.com\\\/wp-content\\\/uploads\\\/2024\\\/04\\\/parchi-acquatici.jpg\",\"datePublished\":\"2017-03-27T09:29:53+00:00\",\"dateModified\":\"2023-12-19T13:45:19+00:00\",\"breadcrumb\":{\"@id\":\"https:\\\/\\\/www.sirmionehotel.com\\\/de\\\/besuchen-sirmione\\\/die-umgebung-von-sirmione\\\/wasserparks-am-gardasee\\\/#breadcrumb\"},\"inLanguage\":\"de\",\"potentialAction\":[{\"@type\":\"ReadAction\",\"target\":[\"https:\\\/\\\/www.sirmionehotel.com\\\/de\\\/besuchen-sirmione\\\/die-umgebung-von-sirmione\\\/wasserparks-am-gardasee\\\/\"]}]},{\"@type\":\"ImageObject\",\"inLanguage\":\"de\",\"@id\":\"https:\\\/\\\/www.sirmionehotel.com\\\/de\\\/besuchen-sirmione\\\/die-umgebung-von-sirmione\\\/wasserparks-am-gardasee\\\/#primaryimage\",\"url\":\"https:\\\/\\\/www.sirmionehotel.com\\\/wp-content\\\/uploads\\\/2024\\\/04\\\/parchi-acquatici.jpg\",\"contentUrl\":\"https:\\\/\\\/www.sirmionehotel.com\\\/wp-content\\\/uploads\\\/2024\\\/04\\\/parchi-acquatici.jpg\",\"width\":1280,\"height\":853,\"caption\":\"parchi-acquatici\"},{\"@type\":\"BreadcrumbList\",\"@id\":\"https:\\\/\\\/www.sirmionehotel.com\\\/de\\\/besuchen-sirmione\\\/die-umgebung-von-sirmione\\\/wasserparks-am-gardasee\\\/#breadcrumb\",\"itemListElement\":[{\"@type\":\"ListItem\",\"position\":1,\"name\":\"Home\",\"item\":\"https:\\\/\\\/www.sirmionehotel.com\\\/de\\\/\"},{\"@type\":\"ListItem\",\"position\":2,\"name\":\"Besuchen Sirmione\",\"item\":\"https:\\\/\\\/www.sirmionehotel.com\\\/de\\\/besuchen-sirmione\\\/\"},{\"@type\":\"ListItem\",\"position\":3,\"name\":\"Die Umgebung von Sirmione\",\"item\":\"https:\\\/\\\/www.sirmionehotel.com\\\/de\\\/besuchen-sirmione\\\/die-umgebung-von-sirmione\\\/\"},{\"@type\":\"ListItem\",\"position\":4,\"name\":\"Wasserparks am Gardasee\"}]},{\"@type\":\"WebSite\",\"@id\":\"https:\\\/\\\/www.sirmionehotel.com\\\/#website\",\"url\":\"https:\\\/\\\/www.sirmionehotel.com\\\/\",\"name\":\"Consorzio Albergatori Ristoratori Sirmione\",\"description\":\"\",\"potentialAction\":[{\"@type\":\"SearchAction\",\"target\":{\"@type\":\"EntryPoint\",\"urlTemplate\":\"https:\\\/\\\/www.sirmionehotel.com\\\/?s={search_term_string}\"},\"query-input\":{\"@type\":\"PropertyValueSpecification\",\"valueRequired\":true,\"valueName\":\"search_term_string\"}}],\"inLanguage\":\"de\"}]}<\/script>\n<!-- \/ Yoast SEO plugin. -->","yoast_head_json":{"title":"Wasserparks am Gardasee - Consorzio Albergatori Ristoratori Sirmione","robots":{"index":"index","follow":"follow","max-snippet":"max-snippet:-1","max-image-preview":"max-image-preview:large","max-video-preview":"max-video-preview:-1"},"canonical":"https:\/\/www.sirmionehotel.com\/de\/besuchen-sirmione\/die-umgebung-von-sirmione\/wasserparks-am-gardasee\/","twitter_misc":{"Gesch\u00e4tzte Lesezeit":"1\u00a0Minute"},"schema":{"@context":"https:\/\/schema.org","@graph":[{"@type":"WebPage","@id":"https:\/\/www.sirmionehotel.com\/de\/besuchen-sirmione\/die-umgebung-von-sirmione\/wasserparks-am-gardasee\/","url":"https:\/\/www.sirmionehotel.com\/de\/besuchen-sirmione\/die-umgebung-von-sirmione\/wasserparks-am-gardasee\/","name":"Wasserparks am Gardasee - Consorzio Albergatori Ristoratori Sirmione","isPartOf":{"@id":"https:\/\/www.sirmionehotel.com\/#website"},"primaryImageOfPage":{"@id":"https:\/\/www.sirmionehotel.com\/de\/besuchen-sirmione\/die-umgebung-von-sirmione\/wasserparks-am-gardasee\/#primaryimage"},"image":{"@id":"https:\/\/www.sirmionehotel.com\/de\/besuchen-sirmione\/die-umgebung-von-sirmione\/wasserparks-am-gardasee\/#primaryimage"},"thumbnailUrl":"https:\/\/www.sirmionehotel.com\/wp-content\/uploads\/2024\/04\/parchi-acquatici.jpg","datePublished":"2017-03-27T09:29:53+00:00","dateModified":"2023-12-19T13:45:19+00:00","breadcrumb":{"@id":"https:\/\/www.sirmionehotel.com\/de\/besuchen-sirmione\/die-umgebung-von-sirmione\/wasserparks-am-gardasee\/#breadcrumb"},"inLanguage":"de","potentialAction":[{"@type":"ReadAction","target":["https:\/\/www.sirmionehotel.com\/de\/besuchen-sirmione\/die-umgebung-von-sirmione\/wasserparks-am-gardasee\/"]}]},{"@type":"ImageObject","inLanguage":"de","@id":"https:\/\/www.sirmionehotel.com\/de\/besuchen-sirmione\/die-umgebung-von-sirmione\/wasserparks-am-gardasee\/#primaryimage","url":"https:\/\/www.sirmionehotel.com\/wp-content\/uploads\/2024\/04\/parchi-acquatici.jpg","contentUrl":"https:\/\/www.sirmionehotel.com\/wp-content\/uploads\/2024\/04\/parchi-acquatici.jpg","width":1280,"height":853,"caption":"parchi-acquatici"},{"@type":"BreadcrumbList","@id":"https:\/\/www.sirmionehotel.com\/de\/besuchen-sirmione\/die-umgebung-von-sirmione\/wasserparks-am-gardasee\/#breadcrumb","itemListElement":[{"@type":"ListItem","position":1,"name":"Home","item":"https:\/\/www.sirmionehotel.com\/de\/"},{"@type":"ListItem","position":2,"name":"Besuchen Sirmione","item":"https:\/\/www.sirmionehotel.com\/de\/besuchen-sirmione\/"},{"@type":"ListItem","position":3,"name":"Die Umgebung von Sirmione","item":"https:\/\/www.sirmionehotel.com\/de\/besuchen-sirmione\/die-umgebung-von-sirmione\/"},{"@type":"ListItem","position":4,"name":"Wasserparks am Gardasee"}]},{"@type":"WebSite","@id":"https:\/\/www.sirmionehotel.com\/#website","url":"https:\/\/www.sirmionehotel.com\/","name":"Consorzio Albergatori Ristoratori Sirmione","description":"","potentialAction":[{"@type":"SearchAction","target":{"@type":"EntryPoint","urlTemplate":"https:\/\/www.sirmionehotel.com\/?s={search_term_string}"},"query-input":{"@type":"PropertyValueSpecification","valueRequired":true,"valueName":"search_term_string"}}],"inLanguage":"de"}]}},"_links":{"self":[{"href":"https:\/\/www.sirmionehotel.com\/de\/wp-json\/wp\/v2\/pages\/15064","targetHints":{"allow":["GET"]}}],"collection":[{"href":"https:\/\/www.sirmionehotel.com\/de\/wp-json\/wp\/v2\/pages"}],"about":[{"href":"https:\/\/www.sirmionehotel.com\/de\/wp-json\/wp\/v2\/types\/page"}],"author":[{"embeddable":true,"href":"https:\/\/www.sirmionehotel.com\/de\/wp-json\/wp\/v2\/users\/1"}],"replies":[{"embeddable":true,"href":"https:\/\/www.sirmionehotel.com\/de\/wp-json\/wp\/v2\/comments?post=15064"}],"version-history":[{"count":0,"href":"https:\/\/www.sirmionehotel.com\/de\/wp-json\/wp\/v2\/pages\/15064\/revisions"}],"up":[{"embeddable":true,"href":"https:\/\/www.sirmionehotel.com\/de\/wp-json\/wp\/v2\/pages\/15042"}],"wp:featuredmedia":[{"embeddable":true,"href":"https:\/\/www.sirmionehotel.com\/de\/wp-json\/wp\/v2\/media\/18605"}],"wp:attachment":[{"href":"https:\/\/www.sirmionehotel.com\/de\/wp-json\/wp\/v2\/media?parent=15064"}],"curies":[{"name":"wp","href":"https:\/\/api.w.org\/{rel}","templated":true}]}}