{"id":15074,"date":"2017-03-27T09:27:08","date_gmt":"2017-03-27T09:27:08","guid":{"rendered":"https:\/\/www.sirmionehotel.com\/\/besuchen-sirmione\/die-umgebung-von-sirmione\/parco-gardaland\/"},"modified":"2023-12-19T13:45:29","modified_gmt":"2023-12-19T13:45:29","slug":"gardaland-park","status":"publish","type":"page","link":"https:\/\/www.sirmionehotel.com\/de\/besuchen-sirmione\/die-umgebung-von-sirmione\/gardaland-park\/","title":{"rendered":"Gardaland Park"},"content":{"rendered":"<div class=\"container\">\n<h4 class=\"wp-block-heading\">Gardaland Park liegt nur 15 Km von Sirmione entfernt<\/h4>\n<\/div>\n\n<div class=\"container\">\n<p>Es handelt sich um den gr\u00f6\u00dften und beliebtesten Vergn\u00fcgungspark Italiens, der jedes Jahr fast 3 Milionen Besucher heranzieht. Gardaland ist seit 30 Jahren in Betrieb und erstreckt sich auf ein 600.000 QM gro\u00dfes Areal. Es bietet zahlreiche Attraktionen unterschiedlicher Typologien: einige entwickeln bestimmte Themenbereiche, andere sind mechanische Meisterwerke, andere noch sind Wasserattraktionen. In den letzten Jahren hat der Park ins besondere in themenbezogene Attraktionen investiert. Das Ergebnis ist eine, auf die Sicht beeintr\u00e4chtigende Struktur , die auf europ\u00e4ischer Ebene hoch konkurrenzf\u00e4hig ist; Atlantis, Hawaii, der Osten , Far West, Afrika sind nur einige der entwickelten Themenbereiche im Park. Gardaland steht seit immer an der Spitze und ist der italienische Vergn\u00fcgungspark Nr. 1 , au\u00dferdem einer der wenigen in Europa der imposante<\/p>\n<\/div>\n\n<div class=\"container\">\n<p>Attraktionen und zus\u00e4tzliche unterirdische Strukturen errichtet hat, dies auch auf Grund der Umweltauflagen, die im Gardaseegebiet gelten und zu beachten sind.<\/p>\n<\/div>\n\n<div class=\"container\">\n<p>Weitere Informationen und Anmeldungen finden Sie online auf der offiziellen Website des Vergn\u00fcgungsparks Gardaland.<\/p>\n<\/div>","protected":false},"excerpt":{"rendered":"<p>Gardaland Park liegt nur 15 Km von Sirmione entfernt Es handelt sich [&hellip;]<\/p>\n","protected":false},"author":1,"featured_media":15075,"parent":15042,"menu_order":26,"comment_status":"open","ping_status":"closed","template":"template-page\/visit-sirmione.php","meta":{"_acf_changed":false,"footnotes":""},"class_list":["post-15074","page","type-page","status-publish","has-post-thumbnail","hentry"],"acf":[],"yoast_head":"<!-- This site is optimized with the Yoast SEO plugin v27.4 - https:\/\/yoast.com\/product\/yoast-seo-wordpress\/ -->\n<title>Gardaland Park - Consorzio Albergatori Ristoratori Sirmione<\/title>\n<meta name=\"robots\" content=\"index, follow, max-snippet:-1, max-image-preview:large, max-video-preview:-1\" \/>\n<link rel=\"canonical\" href=\"https:\/\/www.sirmionehotel.com\/de\/besuchen-sirmione\/die-umgebung-von-sirmione\/gardaland-park\/\" \/>\n<meta name=\"twitter:label1\" content=\"Gesch\u00e4tzte Lesezeit\" \/>\n\t<meta name=\"twitter:data1\" content=\"2\u00a0Minuten\" \/>\n<script type=\"application\/ld+json\" class=\"yoast-schema-graph\">{\"@context\":\"https:\\\/\\\/schema.org\",\"@graph\":[{\"@type\":\"WebPage\",\"@id\":\"https:\\\/\\\/www.sirmionehotel.com\\\/de\\\/besuchen-sirmione\\\/die-umgebung-von-sirmione\\\/gardaland-park\\\/\",\"url\":\"https:\\\/\\\/www.sirmionehotel.com\\\/de\\\/besuchen-sirmione\\\/die-umgebung-von-sirmione\\\/gardaland-park\\\/\",\"name\":\"Gardaland Park - Consorzio Albergatori Ristoratori Sirmione\",\"isPartOf\":{\"@id\":\"https:\\\/\\\/www.sirmionehotel.com\\\/#website\"},\"primaryImageOfPage\":{\"@id\":\"https:\\\/\\\/www.sirmionehotel.com\\\/de\\\/besuchen-sirmione\\\/die-umgebung-von-sirmione\\\/gardaland-park\\\/#primaryimage\"},\"image\":{\"@id\":\"https:\\\/\\\/www.sirmionehotel.com\\\/de\\\/besuchen-sirmione\\\/die-umgebung-von-sirmione\\\/gardaland-park\\\/#primaryimage\"},\"thumbnailUrl\":\"https:\\\/\\\/www.sirmionehotel.com\\\/wp-content\\\/uploads\\\/2015\\\/02\\\/parco-gardaland.jpg\",\"datePublished\":\"2017-03-27T09:27:08+00:00\",\"dateModified\":\"2023-12-19T13:45:29+00:00\",\"breadcrumb\":{\"@id\":\"https:\\\/\\\/www.sirmionehotel.com\\\/de\\\/besuchen-sirmione\\\/die-umgebung-von-sirmione\\\/gardaland-park\\\/#breadcrumb\"},\"inLanguage\":\"de\",\"potentialAction\":[{\"@type\":\"ReadAction\",\"target\":[\"https:\\\/\\\/www.sirmionehotel.com\\\/de\\\/besuchen-sirmione\\\/die-umgebung-von-sirmione\\\/gardaland-park\\\/\"]}]},{\"@type\":\"ImageObject\",\"inLanguage\":\"de\",\"@id\":\"https:\\\/\\\/www.sirmionehotel.com\\\/de\\\/besuchen-sirmione\\\/die-umgebung-von-sirmione\\\/gardaland-park\\\/#primaryimage\",\"url\":\"https:\\\/\\\/www.sirmionehotel.com\\\/wp-content\\\/uploads\\\/2015\\\/02\\\/parco-gardaland.jpg\",\"contentUrl\":\"https:\\\/\\\/www.sirmionehotel.com\\\/wp-content\\\/uploads\\\/2015\\\/02\\\/parco-gardaland.jpg\",\"width\":780,\"height\":520,\"caption\":\"Parco Gardaland\"},{\"@type\":\"BreadcrumbList\",\"@id\":\"https:\\\/\\\/www.sirmionehotel.com\\\/de\\\/besuchen-sirmione\\\/die-umgebung-von-sirmione\\\/gardaland-park\\\/#breadcrumb\",\"itemListElement\":[{\"@type\":\"ListItem\",\"position\":1,\"name\":\"Home\",\"item\":\"https:\\\/\\\/www.sirmionehotel.com\\\/de\\\/\"},{\"@type\":\"ListItem\",\"position\":2,\"name\":\"Besuchen Sirmione\",\"item\":\"https:\\\/\\\/www.sirmionehotel.com\\\/de\\\/besuchen-sirmione\\\/\"},{\"@type\":\"ListItem\",\"position\":3,\"name\":\"Die Umgebung von Sirmione\",\"item\":\"https:\\\/\\\/www.sirmionehotel.com\\\/de\\\/besuchen-sirmione\\\/die-umgebung-von-sirmione\\\/\"},{\"@type\":\"ListItem\",\"position\":4,\"name\":\"Gardaland Park\"}]},{\"@type\":\"WebSite\",\"@id\":\"https:\\\/\\\/www.sirmionehotel.com\\\/#website\",\"url\":\"https:\\\/\\\/www.sirmionehotel.com\\\/\",\"name\":\"Consorzio Albergatori Ristoratori Sirmione\",\"description\":\"\",\"potentialAction\":[{\"@type\":\"SearchAction\",\"target\":{\"@type\":\"EntryPoint\",\"urlTemplate\":\"https:\\\/\\\/www.sirmionehotel.com\\\/?s={search_term_string}\"},\"query-input\":{\"@type\":\"PropertyValueSpecification\",\"valueRequired\":true,\"valueName\":\"search_term_string\"}}],\"inLanguage\":\"de\"}]}<\/script>\n<!-- \/ Yoast SEO plugin. -->","yoast_head_json":{"title":"Gardaland Park - Consorzio Albergatori Ristoratori Sirmione","robots":{"index":"index","follow":"follow","max-snippet":"max-snippet:-1","max-image-preview":"max-image-preview:large","max-video-preview":"max-video-preview:-1"},"canonical":"https:\/\/www.sirmionehotel.com\/de\/besuchen-sirmione\/die-umgebung-von-sirmione\/gardaland-park\/","twitter_misc":{"Gesch\u00e4tzte Lesezeit":"2\u00a0Minuten"},"schema":{"@context":"https:\/\/schema.org","@graph":[{"@type":"WebPage","@id":"https:\/\/www.sirmionehotel.com\/de\/besuchen-sirmione\/die-umgebung-von-sirmione\/gardaland-park\/","url":"https:\/\/www.sirmionehotel.com\/de\/besuchen-sirmione\/die-umgebung-von-sirmione\/gardaland-park\/","name":"Gardaland Park - Consorzio Albergatori Ristoratori Sirmione","isPartOf":{"@id":"https:\/\/www.sirmionehotel.com\/#website"},"primaryImageOfPage":{"@id":"https:\/\/www.sirmionehotel.com\/de\/besuchen-sirmione\/die-umgebung-von-sirmione\/gardaland-park\/#primaryimage"},"image":{"@id":"https:\/\/www.sirmionehotel.com\/de\/besuchen-sirmione\/die-umgebung-von-sirmione\/gardaland-park\/#primaryimage"},"thumbnailUrl":"https:\/\/www.sirmionehotel.com\/wp-content\/uploads\/2015\/02\/parco-gardaland.jpg","datePublished":"2017-03-27T09:27:08+00:00","dateModified":"2023-12-19T13:45:29+00:00","breadcrumb":{"@id":"https:\/\/www.sirmionehotel.com\/de\/besuchen-sirmione\/die-umgebung-von-sirmione\/gardaland-park\/#breadcrumb"},"inLanguage":"de","potentialAction":[{"@type":"ReadAction","target":["https:\/\/www.sirmionehotel.com\/de\/besuchen-sirmione\/die-umgebung-von-sirmione\/gardaland-park\/"]}]},{"@type":"ImageObject","inLanguage":"de","@id":"https:\/\/www.sirmionehotel.com\/de\/besuchen-sirmione\/die-umgebung-von-sirmione\/gardaland-park\/#primaryimage","url":"https:\/\/www.sirmionehotel.com\/wp-content\/uploads\/2015\/02\/parco-gardaland.jpg","contentUrl":"https:\/\/www.sirmionehotel.com\/wp-content\/uploads\/2015\/02\/parco-gardaland.jpg","width":780,"height":520,"caption":"Parco Gardaland"},{"@type":"BreadcrumbList","@id":"https:\/\/www.sirmionehotel.com\/de\/besuchen-sirmione\/die-umgebung-von-sirmione\/gardaland-park\/#breadcrumb","itemListElement":[{"@type":"ListItem","position":1,"name":"Home","item":"https:\/\/www.sirmionehotel.com\/de\/"},{"@type":"ListItem","position":2,"name":"Besuchen Sirmione","item":"https:\/\/www.sirmionehotel.com\/de\/besuchen-sirmione\/"},{"@type":"ListItem","position":3,"name":"Die Umgebung von Sirmione","item":"https:\/\/www.sirmionehotel.com\/de\/besuchen-sirmione\/die-umgebung-von-sirmione\/"},{"@type":"ListItem","position":4,"name":"Gardaland Park"}]},{"@type":"WebSite","@id":"https:\/\/www.sirmionehotel.com\/#website","url":"https:\/\/www.sirmionehotel.com\/","name":"Consorzio Albergatori Ristoratori Sirmione","description":"","potentialAction":[{"@type":"SearchAction","target":{"@type":"EntryPoint","urlTemplate":"https:\/\/www.sirmionehotel.com\/?s={search_term_string}"},"query-input":{"@type":"PropertyValueSpecification","valueRequired":true,"valueName":"search_term_string"}}],"inLanguage":"de"}]}},"_links":{"self":[{"href":"https:\/\/www.sirmionehotel.com\/de\/wp-json\/wp\/v2\/pages\/15074","targetHints":{"allow":["GET"]}}],"collection":[{"href":"https:\/\/www.sirmionehotel.com\/de\/wp-json\/wp\/v2\/pages"}],"about":[{"href":"https:\/\/www.sirmionehotel.com\/de\/wp-json\/wp\/v2\/types\/page"}],"author":[{"embeddable":true,"href":"https:\/\/www.sirmionehotel.com\/de\/wp-json\/wp\/v2\/users\/1"}],"replies":[{"embeddable":true,"href":"https:\/\/www.sirmionehotel.com\/de\/wp-json\/wp\/v2\/comments?post=15074"}],"version-history":[{"count":0,"href":"https:\/\/www.sirmionehotel.com\/de\/wp-json\/wp\/v2\/pages\/15074\/revisions"}],"up":[{"embeddable":true,"href":"https:\/\/www.sirmionehotel.com\/de\/wp-json\/wp\/v2\/pages\/15042"}],"wp:featuredmedia":[{"embeddable":true,"href":"https:\/\/www.sirmionehotel.com\/de\/wp-json\/wp\/v2\/media\/15075"}],"wp:attachment":[{"href":"https:\/\/www.sirmionehotel.com\/de\/wp-json\/wp\/v2\/media?parent=15074"}],"curies":[{"name":"wp","href":"https:\/\/api.w.org\/{rel}","templated":true}]}}