{"id":15083,"date":"2017-03-27T09:24:53","date_gmt":"2017-03-27T09:24:53","guid":{"rendered":"https:\/\/www.sirmionehotel.com\/\/besuchen-sirmione\/die-umgebung-von-sirmione\/parco-movie-studios\/"},"modified":"2023-12-19T13:45:39","modified_gmt":"2023-12-19T13:45:39","slug":"movie-studios-park","status":"publish","type":"page","link":"https:\/\/www.sirmionehotel.com\/de\/besuchen-sirmione\/die-umgebung-von-sirmione\/movie-studios-park\/","title":{"rendered":"Movie Studios Park"},"content":{"rendered":"<div class=\"container\">\n<h4 class=\"wp-block-heading\">Movie Studios ist der einzige Vergn\u00fcgungspark in Italien zum Thema Filmtechnik.<\/h4>\n<\/div>\n\n<div class=\"container\">\n<p>Es handelt sich um einen gro\u00dfen Themenpark, wo alles im Zeichen von Hollywood und Action Filmen steht. Er liegt s\u00fcdlich von Lazise, neben dem ber\u00fchmten Wasserpark Caneva World. Die 150.000 QM gro\u00dfe Anlage ist in 5 Themenbereiche aufgeteilt: Adventure, Musical, Cartoon, Action und Thriller. Der Park z\u00e4hlt mehr als 20 Attraktionen und verf\u00fcgt \u00fcber weitere 15 Einrichtungen wie Restaurants, Caf\u00e9s, und Gesch\u00e4fte.<\/p>\n<\/div>\n\n<div class=\"container\">\n<p>Im Laufe des Tages werden zahlreiche live-Vorf\u00fchrungen und Shows&nbsp; zu den Filmen geboten, in denen alle, Erwachsene und Kinder, zum Mitmachen aufgefordert werden. Es werden auch Labore organisiert, in denen die Besucher pers\u00f6nlich an ber\u00fchmten Filmszenen teilnehmen k\u00f6nnen, w\u00e4hrend Filmhelden und Charakters zur Verf\u00fcgung stehen und spa\u00dfhafte Bilder machen, die Sie dann zum Andenken autographieren.<\/p>\n<\/div>","protected":false},"excerpt":{"rendered":"<p>Movie Studios ist der einzige Vergn\u00fcgungspark in Italien zum Thema Filmtechnik. Es [&hellip;]<\/p>\n","protected":false},"author":1,"featured_media":18600,"parent":15042,"menu_order":39,"comment_status":"open","ping_status":"closed","template":"template-page\/visit-sirmione.php","meta":{"_acf_changed":false,"footnotes":""},"class_list":["post-15083","page","type-page","status-publish","has-post-thumbnail","hentry"],"acf":[],"yoast_head":"<!-- This site is optimized with the Yoast SEO plugin v27.4 - https:\/\/yoast.com\/product\/yoast-seo-wordpress\/ -->\n<title>Movie Studios Park - Consorzio Albergatori Ristoratori Sirmione<\/title>\n<meta name=\"robots\" content=\"index, follow, max-snippet:-1, max-image-preview:large, max-video-preview:-1\" \/>\n<link rel=\"canonical\" href=\"https:\/\/www.sirmionehotel.com\/de\/besuchen-sirmione\/die-umgebung-von-sirmione\/movie-studios-park\/\" \/>\n<meta name=\"twitter:label1\" content=\"Gesch\u00e4tzte Lesezeit\" \/>\n\t<meta name=\"twitter:data1\" content=\"1\u00a0Minute\" \/>\n<script type=\"application\/ld+json\" class=\"yoast-schema-graph\">{\"@context\":\"https:\\\/\\\/schema.org\",\"@graph\":[{\"@type\":\"WebPage\",\"@id\":\"https:\\\/\\\/www.sirmionehotel.com\\\/de\\\/besuchen-sirmione\\\/die-umgebung-von-sirmione\\\/movie-studios-park\\\/\",\"url\":\"https:\\\/\\\/www.sirmionehotel.com\\\/de\\\/besuchen-sirmione\\\/die-umgebung-von-sirmione\\\/movie-studios-park\\\/\",\"name\":\"Movie Studios Park - Consorzio Albergatori Ristoratori Sirmione\",\"isPartOf\":{\"@id\":\"https:\\\/\\\/www.sirmionehotel.com\\\/#website\"},\"primaryImageOfPage\":{\"@id\":\"https:\\\/\\\/www.sirmionehotel.com\\\/de\\\/besuchen-sirmione\\\/die-umgebung-von-sirmione\\\/movie-studios-park\\\/#primaryimage\"},\"image\":{\"@id\":\"https:\\\/\\\/www.sirmionehotel.com\\\/de\\\/besuchen-sirmione\\\/die-umgebung-von-sirmione\\\/movie-studios-park\\\/#primaryimage\"},\"thumbnailUrl\":\"https:\\\/\\\/www.sirmionehotel.com\\\/wp-content\\\/uploads\\\/2024\\\/04\\\/parco-movie-studio.jpg\",\"datePublished\":\"2017-03-27T09:24:53+00:00\",\"dateModified\":\"2023-12-19T13:45:39+00:00\",\"breadcrumb\":{\"@id\":\"https:\\\/\\\/www.sirmionehotel.com\\\/de\\\/besuchen-sirmione\\\/die-umgebung-von-sirmione\\\/movie-studios-park\\\/#breadcrumb\"},\"inLanguage\":\"de\",\"potentialAction\":[{\"@type\":\"ReadAction\",\"target\":[\"https:\\\/\\\/www.sirmionehotel.com\\\/de\\\/besuchen-sirmione\\\/die-umgebung-von-sirmione\\\/movie-studios-park\\\/\"]}]},{\"@type\":\"ImageObject\",\"inLanguage\":\"de\",\"@id\":\"https:\\\/\\\/www.sirmionehotel.com\\\/de\\\/besuchen-sirmione\\\/die-umgebung-von-sirmione\\\/movie-studios-park\\\/#primaryimage\",\"url\":\"https:\\\/\\\/www.sirmionehotel.com\\\/wp-content\\\/uploads\\\/2024\\\/04\\\/parco-movie-studio.jpg\",\"contentUrl\":\"https:\\\/\\\/www.sirmionehotel.com\\\/wp-content\\\/uploads\\\/2024\\\/04\\\/parco-movie-studio.jpg\",\"width\":1280,\"height\":853,\"caption\":\"parco movie studio\"},{\"@type\":\"BreadcrumbList\",\"@id\":\"https:\\\/\\\/www.sirmionehotel.com\\\/de\\\/besuchen-sirmione\\\/die-umgebung-von-sirmione\\\/movie-studios-park\\\/#breadcrumb\",\"itemListElement\":[{\"@type\":\"ListItem\",\"position\":1,\"name\":\"Home\",\"item\":\"https:\\\/\\\/www.sirmionehotel.com\\\/de\\\/\"},{\"@type\":\"ListItem\",\"position\":2,\"name\":\"Besuchen Sirmione\",\"item\":\"https:\\\/\\\/www.sirmionehotel.com\\\/de\\\/besuchen-sirmione\\\/\"},{\"@type\":\"ListItem\",\"position\":3,\"name\":\"Die Umgebung von Sirmione\",\"item\":\"https:\\\/\\\/www.sirmionehotel.com\\\/de\\\/besuchen-sirmione\\\/die-umgebung-von-sirmione\\\/\"},{\"@type\":\"ListItem\",\"position\":4,\"name\":\"Movie Studios Park\"}]},{\"@type\":\"WebSite\",\"@id\":\"https:\\\/\\\/www.sirmionehotel.com\\\/#website\",\"url\":\"https:\\\/\\\/www.sirmionehotel.com\\\/\",\"name\":\"Consorzio Albergatori Ristoratori Sirmione\",\"description\":\"\",\"potentialAction\":[{\"@type\":\"SearchAction\",\"target\":{\"@type\":\"EntryPoint\",\"urlTemplate\":\"https:\\\/\\\/www.sirmionehotel.com\\\/?s={search_term_string}\"},\"query-input\":{\"@type\":\"PropertyValueSpecification\",\"valueRequired\":true,\"valueName\":\"search_term_string\"}}],\"inLanguage\":\"de\"}]}<\/script>\n<!-- \/ Yoast SEO plugin. -->","yoast_head_json":{"title":"Movie Studios Park - Consorzio Albergatori Ristoratori Sirmione","robots":{"index":"index","follow":"follow","max-snippet":"max-snippet:-1","max-image-preview":"max-image-preview:large","max-video-preview":"max-video-preview:-1"},"canonical":"https:\/\/www.sirmionehotel.com\/de\/besuchen-sirmione\/die-umgebung-von-sirmione\/movie-studios-park\/","twitter_misc":{"Gesch\u00e4tzte Lesezeit":"1\u00a0Minute"},"schema":{"@context":"https:\/\/schema.org","@graph":[{"@type":"WebPage","@id":"https:\/\/www.sirmionehotel.com\/de\/besuchen-sirmione\/die-umgebung-von-sirmione\/movie-studios-park\/","url":"https:\/\/www.sirmionehotel.com\/de\/besuchen-sirmione\/die-umgebung-von-sirmione\/movie-studios-park\/","name":"Movie Studios Park - Consorzio Albergatori Ristoratori Sirmione","isPartOf":{"@id":"https:\/\/www.sirmionehotel.com\/#website"},"primaryImageOfPage":{"@id":"https:\/\/www.sirmionehotel.com\/de\/besuchen-sirmione\/die-umgebung-von-sirmione\/movie-studios-park\/#primaryimage"},"image":{"@id":"https:\/\/www.sirmionehotel.com\/de\/besuchen-sirmione\/die-umgebung-von-sirmione\/movie-studios-park\/#primaryimage"},"thumbnailUrl":"https:\/\/www.sirmionehotel.com\/wp-content\/uploads\/2024\/04\/parco-movie-studio.jpg","datePublished":"2017-03-27T09:24:53+00:00","dateModified":"2023-12-19T13:45:39+00:00","breadcrumb":{"@id":"https:\/\/www.sirmionehotel.com\/de\/besuchen-sirmione\/die-umgebung-von-sirmione\/movie-studios-park\/#breadcrumb"},"inLanguage":"de","potentialAction":[{"@type":"ReadAction","target":["https:\/\/www.sirmionehotel.com\/de\/besuchen-sirmione\/die-umgebung-von-sirmione\/movie-studios-park\/"]}]},{"@type":"ImageObject","inLanguage":"de","@id":"https:\/\/www.sirmionehotel.com\/de\/besuchen-sirmione\/die-umgebung-von-sirmione\/movie-studios-park\/#primaryimage","url":"https:\/\/www.sirmionehotel.com\/wp-content\/uploads\/2024\/04\/parco-movie-studio.jpg","contentUrl":"https:\/\/www.sirmionehotel.com\/wp-content\/uploads\/2024\/04\/parco-movie-studio.jpg","width":1280,"height":853,"caption":"parco movie studio"},{"@type":"BreadcrumbList","@id":"https:\/\/www.sirmionehotel.com\/de\/besuchen-sirmione\/die-umgebung-von-sirmione\/movie-studios-park\/#breadcrumb","itemListElement":[{"@type":"ListItem","position":1,"name":"Home","item":"https:\/\/www.sirmionehotel.com\/de\/"},{"@type":"ListItem","position":2,"name":"Besuchen Sirmione","item":"https:\/\/www.sirmionehotel.com\/de\/besuchen-sirmione\/"},{"@type":"ListItem","position":3,"name":"Die Umgebung von Sirmione","item":"https:\/\/www.sirmionehotel.com\/de\/besuchen-sirmione\/die-umgebung-von-sirmione\/"},{"@type":"ListItem","position":4,"name":"Movie Studios Park"}]},{"@type":"WebSite","@id":"https:\/\/www.sirmionehotel.com\/#website","url":"https:\/\/www.sirmionehotel.com\/","name":"Consorzio Albergatori Ristoratori Sirmione","description":"","potentialAction":[{"@type":"SearchAction","target":{"@type":"EntryPoint","urlTemplate":"https:\/\/www.sirmionehotel.com\/?s={search_term_string}"},"query-input":{"@type":"PropertyValueSpecification","valueRequired":true,"valueName":"search_term_string"}}],"inLanguage":"de"}]}},"_links":{"self":[{"href":"https:\/\/www.sirmionehotel.com\/de\/wp-json\/wp\/v2\/pages\/15083","targetHints":{"allow":["GET"]}}],"collection":[{"href":"https:\/\/www.sirmionehotel.com\/de\/wp-json\/wp\/v2\/pages"}],"about":[{"href":"https:\/\/www.sirmionehotel.com\/de\/wp-json\/wp\/v2\/types\/page"}],"author":[{"embeddable":true,"href":"https:\/\/www.sirmionehotel.com\/de\/wp-json\/wp\/v2\/users\/1"}],"replies":[{"embeddable":true,"href":"https:\/\/www.sirmionehotel.com\/de\/wp-json\/wp\/v2\/comments?post=15083"}],"version-history":[{"count":0,"href":"https:\/\/www.sirmionehotel.com\/de\/wp-json\/wp\/v2\/pages\/15083\/revisions"}],"up":[{"embeddable":true,"href":"https:\/\/www.sirmionehotel.com\/de\/wp-json\/wp\/v2\/pages\/15042"}],"wp:featuredmedia":[{"embeddable":true,"href":"https:\/\/www.sirmionehotel.com\/de\/wp-json\/wp\/v2\/media\/18600"}],"wp:attachment":[{"href":"https:\/\/www.sirmionehotel.com\/de\/wp-json\/wp\/v2\/media?parent=15083"}],"curies":[{"name":"wp","href":"https:\/\/api.w.org\/{rel}","templated":true}]}}