{"id":15124,"date":"2017-03-24T14:14:18","date_gmt":"2017-03-24T14:14:18","guid":{"rendered":"https:\/\/www.sirmionehotel.com\/\/besuchen-sirmione\/oenogastronomie-sirmione-gardasee\/piatti-tipici-di-sirmione\/"},"modified":"2023-12-19T14:22:59","modified_gmt":"2023-12-19T14:22:59","slug":"typische-gerichte-von-sirmione","status":"publish","type":"page","link":"https:\/\/www.sirmionehotel.com\/de\/besuchen-sirmione\/oenogastronomie-sirmione-gardasee\/typische-gerichte-von-sirmione\/","title":{"rendered":"Typische Gerichte von Sirmione"},"content":{"rendered":"<div class=\"container\">\n<h2 class=\"wp-block-heading\">Typische Gerichte von Sirmione, die einheimische K\u00fcche des Gardasees<\/h2>\n<\/div>\n\n<div class=\"container\">\n<p>Das wertvollste Verm\u00f6gen des Gardasees ist bestimmt sein Fisch, ein Produkt worauf die gesamte Gardaseek\u00fcche beruht. Im Gardasee leben etwa 40 verschiedene Fischarten: die meisten sind authokton, andere stammen von naheliegenden Gew\u00e4ssern und andere noch sind zu Wiederbev\u00f6lkerungszwecke k\u00fcnstlich eingesetzt worden. Die wertvollste typischste Fischart, die nur im Gardasee ein geeignetes Habitat gefunden hat, ist der <strong>Carpione<\/strong>, die Gardaseeforelle von der Familie der Lachse, der immer seltener gefischt wird. Andere Fische sind z.B die <strong>Wei\u00dffisch<\/strong>, die <strong>Seeforelle<\/strong>, der <strong>Felchen<\/strong>, der <strong>Hecht<\/strong>. Wir empfehlen Ihnen die \u00e0ole sal\u00e8: das sind Wei\u00dffische (und zwar kleine Fische aus dem See), die eingek\u00f6pelt, dann gegrillt und mit reichlichem Oliven\u00f6l extravergine gegossenen werden. Weitere typische Gerichte von Sirmione sind\u00a0 Tagliatelle (Bandnudeln) mit Forellen und Spargeln,\u00a0 Risotto con la tinca (Schleie), Bigoli (dicke Spaghetti ) mit Sardinen, Pasta (Nudeln) mit Flu\u00dfbarsch, Carpaccio di trota (rohe, ganz d\u00fcnn geschnittene Scheiben Forelle), die, mit Oliven\u00f6l Extravergine vorbereitete Cassata vom Gardasee (eine\u00a0 s\u00fc\u00dfe Schichttorte) und weitere zahlreiche k\u00f6stliche Gerichte von Sirmione, die Sie in den vielen <strong>SIRMIONE RESTAURANTS UND TRATTORIE<\/strong> kosten k\u00f6nnen.<\/p>\n<\/div>","protected":false},"excerpt":{"rendered":"<p>Typische Gerichte von Sirmione, die einheimische K\u00fcche des Gardasees Das wertvollste Verm\u00f6gen [&hellip;]<\/p>\n","protected":false},"author":1,"featured_media":15125,"parent":15053,"menu_order":67,"comment_status":"open","ping_status":"closed","template":"template-page\/visit-sirmione.php","meta":{"_acf_changed":false,"footnotes":""},"class_list":["post-15124","page","type-page","status-publish","has-post-thumbnail","hentry"],"acf":[],"yoast_head":"<!-- This site is optimized with the Yoast SEO plugin v27.4 - https:\/\/yoast.com\/product\/yoast-seo-wordpress\/ -->\n<title>Typische Gerichte von Sirmione - Consorzio Albergatori Ristoratori Sirmione<\/title>\n<meta name=\"robots\" content=\"index, follow, max-snippet:-1, max-image-preview:large, max-video-preview:-1\" \/>\n<link rel=\"canonical\" href=\"https:\/\/www.sirmionehotel.com\/de\/besuchen-sirmione\/oenogastronomie-sirmione-gardasee\/typische-gerichte-von-sirmione\/\" \/>\n<meta name=\"twitter:label1\" content=\"Gesch\u00e4tzte Lesezeit\" \/>\n\t<meta name=\"twitter:data1\" content=\"2\u00a0Minuten\" \/>\n<script type=\"application\/ld+json\" class=\"yoast-schema-graph\">{\"@context\":\"https:\\\/\\\/schema.org\",\"@graph\":[{\"@type\":\"WebPage\",\"@id\":\"https:\\\/\\\/www.sirmionehotel.com\\\/de\\\/besuchen-sirmione\\\/oenogastronomie-sirmione-gardasee\\\/typische-gerichte-von-sirmione\\\/\",\"url\":\"https:\\\/\\\/www.sirmionehotel.com\\\/de\\\/besuchen-sirmione\\\/oenogastronomie-sirmione-gardasee\\\/typische-gerichte-von-sirmione\\\/\",\"name\":\"Typische Gerichte von Sirmione - Consorzio Albergatori Ristoratori Sirmione\",\"isPartOf\":{\"@id\":\"https:\\\/\\\/www.sirmionehotel.com\\\/#website\"},\"primaryImageOfPage\":{\"@id\":\"https:\\\/\\\/www.sirmionehotel.com\\\/de\\\/besuchen-sirmione\\\/oenogastronomie-sirmione-gardasee\\\/typische-gerichte-von-sirmione\\\/#primaryimage\"},\"image\":{\"@id\":\"https:\\\/\\\/www.sirmionehotel.com\\\/de\\\/besuchen-sirmione\\\/oenogastronomie-sirmione-gardasee\\\/typische-gerichte-von-sirmione\\\/#primaryimage\"},\"thumbnailUrl\":\"https:\\\/\\\/www.sirmionehotel.com\\\/wp-content\\\/uploads\\\/2015\\\/02\\\/piatti-tipici-sirmione-0.jpg\",\"datePublished\":\"2017-03-24T14:14:18+00:00\",\"dateModified\":\"2023-12-19T14:22:59+00:00\",\"breadcrumb\":{\"@id\":\"https:\\\/\\\/www.sirmionehotel.com\\\/de\\\/besuchen-sirmione\\\/oenogastronomie-sirmione-gardasee\\\/typische-gerichte-von-sirmione\\\/#breadcrumb\"},\"inLanguage\":\"de\",\"potentialAction\":[{\"@type\":\"ReadAction\",\"target\":[\"https:\\\/\\\/www.sirmionehotel.com\\\/de\\\/besuchen-sirmione\\\/oenogastronomie-sirmione-gardasee\\\/typische-gerichte-von-sirmione\\\/\"]}]},{\"@type\":\"ImageObject\",\"inLanguage\":\"de\",\"@id\":\"https:\\\/\\\/www.sirmionehotel.com\\\/de\\\/besuchen-sirmione\\\/oenogastronomie-sirmione-gardasee\\\/typische-gerichte-von-sirmione\\\/#primaryimage\",\"url\":\"https:\\\/\\\/www.sirmionehotel.com\\\/wp-content\\\/uploads\\\/2015\\\/02\\\/piatti-tipici-sirmione-0.jpg\",\"contentUrl\":\"https:\\\/\\\/www.sirmionehotel.com\\\/wp-content\\\/uploads\\\/2015\\\/02\\\/piatti-tipici-sirmione-0.jpg\",\"width\":850,\"height\":513,\"caption\":\"Aole fritte\"},{\"@type\":\"BreadcrumbList\",\"@id\":\"https:\\\/\\\/www.sirmionehotel.com\\\/de\\\/besuchen-sirmione\\\/oenogastronomie-sirmione-gardasee\\\/typische-gerichte-von-sirmione\\\/#breadcrumb\",\"itemListElement\":[{\"@type\":\"ListItem\",\"position\":1,\"name\":\"Home\",\"item\":\"https:\\\/\\\/www.sirmionehotel.com\\\/de\\\/\"},{\"@type\":\"ListItem\",\"position\":2,\"name\":\"Besuchen Sirmione\",\"item\":\"https:\\\/\\\/www.sirmionehotel.com\\\/de\\\/besuchen-sirmione\\\/\"},{\"@type\":\"ListItem\",\"position\":3,\"name\":\"\u00d6nogastronomie Sirmione\",\"item\":\"https:\\\/\\\/www.sirmionehotel.com\\\/de\\\/besuchen-sirmione\\\/oenogastronomie-sirmione-gardasee\\\/\"},{\"@type\":\"ListItem\",\"position\":4,\"name\":\"Typische Gerichte von Sirmione\"}]},{\"@type\":\"WebSite\",\"@id\":\"https:\\\/\\\/www.sirmionehotel.com\\\/#website\",\"url\":\"https:\\\/\\\/www.sirmionehotel.com\\\/\",\"name\":\"Consorzio Albergatori Ristoratori Sirmione\",\"description\":\"\",\"potentialAction\":[{\"@type\":\"SearchAction\",\"target\":{\"@type\":\"EntryPoint\",\"urlTemplate\":\"https:\\\/\\\/www.sirmionehotel.com\\\/?s={search_term_string}\"},\"query-input\":{\"@type\":\"PropertyValueSpecification\",\"valueRequired\":true,\"valueName\":\"search_term_string\"}}],\"inLanguage\":\"de\"}]}<\/script>\n<!-- \/ Yoast SEO plugin. -->","yoast_head_json":{"title":"Typische Gerichte von Sirmione - Consorzio Albergatori Ristoratori Sirmione","robots":{"index":"index","follow":"follow","max-snippet":"max-snippet:-1","max-image-preview":"max-image-preview:large","max-video-preview":"max-video-preview:-1"},"canonical":"https:\/\/www.sirmionehotel.com\/de\/besuchen-sirmione\/oenogastronomie-sirmione-gardasee\/typische-gerichte-von-sirmione\/","twitter_misc":{"Gesch\u00e4tzte Lesezeit":"2\u00a0Minuten"},"schema":{"@context":"https:\/\/schema.org","@graph":[{"@type":"WebPage","@id":"https:\/\/www.sirmionehotel.com\/de\/besuchen-sirmione\/oenogastronomie-sirmione-gardasee\/typische-gerichte-von-sirmione\/","url":"https:\/\/www.sirmionehotel.com\/de\/besuchen-sirmione\/oenogastronomie-sirmione-gardasee\/typische-gerichte-von-sirmione\/","name":"Typische Gerichte von Sirmione - Consorzio Albergatori Ristoratori Sirmione","isPartOf":{"@id":"https:\/\/www.sirmionehotel.com\/#website"},"primaryImageOfPage":{"@id":"https:\/\/www.sirmionehotel.com\/de\/besuchen-sirmione\/oenogastronomie-sirmione-gardasee\/typische-gerichte-von-sirmione\/#primaryimage"},"image":{"@id":"https:\/\/www.sirmionehotel.com\/de\/besuchen-sirmione\/oenogastronomie-sirmione-gardasee\/typische-gerichte-von-sirmione\/#primaryimage"},"thumbnailUrl":"https:\/\/www.sirmionehotel.com\/wp-content\/uploads\/2015\/02\/piatti-tipici-sirmione-0.jpg","datePublished":"2017-03-24T14:14:18+00:00","dateModified":"2023-12-19T14:22:59+00:00","breadcrumb":{"@id":"https:\/\/www.sirmionehotel.com\/de\/besuchen-sirmione\/oenogastronomie-sirmione-gardasee\/typische-gerichte-von-sirmione\/#breadcrumb"},"inLanguage":"de","potentialAction":[{"@type":"ReadAction","target":["https:\/\/www.sirmionehotel.com\/de\/besuchen-sirmione\/oenogastronomie-sirmione-gardasee\/typische-gerichte-von-sirmione\/"]}]},{"@type":"ImageObject","inLanguage":"de","@id":"https:\/\/www.sirmionehotel.com\/de\/besuchen-sirmione\/oenogastronomie-sirmione-gardasee\/typische-gerichte-von-sirmione\/#primaryimage","url":"https:\/\/www.sirmionehotel.com\/wp-content\/uploads\/2015\/02\/piatti-tipici-sirmione-0.jpg","contentUrl":"https:\/\/www.sirmionehotel.com\/wp-content\/uploads\/2015\/02\/piatti-tipici-sirmione-0.jpg","width":850,"height":513,"caption":"Aole fritte"},{"@type":"BreadcrumbList","@id":"https:\/\/www.sirmionehotel.com\/de\/besuchen-sirmione\/oenogastronomie-sirmione-gardasee\/typische-gerichte-von-sirmione\/#breadcrumb","itemListElement":[{"@type":"ListItem","position":1,"name":"Home","item":"https:\/\/www.sirmionehotel.com\/de\/"},{"@type":"ListItem","position":2,"name":"Besuchen Sirmione","item":"https:\/\/www.sirmionehotel.com\/de\/besuchen-sirmione\/"},{"@type":"ListItem","position":3,"name":"\u00d6nogastronomie Sirmione","item":"https:\/\/www.sirmionehotel.com\/de\/besuchen-sirmione\/oenogastronomie-sirmione-gardasee\/"},{"@type":"ListItem","position":4,"name":"Typische Gerichte von Sirmione"}]},{"@type":"WebSite","@id":"https:\/\/www.sirmionehotel.com\/#website","url":"https:\/\/www.sirmionehotel.com\/","name":"Consorzio Albergatori Ristoratori Sirmione","description":"","potentialAction":[{"@type":"SearchAction","target":{"@type":"EntryPoint","urlTemplate":"https:\/\/www.sirmionehotel.com\/?s={search_term_string}"},"query-input":{"@type":"PropertyValueSpecification","valueRequired":true,"valueName":"search_term_string"}}],"inLanguage":"de"}]}},"_links":{"self":[{"href":"https:\/\/www.sirmionehotel.com\/de\/wp-json\/wp\/v2\/pages\/15124","targetHints":{"allow":["GET"]}}],"collection":[{"href":"https:\/\/www.sirmionehotel.com\/de\/wp-json\/wp\/v2\/pages"}],"about":[{"href":"https:\/\/www.sirmionehotel.com\/de\/wp-json\/wp\/v2\/types\/page"}],"author":[{"embeddable":true,"href":"https:\/\/www.sirmionehotel.com\/de\/wp-json\/wp\/v2\/users\/1"}],"replies":[{"embeddable":true,"href":"https:\/\/www.sirmionehotel.com\/de\/wp-json\/wp\/v2\/comments?post=15124"}],"version-history":[{"count":0,"href":"https:\/\/www.sirmionehotel.com\/de\/wp-json\/wp\/v2\/pages\/15124\/revisions"}],"up":[{"embeddable":true,"href":"https:\/\/www.sirmionehotel.com\/de\/wp-json\/wp\/v2\/pages\/15053"}],"wp:featuredmedia":[{"embeddable":true,"href":"https:\/\/www.sirmionehotel.com\/de\/wp-json\/wp\/v2\/media\/15125"}],"wp:attachment":[{"href":"https:\/\/www.sirmionehotel.com\/de\/wp-json\/wp\/v2\/media?parent=15124"}],"curies":[{"name":"wp","href":"https:\/\/api.w.org\/{rel}","templated":true}]}}