{"id":15173,"date":"2023-12-19T14:39:52","date_gmt":"2023-12-19T14:39:52","guid":{"rendered":"https:\/\/www.sirmionehotel.com\/\/besuchen-sirmione\/spiagge-sirmione\/"},"modified":"2023-12-19T15:30:27","modified_gmt":"2023-12-19T15:30:27","slug":"straende-in-sirmione","status":"publish","type":"page","link":"https:\/\/www.sirmionehotel.com\/de\/besuchen-sirmione\/straende-in-sirmione\/","title":{"rendered":"Str\u00e4nde in Sirmione"},"content":{"rendered":"<div class=\"container\">\n<p>Entdecken Sie die Str\u00e4nde in Sirmione, wie die &#8222;Giamaica&#8220; mit ihren charakteristischen Steinplatten: hier k\u00f6nnen Sie einen herrlichen Blick auf den Gardasee genie\u00dfen.<\/p>\n<\/div>","protected":false},"excerpt":{"rendered":"<p>Entdecken Sie die Str\u00e4nde in Sirmione, wie die &#8222;Giamaica&#8220; mit ihren charakteristischen [&hellip;]<\/p>\n","protected":false},"author":3,"featured_media":15458,"parent":15032,"menu_order":54,"comment_status":"closed","ping_status":"closed","template":"template-page\/visit-sirmione.php","meta":{"_acf_changed":false,"footnotes":""},"class_list":["post-15173","page","type-page","status-publish","has-post-thumbnail","hentry"],"acf":[],"yoast_head":"<!-- This site is optimized with the Yoast SEO plugin v27.5 - https:\/\/yoast.com\/product\/yoast-seo-wordpress\/ -->\n<title>Str\u00e4nde in Sirmione - Consorzio Albergatori Ristoratori Sirmione<\/title>\n<meta name=\"robots\" content=\"index, follow, max-snippet:-1, max-image-preview:large, max-video-preview:-1\" \/>\n<link rel=\"canonical\" href=\"https:\/\/www.sirmionehotel.com\/de\/besuchen-sirmione\/straende-in-sirmione\/\" \/>\n<meta name=\"twitter:label1\" content=\"Gesch\u00e4tzte Lesezeit\" \/>\n\t<meta name=\"twitter:data1\" content=\"1\u00a0Minute\" \/>\n<script type=\"application\/ld+json\" class=\"yoast-schema-graph\">{\"@context\":\"https:\\\/\\\/schema.org\",\"@graph\":[{\"@type\":\"WebPage\",\"@id\":\"https:\\\/\\\/www.sirmionehotel.com\\\/de\\\/besuchen-sirmione\\\/straende-in-sirmione\\\/\",\"url\":\"https:\\\/\\\/www.sirmionehotel.com\\\/de\\\/besuchen-sirmione\\\/straende-in-sirmione\\\/\",\"name\":\"Str\u00e4nde in Sirmione - Consorzio Albergatori Ristoratori Sirmione\",\"isPartOf\":{\"@id\":\"https:\\\/\\\/www.sirmionehotel.com\\\/#website\"},\"primaryImageOfPage\":{\"@id\":\"https:\\\/\\\/www.sirmionehotel.com\\\/de\\\/besuchen-sirmione\\\/straende-in-sirmione\\\/#primaryimage\"},\"image\":{\"@id\":\"https:\\\/\\\/www.sirmionehotel.com\\\/de\\\/besuchen-sirmione\\\/straende-in-sirmione\\\/#primaryimage\"},\"thumbnailUrl\":\"https:\\\/\\\/www.sirmionehotel.com\\\/wp-content\\\/uploads\\\/2015\\\/02\\\/hotel-spiagge-sirmione-slide.jpg\",\"datePublished\":\"2023-12-19T14:39:52+00:00\",\"dateModified\":\"2023-12-19T15:30:27+00:00\",\"breadcrumb\":{\"@id\":\"https:\\\/\\\/www.sirmionehotel.com\\\/de\\\/besuchen-sirmione\\\/straende-in-sirmione\\\/#breadcrumb\"},\"inLanguage\":\"de\",\"potentialAction\":[{\"@type\":\"ReadAction\",\"target\":[\"https:\\\/\\\/www.sirmionehotel.com\\\/de\\\/besuchen-sirmione\\\/straende-in-sirmione\\\/\"]}]},{\"@type\":\"ImageObject\",\"inLanguage\":\"de\",\"@id\":\"https:\\\/\\\/www.sirmionehotel.com\\\/de\\\/besuchen-sirmione\\\/straende-in-sirmione\\\/#primaryimage\",\"url\":\"https:\\\/\\\/www.sirmionehotel.com\\\/wp-content\\\/uploads\\\/2015\\\/02\\\/hotel-spiagge-sirmione-slide.jpg\",\"contentUrl\":\"https:\\\/\\\/www.sirmionehotel.com\\\/wp-content\\\/uploads\\\/2015\\\/02\\\/hotel-spiagge-sirmione-slide.jpg\",\"width\":1680,\"height\":800},{\"@type\":\"BreadcrumbList\",\"@id\":\"https:\\\/\\\/www.sirmionehotel.com\\\/de\\\/besuchen-sirmione\\\/straende-in-sirmione\\\/#breadcrumb\",\"itemListElement\":[{\"@type\":\"ListItem\",\"position\":1,\"name\":\"Home\",\"item\":\"https:\\\/\\\/www.sirmionehotel.com\\\/de\\\/\"},{\"@type\":\"ListItem\",\"position\":2,\"name\":\"Besuchen Sirmione\",\"item\":\"https:\\\/\\\/www.sirmionehotel.com\\\/de\\\/besuchen-sirmione\\\/\"},{\"@type\":\"ListItem\",\"position\":3,\"name\":\"Str\u00e4nde in Sirmione\"}]},{\"@type\":\"WebSite\",\"@id\":\"https:\\\/\\\/www.sirmionehotel.com\\\/#website\",\"url\":\"https:\\\/\\\/www.sirmionehotel.com\\\/\",\"name\":\"Consorzio Albergatori Ristoratori Sirmione\",\"description\":\"\",\"potentialAction\":[{\"@type\":\"SearchAction\",\"target\":{\"@type\":\"EntryPoint\",\"urlTemplate\":\"https:\\\/\\\/www.sirmionehotel.com\\\/?s={search_term_string}\"},\"query-input\":{\"@type\":\"PropertyValueSpecification\",\"valueRequired\":true,\"valueName\":\"search_term_string\"}}],\"inLanguage\":\"de\"}]}<\/script>\n<!-- \/ Yoast SEO plugin. -->","yoast_head_json":{"title":"Str\u00e4nde in Sirmione - Consorzio Albergatori Ristoratori Sirmione","robots":{"index":"index","follow":"follow","max-snippet":"max-snippet:-1","max-image-preview":"max-image-preview:large","max-video-preview":"max-video-preview:-1"},"canonical":"https:\/\/www.sirmionehotel.com\/de\/besuchen-sirmione\/straende-in-sirmione\/","twitter_misc":{"Gesch\u00e4tzte Lesezeit":"1\u00a0Minute"},"schema":{"@context":"https:\/\/schema.org","@graph":[{"@type":"WebPage","@id":"https:\/\/www.sirmionehotel.com\/de\/besuchen-sirmione\/straende-in-sirmione\/","url":"https:\/\/www.sirmionehotel.com\/de\/besuchen-sirmione\/straende-in-sirmione\/","name":"Str\u00e4nde in Sirmione - Consorzio Albergatori Ristoratori Sirmione","isPartOf":{"@id":"https:\/\/www.sirmionehotel.com\/#website"},"primaryImageOfPage":{"@id":"https:\/\/www.sirmionehotel.com\/de\/besuchen-sirmione\/straende-in-sirmione\/#primaryimage"},"image":{"@id":"https:\/\/www.sirmionehotel.com\/de\/besuchen-sirmione\/straende-in-sirmione\/#primaryimage"},"thumbnailUrl":"https:\/\/www.sirmionehotel.com\/wp-content\/uploads\/2015\/02\/hotel-spiagge-sirmione-slide.jpg","datePublished":"2023-12-19T14:39:52+00:00","dateModified":"2023-12-19T15:30:27+00:00","breadcrumb":{"@id":"https:\/\/www.sirmionehotel.com\/de\/besuchen-sirmione\/straende-in-sirmione\/#breadcrumb"},"inLanguage":"de","potentialAction":[{"@type":"ReadAction","target":["https:\/\/www.sirmionehotel.com\/de\/besuchen-sirmione\/straende-in-sirmione\/"]}]},{"@type":"ImageObject","inLanguage":"de","@id":"https:\/\/www.sirmionehotel.com\/de\/besuchen-sirmione\/straende-in-sirmione\/#primaryimage","url":"https:\/\/www.sirmionehotel.com\/wp-content\/uploads\/2015\/02\/hotel-spiagge-sirmione-slide.jpg","contentUrl":"https:\/\/www.sirmionehotel.com\/wp-content\/uploads\/2015\/02\/hotel-spiagge-sirmione-slide.jpg","width":1680,"height":800},{"@type":"BreadcrumbList","@id":"https:\/\/www.sirmionehotel.com\/de\/besuchen-sirmione\/straende-in-sirmione\/#breadcrumb","itemListElement":[{"@type":"ListItem","position":1,"name":"Home","item":"https:\/\/www.sirmionehotel.com\/de\/"},{"@type":"ListItem","position":2,"name":"Besuchen Sirmione","item":"https:\/\/www.sirmionehotel.com\/de\/besuchen-sirmione\/"},{"@type":"ListItem","position":3,"name":"Str\u00e4nde in Sirmione"}]},{"@type":"WebSite","@id":"https:\/\/www.sirmionehotel.com\/#website","url":"https:\/\/www.sirmionehotel.com\/","name":"Consorzio Albergatori Ristoratori Sirmione","description":"","potentialAction":[{"@type":"SearchAction","target":{"@type":"EntryPoint","urlTemplate":"https:\/\/www.sirmionehotel.com\/?s={search_term_string}"},"query-input":{"@type":"PropertyValueSpecification","valueRequired":true,"valueName":"search_term_string"}}],"inLanguage":"de"}]}},"_links":{"self":[{"href":"https:\/\/www.sirmionehotel.com\/de\/wp-json\/wp\/v2\/pages\/15173","targetHints":{"allow":["GET"]}}],"collection":[{"href":"https:\/\/www.sirmionehotel.com\/de\/wp-json\/wp\/v2\/pages"}],"about":[{"href":"https:\/\/www.sirmionehotel.com\/de\/wp-json\/wp\/v2\/types\/page"}],"author":[{"embeddable":true,"href":"https:\/\/www.sirmionehotel.com\/de\/wp-json\/wp\/v2\/users\/3"}],"replies":[{"embeddable":true,"href":"https:\/\/www.sirmionehotel.com\/de\/wp-json\/wp\/v2\/comments?post=15173"}],"version-history":[{"count":0,"href":"https:\/\/www.sirmionehotel.com\/de\/wp-json\/wp\/v2\/pages\/15173\/revisions"}],"up":[{"embeddable":true,"href":"https:\/\/www.sirmionehotel.com\/de\/wp-json\/wp\/v2\/pages\/15032"}],"wp:featuredmedia":[{"embeddable":true,"href":"https:\/\/www.sirmionehotel.com\/de\/wp-json\/wp\/v2\/media\/15458"}],"wp:attachment":[{"href":"https:\/\/www.sirmionehotel.com\/de\/wp-json\/wp\/v2\/media?parent=15173"}],"curies":[{"name":"wp","href":"https:\/\/api.w.org\/{rel}","templated":true}]}}