{"id":15176,"date":"2015-09-06T09:51:10","date_gmt":"2015-09-06T09:51:10","guid":{"rendered":"https:\/\/www.sirmionehotel.com\/\/besuchen-sirmione\/spiagge-sirmione\/spiaggia-delle-muse\/"},"modified":"2024-01-01T10:08:28","modified_gmt":"2024-01-01T10:08:28","slug":"strand-der-musen","status":"publish","type":"page","link":"https:\/\/www.sirmionehotel.com\/de\/besuchen-sirmione\/straende-in-sirmione\/strand-der-musen\/","title":{"rendered":"Strand der Musen"},"content":{"rendered":"<div class=\"container\">\n<h3 class=\"wp-block-heading\">Strand der Musen Sirmione<\/h3>\n<\/div>\n\n<div class=\"container\">\n<p>Gerade unterhalb der Skaligerburgmauern schwimmen oder an diesem sch\u00f6nen Strand mit wei\u00dfen Kiessteinen in der Sonne liegen. Es ist ein kleiner Kiosk vorhanden; hier beginnt auch die Seeuferpromenade zum Lido delle Bionde und zur Spitze der Halbinsel.<\/p>\n<\/div>\n\n<div class=\"container\">\n<p>Eine au\u00dferordentliche Idee?<br>Kommen Sie fr\u00fch morgens hierhin, wenn die Sonne aufgeht und alles mit ihren warmen T\u00f6nen, angefangen mit den Steinen bis zum See und zur Burg, f\u00e4rbt.<\/p>\n<\/div>\n\n<div class=\"container\">\n<p>Und nach dem Strandaufenthalt?<br>Sie k\u00f6nnen ein Eis kaufen und einen Gesch\u00e4ftsbummel in der Altstadt machen.<\/p>\n<\/div>","protected":false},"excerpt":{"rendered":"<p>Strand der Musen Sirmione Gerade unterhalb der Skaligerburgmauern schwimmen oder an diesem [&hellip;]<\/p>\n","protected":false},"author":1,"featured_media":15177,"parent":15173,"menu_order":70,"comment_status":"open","ping_status":"closed","template":"template-page\/visit-sirmione.php","meta":{"_acf_changed":false,"footnotes":""},"class_list":["post-15176","page","type-page","status-publish","has-post-thumbnail","hentry"],"acf":[],"yoast_head":"<!-- This site is optimized with the Yoast SEO plugin v27.5 - https:\/\/yoast.com\/product\/yoast-seo-wordpress\/ -->\n<title>Spiaggia delle Muse Sirmione lago di Garda<\/title>\n<meta name=\"description\" content=\"Spiaggia delle Muse Sirmione nel centro storico, vicino ai negozi e ristoranti, dietro al castello dove inizia la passeggiata verso la spiaggia delle Bionde\" \/>\n<meta name=\"robots\" content=\"index, follow, max-snippet:-1, max-image-preview:large, max-video-preview:-1\" \/>\n<link rel=\"canonical\" href=\"https:\/\/www.sirmionehotel.com\/de\/besuchen-sirmione\/straende-in-sirmione\/strand-der-musen\/\" \/>\n<meta name=\"twitter:label1\" content=\"Gesch\u00e4tzte Lesezeit\" \/>\n\t<meta name=\"twitter:data1\" content=\"1\u00a0Minute\" \/>\n<script type=\"application\/ld+json\" class=\"yoast-schema-graph\">{\"@context\":\"https:\\\/\\\/schema.org\",\"@graph\":[{\"@type\":\"WebPage\",\"@id\":\"https:\\\/\\\/www.sirmionehotel.com\\\/de\\\/besuchen-sirmione\\\/straende-in-sirmione\\\/strand-der-musen\\\/\",\"url\":\"https:\\\/\\\/www.sirmionehotel.com\\\/de\\\/besuchen-sirmione\\\/straende-in-sirmione\\\/strand-der-musen\\\/\",\"name\":\"Spiaggia delle Muse Sirmione lago di Garda\",\"isPartOf\":{\"@id\":\"https:\\\/\\\/www.sirmionehotel.com\\\/#website\"},\"primaryImageOfPage\":{\"@id\":\"https:\\\/\\\/www.sirmionehotel.com\\\/de\\\/besuchen-sirmione\\\/straende-in-sirmione\\\/strand-der-musen\\\/#primaryimage\"},\"image\":{\"@id\":\"https:\\\/\\\/www.sirmionehotel.com\\\/de\\\/besuchen-sirmione\\\/straende-in-sirmione\\\/strand-der-musen\\\/#primaryimage\"},\"thumbnailUrl\":\"https:\\\/\\\/www.sirmionehotel.com\\\/wp-content\\\/uploads\\\/2015\\\/09\\\/sirmione-spiaggia-delle-muse-5r.jpg\",\"datePublished\":\"2015-09-06T09:51:10+00:00\",\"dateModified\":\"2024-01-01T10:08:28+00:00\",\"description\":\"Spiaggia delle Muse Sirmione nel centro storico, vicino ai negozi e ristoranti, dietro al castello dove inizia la passeggiata verso la spiaggia delle Bionde\",\"breadcrumb\":{\"@id\":\"https:\\\/\\\/www.sirmionehotel.com\\\/de\\\/besuchen-sirmione\\\/straende-in-sirmione\\\/strand-der-musen\\\/#breadcrumb\"},\"inLanguage\":\"de\",\"potentialAction\":[{\"@type\":\"ReadAction\",\"target\":[\"https:\\\/\\\/www.sirmionehotel.com\\\/de\\\/besuchen-sirmione\\\/straende-in-sirmione\\\/strand-der-musen\\\/\"]}]},{\"@type\":\"ImageObject\",\"inLanguage\":\"de\",\"@id\":\"https:\\\/\\\/www.sirmionehotel.com\\\/de\\\/besuchen-sirmione\\\/straende-in-sirmione\\\/strand-der-musen\\\/#primaryimage\",\"url\":\"https:\\\/\\\/www.sirmionehotel.com\\\/wp-content\\\/uploads\\\/2015\\\/09\\\/sirmione-spiaggia-delle-muse-5r.jpg\",\"contentUrl\":\"https:\\\/\\\/www.sirmionehotel.com\\\/wp-content\\\/uploads\\\/2015\\\/09\\\/sirmione-spiaggia-delle-muse-5r.jpg\",\"width\":900,\"height\":292,\"caption\":\"Sirmione - Spiaggia delle Muse\"},{\"@type\":\"BreadcrumbList\",\"@id\":\"https:\\\/\\\/www.sirmionehotel.com\\\/de\\\/besuchen-sirmione\\\/straende-in-sirmione\\\/strand-der-musen\\\/#breadcrumb\",\"itemListElement\":[{\"@type\":\"ListItem\",\"position\":1,\"name\":\"Home\",\"item\":\"https:\\\/\\\/www.sirmionehotel.com\\\/de\\\/\"},{\"@type\":\"ListItem\",\"position\":2,\"name\":\"Besuchen Sirmione\",\"item\":\"https:\\\/\\\/www.sirmionehotel.com\\\/de\\\/besuchen-sirmione\\\/\"},{\"@type\":\"ListItem\",\"position\":3,\"name\":\"Str\u00e4nde in Sirmione\",\"item\":\"https:\\\/\\\/www.sirmionehotel.com\\\/de\\\/besuchen-sirmione\\\/straende-in-sirmione\\\/\"},{\"@type\":\"ListItem\",\"position\":4,\"name\":\"Strand der Musen\"}]},{\"@type\":\"WebSite\",\"@id\":\"https:\\\/\\\/www.sirmionehotel.com\\\/#website\",\"url\":\"https:\\\/\\\/www.sirmionehotel.com\\\/\",\"name\":\"Consorzio Albergatori Ristoratori Sirmione\",\"description\":\"\",\"potentialAction\":[{\"@type\":\"SearchAction\",\"target\":{\"@type\":\"EntryPoint\",\"urlTemplate\":\"https:\\\/\\\/www.sirmionehotel.com\\\/?s={search_term_string}\"},\"query-input\":{\"@type\":\"PropertyValueSpecification\",\"valueRequired\":true,\"valueName\":\"search_term_string\"}}],\"inLanguage\":\"de\"}]}<\/script>\n<!-- \/ Yoast SEO plugin. -->","yoast_head_json":{"title":"Spiaggia delle Muse Sirmione lago di Garda","description":"Spiaggia delle Muse Sirmione nel centro storico, vicino ai negozi e ristoranti, dietro al castello dove inizia la passeggiata verso la spiaggia delle Bionde","robots":{"index":"index","follow":"follow","max-snippet":"max-snippet:-1","max-image-preview":"max-image-preview:large","max-video-preview":"max-video-preview:-1"},"canonical":"https:\/\/www.sirmionehotel.com\/de\/besuchen-sirmione\/straende-in-sirmione\/strand-der-musen\/","twitter_misc":{"Gesch\u00e4tzte Lesezeit":"1\u00a0Minute"},"schema":{"@context":"https:\/\/schema.org","@graph":[{"@type":"WebPage","@id":"https:\/\/www.sirmionehotel.com\/de\/besuchen-sirmione\/straende-in-sirmione\/strand-der-musen\/","url":"https:\/\/www.sirmionehotel.com\/de\/besuchen-sirmione\/straende-in-sirmione\/strand-der-musen\/","name":"Spiaggia delle Muse Sirmione lago di Garda","isPartOf":{"@id":"https:\/\/www.sirmionehotel.com\/#website"},"primaryImageOfPage":{"@id":"https:\/\/www.sirmionehotel.com\/de\/besuchen-sirmione\/straende-in-sirmione\/strand-der-musen\/#primaryimage"},"image":{"@id":"https:\/\/www.sirmionehotel.com\/de\/besuchen-sirmione\/straende-in-sirmione\/strand-der-musen\/#primaryimage"},"thumbnailUrl":"https:\/\/www.sirmionehotel.com\/wp-content\/uploads\/2015\/09\/sirmione-spiaggia-delle-muse-5r.jpg","datePublished":"2015-09-06T09:51:10+00:00","dateModified":"2024-01-01T10:08:28+00:00","description":"Spiaggia delle Muse Sirmione nel centro storico, vicino ai negozi e ristoranti, dietro al castello dove inizia la passeggiata verso la spiaggia delle Bionde","breadcrumb":{"@id":"https:\/\/www.sirmionehotel.com\/de\/besuchen-sirmione\/straende-in-sirmione\/strand-der-musen\/#breadcrumb"},"inLanguage":"de","potentialAction":[{"@type":"ReadAction","target":["https:\/\/www.sirmionehotel.com\/de\/besuchen-sirmione\/straende-in-sirmione\/strand-der-musen\/"]}]},{"@type":"ImageObject","inLanguage":"de","@id":"https:\/\/www.sirmionehotel.com\/de\/besuchen-sirmione\/straende-in-sirmione\/strand-der-musen\/#primaryimage","url":"https:\/\/www.sirmionehotel.com\/wp-content\/uploads\/2015\/09\/sirmione-spiaggia-delle-muse-5r.jpg","contentUrl":"https:\/\/www.sirmionehotel.com\/wp-content\/uploads\/2015\/09\/sirmione-spiaggia-delle-muse-5r.jpg","width":900,"height":292,"caption":"Sirmione - Spiaggia delle Muse"},{"@type":"BreadcrumbList","@id":"https:\/\/www.sirmionehotel.com\/de\/besuchen-sirmione\/straende-in-sirmione\/strand-der-musen\/#breadcrumb","itemListElement":[{"@type":"ListItem","position":1,"name":"Home","item":"https:\/\/www.sirmionehotel.com\/de\/"},{"@type":"ListItem","position":2,"name":"Besuchen Sirmione","item":"https:\/\/www.sirmionehotel.com\/de\/besuchen-sirmione\/"},{"@type":"ListItem","position":3,"name":"Str\u00e4nde in Sirmione","item":"https:\/\/www.sirmionehotel.com\/de\/besuchen-sirmione\/straende-in-sirmione\/"},{"@type":"ListItem","position":4,"name":"Strand der Musen"}]},{"@type":"WebSite","@id":"https:\/\/www.sirmionehotel.com\/#website","url":"https:\/\/www.sirmionehotel.com\/","name":"Consorzio Albergatori Ristoratori Sirmione","description":"","potentialAction":[{"@type":"SearchAction","target":{"@type":"EntryPoint","urlTemplate":"https:\/\/www.sirmionehotel.com\/?s={search_term_string}"},"query-input":{"@type":"PropertyValueSpecification","valueRequired":true,"valueName":"search_term_string"}}],"inLanguage":"de"}]}},"_links":{"self":[{"href":"https:\/\/www.sirmionehotel.com\/de\/wp-json\/wp\/v2\/pages\/15176","targetHints":{"allow":["GET"]}}],"collection":[{"href":"https:\/\/www.sirmionehotel.com\/de\/wp-json\/wp\/v2\/pages"}],"about":[{"href":"https:\/\/www.sirmionehotel.com\/de\/wp-json\/wp\/v2\/types\/page"}],"author":[{"embeddable":true,"href":"https:\/\/www.sirmionehotel.com\/de\/wp-json\/wp\/v2\/users\/1"}],"replies":[{"embeddable":true,"href":"https:\/\/www.sirmionehotel.com\/de\/wp-json\/wp\/v2\/comments?post=15176"}],"version-history":[{"count":1,"href":"https:\/\/www.sirmionehotel.com\/de\/wp-json\/wp\/v2\/pages\/15176\/revisions"}],"predecessor-version":[{"id":15967,"href":"https:\/\/www.sirmionehotel.com\/de\/wp-json\/wp\/v2\/pages\/15176\/revisions\/15967"}],"up":[{"embeddable":true,"href":"https:\/\/www.sirmionehotel.com\/de\/wp-json\/wp\/v2\/pages\/15173"}],"wp:featuredmedia":[{"embeddable":true,"href":"https:\/\/www.sirmionehotel.com\/de\/wp-json\/wp\/v2\/media\/15177"}],"wp:attachment":[{"href":"https:\/\/www.sirmionehotel.com\/de\/wp-json\/wp\/v2\/media?parent=15176"}],"curies":[{"name":"wp","href":"https:\/\/api.w.org\/{rel}","templated":true}]}}