{"id":15181,"date":"2015-09-06T05:00:13","date_gmt":"2015-09-06T05:00:13","guid":{"rendered":"https:\/\/www.sirmionehotel.com\/\/besuchen-sirmione\/spiagge-sirmione\/spiaggia-lido-di-lugana\/"},"modified":"2024-01-01T10:09:04","modified_gmt":"2024-01-01T10:09:04","slug":"strand-lido-di-lugana","status":"publish","type":"page","link":"https:\/\/www.sirmionehotel.com\/de\/besuchen-sirmione\/straende-in-sirmione\/strand-lido-di-lugana\/","title":{"rendered":"Strand Lido di Lugana"},"content":{"rendered":"<div class=\"container\">\n<h3 class=\"wp-block-heading\">Strand Lido di Lugana<\/h3>\n<\/div>\n\n<div class=\"container\">\n<p>Einer der Sirmione Str\u00e4nde , in der N\u00e4he des historischen Ortszentrums Lugana, mit seinen Gesch\u00e4ften und Restaurants; gerade hinter der Kirche befindet sich der teilweise freie und teilweise mit Liegen- und Sonnenschirmenverleih ausgestattete Strand Lido di Lugana.<br>Eine sch\u00f6ne gr\u00fcne Wiese erstreckt sich vom kleinen Bootshafen bis zum Beginn der Promenade Richtung Punta Gr\u00f2.<br>In der N\u00e4he des Kirchengeb\u00e4udes befindet sich ein kleiner Kinderspielplatz und beim naheliegenden Restaurant gibt es Springteppiche.<\/p>\n<\/div>\n\n<div class=\"container\">\n<p>Bin ich ein Sportler?<br>Dann kann ich bis Punta Gr\u00f2 schwimmen.<\/p>\n<\/div>\n\n<div class=\"container\">\n<p>Und nach dem Strandaufenthalt?<br>Sie befinden sich im Luganaweinproduktionsgebiet. Besuchen Sie eine der Kantinen im Hinterland und genie\u00dfen Sie ein Glas Wein.<\/p>\n<\/div>\n\n<div class=\"container\">\n<p>Strand Lido di Lugana \u2013 Str\u00e4nde Sirmione<\/p>\n<\/div>","protected":false},"excerpt":{"rendered":"<p>Strand Lido di Lugana Einer der Sirmione Str\u00e4nde , in der N\u00e4he [&hellip;]<\/p>\n","protected":false},"author":1,"featured_media":15183,"parent":15173,"menu_order":75,"comment_status":"open","ping_status":"closed","template":"template-page\/visit-sirmione.php","meta":{"_acf_changed":false,"footnotes":""},"class_list":["post-15181","page","type-page","status-publish","has-post-thumbnail","hentry"],"acf":[],"yoast_head":"<!-- This site is optimized with the Yoast SEO plugin v27.3 - https:\/\/yoast.com\/product\/yoast-seo-wordpress\/ -->\n<title>Spiaggia Lido di Lugana Sirmione<\/title>\n<meta name=\"description\" content=\"Spiaggia Lido di Lugana Sirmione vicino al centro con negozi e ristoranti, una delle Sirmione spiagge attrezzate con lettini e ombrelloni per relax sul lago\" \/>\n<meta name=\"robots\" content=\"index, follow, max-snippet:-1, max-image-preview:large, max-video-preview:-1\" \/>\n<link rel=\"canonical\" href=\"https:\/\/www.sirmionehotel.com\/de\/besuchen-sirmione\/straende-in-sirmione\/strand-lido-di-lugana\/\" \/>\n<meta name=\"twitter:label1\" content=\"Gesch\u00e4tzte Lesezeit\" \/>\n\t<meta name=\"twitter:data1\" content=\"1\u00a0Minute\" \/>\n<script type=\"application\/ld+json\" class=\"yoast-schema-graph\">{\"@context\":\"https:\\\/\\\/schema.org\",\"@graph\":[{\"@type\":\"WebPage\",\"@id\":\"https:\\\/\\\/www.sirmionehotel.com\\\/de\\\/besuchen-sirmione\\\/straende-in-sirmione\\\/strand-lido-di-lugana\\\/\",\"url\":\"https:\\\/\\\/www.sirmionehotel.com\\\/de\\\/besuchen-sirmione\\\/straende-in-sirmione\\\/strand-lido-di-lugana\\\/\",\"name\":\"Spiaggia Lido di Lugana Sirmione\",\"isPartOf\":{\"@id\":\"https:\\\/\\\/www.sirmionehotel.com\\\/#website\"},\"primaryImageOfPage\":{\"@id\":\"https:\\\/\\\/www.sirmionehotel.com\\\/de\\\/besuchen-sirmione\\\/straende-in-sirmione\\\/strand-lido-di-lugana\\\/#primaryimage\"},\"image\":{\"@id\":\"https:\\\/\\\/www.sirmionehotel.com\\\/de\\\/besuchen-sirmione\\\/straende-in-sirmione\\\/strand-lido-di-lugana\\\/#primaryimage\"},\"thumbnailUrl\":\"https:\\\/\\\/www.sirmionehotel.com\\\/wp-content\\\/uploads\\\/2015\\\/09\\\/spiagge-sirmione-lido-di-lugana-5r.jpg\",\"datePublished\":\"2015-09-06T05:00:13+00:00\",\"dateModified\":\"2024-01-01T10:09:04+00:00\",\"description\":\"Spiaggia Lido di Lugana Sirmione vicino al centro con negozi e ristoranti, una delle Sirmione spiagge attrezzate con lettini e ombrelloni per relax sul lago\",\"breadcrumb\":{\"@id\":\"https:\\\/\\\/www.sirmionehotel.com\\\/de\\\/besuchen-sirmione\\\/straende-in-sirmione\\\/strand-lido-di-lugana\\\/#breadcrumb\"},\"inLanguage\":\"de\",\"potentialAction\":[{\"@type\":\"ReadAction\",\"target\":[\"https:\\\/\\\/www.sirmionehotel.com\\\/de\\\/besuchen-sirmione\\\/straende-in-sirmione\\\/strand-lido-di-lugana\\\/\"]}]},{\"@type\":\"ImageObject\",\"inLanguage\":\"de\",\"@id\":\"https:\\\/\\\/www.sirmionehotel.com\\\/de\\\/besuchen-sirmione\\\/straende-in-sirmione\\\/strand-lido-di-lugana\\\/#primaryimage\",\"url\":\"https:\\\/\\\/www.sirmionehotel.com\\\/wp-content\\\/uploads\\\/2015\\\/09\\\/spiagge-sirmione-lido-di-lugana-5r.jpg\",\"contentUrl\":\"https:\\\/\\\/www.sirmionehotel.com\\\/wp-content\\\/uploads\\\/2015\\\/09\\\/spiagge-sirmione-lido-di-lugana-5r.jpg\",\"width\":900,\"height\":466,\"caption\":\"Sirmione spiagge Lido di Lugana\"},{\"@type\":\"BreadcrumbList\",\"@id\":\"https:\\\/\\\/www.sirmionehotel.com\\\/de\\\/besuchen-sirmione\\\/straende-in-sirmione\\\/strand-lido-di-lugana\\\/#breadcrumb\",\"itemListElement\":[{\"@type\":\"ListItem\",\"position\":1,\"name\":\"Home\",\"item\":\"https:\\\/\\\/www.sirmionehotel.com\\\/de\\\/\"},{\"@type\":\"ListItem\",\"position\":2,\"name\":\"Besuchen Sirmione\",\"item\":\"https:\\\/\\\/www.sirmionehotel.com\\\/de\\\/besuchen-sirmione\\\/\"},{\"@type\":\"ListItem\",\"position\":3,\"name\":\"Str\u00e4nde in Sirmione\",\"item\":\"https:\\\/\\\/www.sirmionehotel.com\\\/de\\\/besuchen-sirmione\\\/straende-in-sirmione\\\/\"},{\"@type\":\"ListItem\",\"position\":4,\"name\":\"Strand Lido di Lugana\"}]},{\"@type\":\"WebSite\",\"@id\":\"https:\\\/\\\/www.sirmionehotel.com\\\/#website\",\"url\":\"https:\\\/\\\/www.sirmionehotel.com\\\/\",\"name\":\"Consorzio Albergatori Ristoratori Sirmione\",\"description\":\"\",\"potentialAction\":[{\"@type\":\"SearchAction\",\"target\":{\"@type\":\"EntryPoint\",\"urlTemplate\":\"https:\\\/\\\/www.sirmionehotel.com\\\/?s={search_term_string}\"},\"query-input\":{\"@type\":\"PropertyValueSpecification\",\"valueRequired\":true,\"valueName\":\"search_term_string\"}}],\"inLanguage\":\"de\"}]}<\/script>\n<!-- \/ Yoast SEO plugin. -->","yoast_head_json":{"title":"Spiaggia Lido di Lugana Sirmione","description":"Spiaggia Lido di Lugana Sirmione vicino al centro con negozi e ristoranti, una delle Sirmione spiagge attrezzate con lettini e ombrelloni per relax sul lago","robots":{"index":"index","follow":"follow","max-snippet":"max-snippet:-1","max-image-preview":"max-image-preview:large","max-video-preview":"max-video-preview:-1"},"canonical":"https:\/\/www.sirmionehotel.com\/de\/besuchen-sirmione\/straende-in-sirmione\/strand-lido-di-lugana\/","twitter_misc":{"Gesch\u00e4tzte Lesezeit":"1\u00a0Minute"},"schema":{"@context":"https:\/\/schema.org","@graph":[{"@type":"WebPage","@id":"https:\/\/www.sirmionehotel.com\/de\/besuchen-sirmione\/straende-in-sirmione\/strand-lido-di-lugana\/","url":"https:\/\/www.sirmionehotel.com\/de\/besuchen-sirmione\/straende-in-sirmione\/strand-lido-di-lugana\/","name":"Spiaggia Lido di Lugana Sirmione","isPartOf":{"@id":"https:\/\/www.sirmionehotel.com\/#website"},"primaryImageOfPage":{"@id":"https:\/\/www.sirmionehotel.com\/de\/besuchen-sirmione\/straende-in-sirmione\/strand-lido-di-lugana\/#primaryimage"},"image":{"@id":"https:\/\/www.sirmionehotel.com\/de\/besuchen-sirmione\/straende-in-sirmione\/strand-lido-di-lugana\/#primaryimage"},"thumbnailUrl":"https:\/\/www.sirmionehotel.com\/wp-content\/uploads\/2015\/09\/spiagge-sirmione-lido-di-lugana-5r.jpg","datePublished":"2015-09-06T05:00:13+00:00","dateModified":"2024-01-01T10:09:04+00:00","description":"Spiaggia Lido di Lugana Sirmione vicino al centro con negozi e ristoranti, una delle Sirmione spiagge attrezzate con lettini e ombrelloni per relax sul lago","breadcrumb":{"@id":"https:\/\/www.sirmionehotel.com\/de\/besuchen-sirmione\/straende-in-sirmione\/strand-lido-di-lugana\/#breadcrumb"},"inLanguage":"de","potentialAction":[{"@type":"ReadAction","target":["https:\/\/www.sirmionehotel.com\/de\/besuchen-sirmione\/straende-in-sirmione\/strand-lido-di-lugana\/"]}]},{"@type":"ImageObject","inLanguage":"de","@id":"https:\/\/www.sirmionehotel.com\/de\/besuchen-sirmione\/straende-in-sirmione\/strand-lido-di-lugana\/#primaryimage","url":"https:\/\/www.sirmionehotel.com\/wp-content\/uploads\/2015\/09\/spiagge-sirmione-lido-di-lugana-5r.jpg","contentUrl":"https:\/\/www.sirmionehotel.com\/wp-content\/uploads\/2015\/09\/spiagge-sirmione-lido-di-lugana-5r.jpg","width":900,"height":466,"caption":"Sirmione spiagge Lido di Lugana"},{"@type":"BreadcrumbList","@id":"https:\/\/www.sirmionehotel.com\/de\/besuchen-sirmione\/straende-in-sirmione\/strand-lido-di-lugana\/#breadcrumb","itemListElement":[{"@type":"ListItem","position":1,"name":"Home","item":"https:\/\/www.sirmionehotel.com\/de\/"},{"@type":"ListItem","position":2,"name":"Besuchen Sirmione","item":"https:\/\/www.sirmionehotel.com\/de\/besuchen-sirmione\/"},{"@type":"ListItem","position":3,"name":"Str\u00e4nde in Sirmione","item":"https:\/\/www.sirmionehotel.com\/de\/besuchen-sirmione\/straende-in-sirmione\/"},{"@type":"ListItem","position":4,"name":"Strand Lido di Lugana"}]},{"@type":"WebSite","@id":"https:\/\/www.sirmionehotel.com\/#website","url":"https:\/\/www.sirmionehotel.com\/","name":"Consorzio Albergatori Ristoratori Sirmione","description":"","potentialAction":[{"@type":"SearchAction","target":{"@type":"EntryPoint","urlTemplate":"https:\/\/www.sirmionehotel.com\/?s={search_term_string}"},"query-input":{"@type":"PropertyValueSpecification","valueRequired":true,"valueName":"search_term_string"}}],"inLanguage":"de"}]}},"_links":{"self":[{"href":"https:\/\/www.sirmionehotel.com\/de\/wp-json\/wp\/v2\/pages\/15181","targetHints":{"allow":["GET"]}}],"collection":[{"href":"https:\/\/www.sirmionehotel.com\/de\/wp-json\/wp\/v2\/pages"}],"about":[{"href":"https:\/\/www.sirmionehotel.com\/de\/wp-json\/wp\/v2\/types\/page"}],"author":[{"embeddable":true,"href":"https:\/\/www.sirmionehotel.com\/de\/wp-json\/wp\/v2\/users\/1"}],"replies":[{"embeddable":true,"href":"https:\/\/www.sirmionehotel.com\/de\/wp-json\/wp\/v2\/comments?post=15181"}],"version-history":[{"count":1,"href":"https:\/\/www.sirmionehotel.com\/de\/wp-json\/wp\/v2\/pages\/15181\/revisions"}],"predecessor-version":[{"id":15968,"href":"https:\/\/www.sirmionehotel.com\/de\/wp-json\/wp\/v2\/pages\/15181\/revisions\/15968"}],"up":[{"embeddable":true,"href":"https:\/\/www.sirmionehotel.com\/de\/wp-json\/wp\/v2\/pages\/15173"}],"wp:featuredmedia":[{"embeddable":true,"href":"https:\/\/www.sirmionehotel.com\/de\/wp-json\/wp\/v2\/media\/15183"}],"wp:attachment":[{"href":"https:\/\/www.sirmionehotel.com\/de\/wp-json\/wp\/v2\/media?parent=15181"}],"curies":[{"name":"wp","href":"https:\/\/api.w.org\/{rel}","templated":true}]}}