{"id":15186,"date":"2015-09-03T07:03:11","date_gmt":"2015-09-03T07:03:11","guid":{"rendered":"https:\/\/www.sirmionehotel.com\/\/besuchen-sirmione\/spiagge-sirmione\/spiaggia-giamaica\/"},"modified":"2024-01-01T10:09:34","modified_gmt":"2024-01-01T10:09:34","slug":"strand-giamaica","status":"publish","type":"page","link":"https:\/\/www.sirmionehotel.com\/de\/besuchen-sirmione\/straende-in-sirmione\/strand-giamaica\/","title":{"rendered":"Strand Giamaica"},"content":{"rendered":"<div class=\"container\">\n<h2 class=\"wp-block-heading\">Strand Giamaica<\/h2>\n<\/div>\n\n<div class=\"container\">\n<p>Einer der sch\u00f6nsten und wildesten Sirmione Str\u00e4nde, und nach der bekannten englischen Zeitung \u201cThe Guardian\u201d, sogar einer der sch\u00f6nsten Italiens. Der Strand Giamaica erstreckt sich gerade unterhalb der Ruinen der R\u00f6mischen Villa der Grotten des Catull, an der Spitze der Halbinsel von Sirmione. Um dahin zu kommen, m\u00fcssen Sie die&nbsp; Thermalanstalt Catullo und die&nbsp; Felsenkanten am&nbsp; Ufer entlang laufen, teilweise im Wasser und teilweise auf den gro\u00dfen flachen Steinplatten. Wenn Sie in Giamaica ankommen, wirken die Grotten des Catull, hinter Ihnen, und die Rocca von Manerba, vor Ihnen, das smaragt- t\u00fcrkisfarbige Wasser und die geschliffenen Felsen so stark auf Sie ein, da\u00df Sie glauben, Sie w\u00e4ren in einer kleinen Paradiesecke gelandet und in dem Augenblick erleben Sie die Freiheit; Sie entdecken Giamaica.<\/p>\n<\/div>\n\n<div class=\"container\">\n<p>Und nach dem Strandaufenthalt?<br>Ich bleibe in Giamaica und genie\u00dfe den Sonnenuntergang.<\/p>\n<\/div>","protected":false},"excerpt":{"rendered":"<p>Strand Giamaica Einer der sch\u00f6nsten und wildesten Sirmione Str\u00e4nde, und nach der [&hellip;]<\/p>\n","protected":false},"author":1,"featured_media":15187,"parent":15173,"menu_order":81,"comment_status":"open","ping_status":"closed","template":"template-page\/visit-sirmione.php","meta":{"_acf_changed":false,"footnotes":""},"class_list":["post-15186","page","type-page","status-publish","has-post-thumbnail","hentry"],"acf":[],"yoast_head":"<!-- This site is optimized with the Yoast SEO plugin v27.4 - https:\/\/yoast.com\/product\/yoast-seo-wordpress\/ -->\n<title>Spiaggia Giamaica Sirmione sul lago di Garda<\/title>\n<meta name=\"description\" content=\"Spiaggia Giamaica sulla punta di Sirmione, una bellezza naturale da non perdere se venite a Sirmione, un posto incantevole da dove ammirare il lago di Garda\" \/>\n<meta name=\"robots\" content=\"index, follow, max-snippet:-1, max-image-preview:large, max-video-preview:-1\" \/>\n<link rel=\"canonical\" href=\"https:\/\/www.sirmionehotel.com\/de\/besuchen-sirmione\/straende-in-sirmione\/strand-giamaica\/\" \/>\n<meta name=\"twitter:label1\" content=\"Gesch\u00e4tzte Lesezeit\" \/>\n\t<meta name=\"twitter:data1\" content=\"1\u00a0Minute\" \/>\n<script type=\"application\/ld+json\" class=\"yoast-schema-graph\">{\"@context\":\"https:\\\/\\\/schema.org\",\"@graph\":[{\"@type\":\"WebPage\",\"@id\":\"https:\\\/\\\/www.sirmionehotel.com\\\/de\\\/besuchen-sirmione\\\/straende-in-sirmione\\\/strand-giamaica\\\/\",\"url\":\"https:\\\/\\\/www.sirmionehotel.com\\\/de\\\/besuchen-sirmione\\\/straende-in-sirmione\\\/strand-giamaica\\\/\",\"name\":\"Spiaggia Giamaica Sirmione sul lago di Garda\",\"isPartOf\":{\"@id\":\"https:\\\/\\\/www.sirmionehotel.com\\\/#website\"},\"primaryImageOfPage\":{\"@id\":\"https:\\\/\\\/www.sirmionehotel.com\\\/de\\\/besuchen-sirmione\\\/straende-in-sirmione\\\/strand-giamaica\\\/#primaryimage\"},\"image\":{\"@id\":\"https:\\\/\\\/www.sirmionehotel.com\\\/de\\\/besuchen-sirmione\\\/straende-in-sirmione\\\/strand-giamaica\\\/#primaryimage\"},\"thumbnailUrl\":\"https:\\\/\\\/www.sirmionehotel.com\\\/wp-content\\\/uploads\\\/2015\\\/09\\\/sirmione-spiagge-giamaica-tot-r.jpg\",\"datePublished\":\"2015-09-03T07:03:11+00:00\",\"dateModified\":\"2024-01-01T10:09:34+00:00\",\"description\":\"Spiaggia Giamaica sulla punta di Sirmione, una bellezza naturale da non perdere se venite a Sirmione, un posto incantevole da dove ammirare il lago di Garda\",\"breadcrumb\":{\"@id\":\"https:\\\/\\\/www.sirmionehotel.com\\\/de\\\/besuchen-sirmione\\\/straende-in-sirmione\\\/strand-giamaica\\\/#breadcrumb\"},\"inLanguage\":\"de\",\"potentialAction\":[{\"@type\":\"ReadAction\",\"target\":[\"https:\\\/\\\/www.sirmionehotel.com\\\/de\\\/besuchen-sirmione\\\/straende-in-sirmione\\\/strand-giamaica\\\/\"]}]},{\"@type\":\"ImageObject\",\"inLanguage\":\"de\",\"@id\":\"https:\\\/\\\/www.sirmionehotel.com\\\/de\\\/besuchen-sirmione\\\/straende-in-sirmione\\\/strand-giamaica\\\/#primaryimage\",\"url\":\"https:\\\/\\\/www.sirmionehotel.com\\\/wp-content\\\/uploads\\\/2015\\\/09\\\/sirmione-spiagge-giamaica-tot-r.jpg\",\"contentUrl\":\"https:\\\/\\\/www.sirmionehotel.com\\\/wp-content\\\/uploads\\\/2015\\\/09\\\/sirmione-spiagge-giamaica-tot-r.jpg\",\"width\":1200,\"height\":508,\"caption\":\"Sirmione spiagge - Giamaica\"},{\"@type\":\"BreadcrumbList\",\"@id\":\"https:\\\/\\\/www.sirmionehotel.com\\\/de\\\/besuchen-sirmione\\\/straende-in-sirmione\\\/strand-giamaica\\\/#breadcrumb\",\"itemListElement\":[{\"@type\":\"ListItem\",\"position\":1,\"name\":\"Home\",\"item\":\"https:\\\/\\\/www.sirmionehotel.com\\\/de\\\/\"},{\"@type\":\"ListItem\",\"position\":2,\"name\":\"Besuchen Sirmione\",\"item\":\"https:\\\/\\\/www.sirmionehotel.com\\\/de\\\/besuchen-sirmione\\\/\"},{\"@type\":\"ListItem\",\"position\":3,\"name\":\"Str\u00e4nde in Sirmione\",\"item\":\"https:\\\/\\\/www.sirmionehotel.com\\\/de\\\/besuchen-sirmione\\\/straende-in-sirmione\\\/\"},{\"@type\":\"ListItem\",\"position\":4,\"name\":\"Strand Giamaica\"}]},{\"@type\":\"WebSite\",\"@id\":\"https:\\\/\\\/www.sirmionehotel.com\\\/#website\",\"url\":\"https:\\\/\\\/www.sirmionehotel.com\\\/\",\"name\":\"Consorzio Albergatori Ristoratori Sirmione\",\"description\":\"\",\"potentialAction\":[{\"@type\":\"SearchAction\",\"target\":{\"@type\":\"EntryPoint\",\"urlTemplate\":\"https:\\\/\\\/www.sirmionehotel.com\\\/?s={search_term_string}\"},\"query-input\":{\"@type\":\"PropertyValueSpecification\",\"valueRequired\":true,\"valueName\":\"search_term_string\"}}],\"inLanguage\":\"de\"}]}<\/script>\n<!-- \/ Yoast SEO plugin. -->","yoast_head_json":{"title":"Spiaggia Giamaica Sirmione sul lago di Garda","description":"Spiaggia Giamaica sulla punta di Sirmione, una bellezza naturale da non perdere se venite a Sirmione, un posto incantevole da dove ammirare il lago di Garda","robots":{"index":"index","follow":"follow","max-snippet":"max-snippet:-1","max-image-preview":"max-image-preview:large","max-video-preview":"max-video-preview:-1"},"canonical":"https:\/\/www.sirmionehotel.com\/de\/besuchen-sirmione\/straende-in-sirmione\/strand-giamaica\/","twitter_misc":{"Gesch\u00e4tzte Lesezeit":"1\u00a0Minute"},"schema":{"@context":"https:\/\/schema.org","@graph":[{"@type":"WebPage","@id":"https:\/\/www.sirmionehotel.com\/de\/besuchen-sirmione\/straende-in-sirmione\/strand-giamaica\/","url":"https:\/\/www.sirmionehotel.com\/de\/besuchen-sirmione\/straende-in-sirmione\/strand-giamaica\/","name":"Spiaggia Giamaica Sirmione sul lago di Garda","isPartOf":{"@id":"https:\/\/www.sirmionehotel.com\/#website"},"primaryImageOfPage":{"@id":"https:\/\/www.sirmionehotel.com\/de\/besuchen-sirmione\/straende-in-sirmione\/strand-giamaica\/#primaryimage"},"image":{"@id":"https:\/\/www.sirmionehotel.com\/de\/besuchen-sirmione\/straende-in-sirmione\/strand-giamaica\/#primaryimage"},"thumbnailUrl":"https:\/\/www.sirmionehotel.com\/wp-content\/uploads\/2015\/09\/sirmione-spiagge-giamaica-tot-r.jpg","datePublished":"2015-09-03T07:03:11+00:00","dateModified":"2024-01-01T10:09:34+00:00","description":"Spiaggia Giamaica sulla punta di Sirmione, una bellezza naturale da non perdere se venite a Sirmione, un posto incantevole da dove ammirare il lago di Garda","breadcrumb":{"@id":"https:\/\/www.sirmionehotel.com\/de\/besuchen-sirmione\/straende-in-sirmione\/strand-giamaica\/#breadcrumb"},"inLanguage":"de","potentialAction":[{"@type":"ReadAction","target":["https:\/\/www.sirmionehotel.com\/de\/besuchen-sirmione\/straende-in-sirmione\/strand-giamaica\/"]}]},{"@type":"ImageObject","inLanguage":"de","@id":"https:\/\/www.sirmionehotel.com\/de\/besuchen-sirmione\/straende-in-sirmione\/strand-giamaica\/#primaryimage","url":"https:\/\/www.sirmionehotel.com\/wp-content\/uploads\/2015\/09\/sirmione-spiagge-giamaica-tot-r.jpg","contentUrl":"https:\/\/www.sirmionehotel.com\/wp-content\/uploads\/2015\/09\/sirmione-spiagge-giamaica-tot-r.jpg","width":1200,"height":508,"caption":"Sirmione spiagge - Giamaica"},{"@type":"BreadcrumbList","@id":"https:\/\/www.sirmionehotel.com\/de\/besuchen-sirmione\/straende-in-sirmione\/strand-giamaica\/#breadcrumb","itemListElement":[{"@type":"ListItem","position":1,"name":"Home","item":"https:\/\/www.sirmionehotel.com\/de\/"},{"@type":"ListItem","position":2,"name":"Besuchen Sirmione","item":"https:\/\/www.sirmionehotel.com\/de\/besuchen-sirmione\/"},{"@type":"ListItem","position":3,"name":"Str\u00e4nde in Sirmione","item":"https:\/\/www.sirmionehotel.com\/de\/besuchen-sirmione\/straende-in-sirmione\/"},{"@type":"ListItem","position":4,"name":"Strand Giamaica"}]},{"@type":"WebSite","@id":"https:\/\/www.sirmionehotel.com\/#website","url":"https:\/\/www.sirmionehotel.com\/","name":"Consorzio Albergatori Ristoratori Sirmione","description":"","potentialAction":[{"@type":"SearchAction","target":{"@type":"EntryPoint","urlTemplate":"https:\/\/www.sirmionehotel.com\/?s={search_term_string}"},"query-input":{"@type":"PropertyValueSpecification","valueRequired":true,"valueName":"search_term_string"}}],"inLanguage":"de"}]}},"_links":{"self":[{"href":"https:\/\/www.sirmionehotel.com\/de\/wp-json\/wp\/v2\/pages\/15186","targetHints":{"allow":["GET"]}}],"collection":[{"href":"https:\/\/www.sirmionehotel.com\/de\/wp-json\/wp\/v2\/pages"}],"about":[{"href":"https:\/\/www.sirmionehotel.com\/de\/wp-json\/wp\/v2\/types\/page"}],"author":[{"embeddable":true,"href":"https:\/\/www.sirmionehotel.com\/de\/wp-json\/wp\/v2\/users\/1"}],"replies":[{"embeddable":true,"href":"https:\/\/www.sirmionehotel.com\/de\/wp-json\/wp\/v2\/comments?post=15186"}],"version-history":[{"count":1,"href":"https:\/\/www.sirmionehotel.com\/de\/wp-json\/wp\/v2\/pages\/15186\/revisions"}],"predecessor-version":[{"id":15971,"href":"https:\/\/www.sirmionehotel.com\/de\/wp-json\/wp\/v2\/pages\/15186\/revisions\/15971"}],"up":[{"embeddable":true,"href":"https:\/\/www.sirmionehotel.com\/de\/wp-json\/wp\/v2\/pages\/15173"}],"wp:featuredmedia":[{"embeddable":true,"href":"https:\/\/www.sirmionehotel.com\/de\/wp-json\/wp\/v2\/media\/15187"}],"wp:attachment":[{"href":"https:\/\/www.sirmionehotel.com\/de\/wp-json\/wp\/v2\/media?parent=15186"}],"curies":[{"name":"wp","href":"https:\/\/api.w.org\/{rel}","templated":true}]}}