{"id":15191,"date":"2015-09-06T05:41:14","date_gmt":"2015-09-06T05:41:14","guid":{"rendered":"https:\/\/www.sirmionehotel.com\/\/besuchen-sirmione\/spiagge-sirmione\/lido-delle-bionde-spiagge\/"},"modified":"2024-01-01T10:10:12","modified_gmt":"2024-01-01T10:10:12","slug":"lido-delle-bionde-sirmione-straende","status":"publish","type":"page","link":"https:\/\/www.sirmionehotel.com\/de\/besuchen-sirmione\/straende-in-sirmione\/lido-delle-bionde-sirmione-straende\/","title":{"rendered":"Lido delle Bionde Sirmione Str\u00e4nde"},"content":{"rendered":"<div class=\"container\">\n<h3 class=\"wp-block-heading\">Lido delle Bionde Sirmione Str\u00e4nde<\/h3>\n<\/div>\n\n<div class=\"container\">\n<p>An der Spitze der Halbinsel mit seinem langen Badesteg, befindet sich der sch\u00f6ne Strand Lido delle Bionde, mit Liegen- und Sonnenschirmen, Bar und Restaurant ausgestattet. Das Wasser ist durchsichtig, hellblauer bis smaragtgr\u00fcner Farbe.<\/p>\n<\/div>\n\n<div class=\"container\">\n<p>Dieser Strand ist von den hohen Felsen mit den hochgelegenen Ruinen der Grotten des Catull und von den nat\u00fcrlichen Terrassen, mit den begr\u00fc\u00dfenden Olivenb\u00e4umen gesch\u00fctzt. Im Schatten des Olivenhaines und angesichts eines wundersch\u00f6nen Panoramablicks ist der Strand Lido delle Bionde ideal zum Schwimmen oder zum Lesen.<\/p>\n<\/div>\n\n<div class=\"container\">\n<p>Bin ich ein Sportler?<br>Dann kann ich die lange Stufenreihe, vom Strand bis rauf zur Stra\u00dfe Richtung Grotten, laufend besteigen.<\/p>\n<\/div>\n\n<div class=\"container\">\n<p>Und nach dem Strandaufenthalt?<br>Ich k\u00f6nnte mich im Thermalwasser von Aquaria einweichen und den Sonnenuntergang von den Swimmingpools aus, genie\u00dfen.<\/p>\n<\/div>\n\n<div class=\"container\">\n<p>Was steckt dadrunter?<br>Am Strand Lido delle Bionde wird die ber\u00fchmte Thermalquelle Boiola kanalisiert. Sie m\u00fcssen aufpassen, weil gerade am Strandbeginn, wo sich die Pumpanlage befindet, das Wasser hei\u00df ist.<\/p>\n<\/div>","protected":false},"excerpt":{"rendered":"<p>Lido delle Bionde Sirmione Str\u00e4nde An der Spitze der Halbinsel mit seinem [&hellip;]<\/p>\n","protected":false},"author":1,"featured_media":15193,"parent":15173,"menu_order":87,"comment_status":"open","ping_status":"closed","template":"template-page\/visit-sirmione.php","meta":{"_acf_changed":false,"footnotes":""},"class_list":["post-15191","page","type-page","status-publish","has-post-thumbnail","hentry"],"acf":[],"yoast_head":"<!-- This site is optimized with the Yoast SEO plugin v27.4 - https:\/\/yoast.com\/product\/yoast-seo-wordpress\/ -->\n<title>Lido delle Bionde - Sirmione spiagge in centro storico<\/title>\n<meta name=\"description\" content=\"Lido delle Bionde una delle Sirmione spiagge attrezzate pi\u00f9 belle, in centro storico, con ristorante bar, pontile, lettini\" \/>\n<meta name=\"robots\" content=\"index, follow, max-snippet:-1, max-image-preview:large, max-video-preview:-1\" \/>\n<link rel=\"canonical\" href=\"https:\/\/www.sirmionehotel.com\/de\/besuchen-sirmione\/straende-in-sirmione\/lido-delle-bionde-sirmione-straende\/\" \/>\n<meta name=\"twitter:label1\" content=\"Gesch\u00e4tzte Lesezeit\" \/>\n\t<meta name=\"twitter:data1\" content=\"2\u00a0Minuten\" \/>\n<script type=\"application\/ld+json\" class=\"yoast-schema-graph\">{\"@context\":\"https:\\\/\\\/schema.org\",\"@graph\":[{\"@type\":\"WebPage\",\"@id\":\"https:\\\/\\\/www.sirmionehotel.com\\\/de\\\/besuchen-sirmione\\\/straende-in-sirmione\\\/lido-delle-bionde-sirmione-straende\\\/\",\"url\":\"https:\\\/\\\/www.sirmionehotel.com\\\/de\\\/besuchen-sirmione\\\/straende-in-sirmione\\\/lido-delle-bionde-sirmione-straende\\\/\",\"name\":\"Lido delle Bionde - Sirmione spiagge in centro storico\",\"isPartOf\":{\"@id\":\"https:\\\/\\\/www.sirmionehotel.com\\\/#website\"},\"primaryImageOfPage\":{\"@id\":\"https:\\\/\\\/www.sirmionehotel.com\\\/de\\\/besuchen-sirmione\\\/straende-in-sirmione\\\/lido-delle-bionde-sirmione-straende\\\/#primaryimage\"},\"image\":{\"@id\":\"https:\\\/\\\/www.sirmionehotel.com\\\/de\\\/besuchen-sirmione\\\/straende-in-sirmione\\\/lido-delle-bionde-sirmione-straende\\\/#primaryimage\"},\"thumbnailUrl\":\"https:\\\/\\\/www.sirmionehotel.com\\\/wp-content\\\/uploads\\\/2015\\\/09\\\/sirmione-spiagge-lido-delle-bionde-6r.jpg\",\"datePublished\":\"2015-09-06T05:41:14+00:00\",\"dateModified\":\"2024-01-01T10:10:12+00:00\",\"description\":\"Lido delle Bionde una delle Sirmione spiagge attrezzate pi\u00f9 belle, in centro storico, con ristorante bar, pontile, lettini\",\"breadcrumb\":{\"@id\":\"https:\\\/\\\/www.sirmionehotel.com\\\/de\\\/besuchen-sirmione\\\/straende-in-sirmione\\\/lido-delle-bionde-sirmione-straende\\\/#breadcrumb\"},\"inLanguage\":\"de\",\"potentialAction\":[{\"@type\":\"ReadAction\",\"target\":[\"https:\\\/\\\/www.sirmionehotel.com\\\/de\\\/besuchen-sirmione\\\/straende-in-sirmione\\\/lido-delle-bionde-sirmione-straende\\\/\"]}]},{\"@type\":\"ImageObject\",\"inLanguage\":\"de\",\"@id\":\"https:\\\/\\\/www.sirmionehotel.com\\\/de\\\/besuchen-sirmione\\\/straende-in-sirmione\\\/lido-delle-bionde-sirmione-straende\\\/#primaryimage\",\"url\":\"https:\\\/\\\/www.sirmionehotel.com\\\/wp-content\\\/uploads\\\/2015\\\/09\\\/sirmione-spiagge-lido-delle-bionde-6r.jpg\",\"contentUrl\":\"https:\\\/\\\/www.sirmionehotel.com\\\/wp-content\\\/uploads\\\/2015\\\/09\\\/sirmione-spiagge-lido-delle-bionde-6r.jpg\",\"width\":900,\"height\":579,\"caption\":\"Sirmione spiagge - Lido delle bionde\"},{\"@type\":\"BreadcrumbList\",\"@id\":\"https:\\\/\\\/www.sirmionehotel.com\\\/de\\\/besuchen-sirmione\\\/straende-in-sirmione\\\/lido-delle-bionde-sirmione-straende\\\/#breadcrumb\",\"itemListElement\":[{\"@type\":\"ListItem\",\"position\":1,\"name\":\"Home\",\"item\":\"https:\\\/\\\/www.sirmionehotel.com\\\/de\\\/\"},{\"@type\":\"ListItem\",\"position\":2,\"name\":\"Besuchen Sirmione\",\"item\":\"https:\\\/\\\/www.sirmionehotel.com\\\/de\\\/besuchen-sirmione\\\/\"},{\"@type\":\"ListItem\",\"position\":3,\"name\":\"Str\u00e4nde in Sirmione\",\"item\":\"https:\\\/\\\/www.sirmionehotel.com\\\/de\\\/besuchen-sirmione\\\/straende-in-sirmione\\\/\"},{\"@type\":\"ListItem\",\"position\":4,\"name\":\"Lido delle Bionde Sirmione Str\u00e4nde\"}]},{\"@type\":\"WebSite\",\"@id\":\"https:\\\/\\\/www.sirmionehotel.com\\\/#website\",\"url\":\"https:\\\/\\\/www.sirmionehotel.com\\\/\",\"name\":\"Consorzio Albergatori Ristoratori Sirmione\",\"description\":\"\",\"potentialAction\":[{\"@type\":\"SearchAction\",\"target\":{\"@type\":\"EntryPoint\",\"urlTemplate\":\"https:\\\/\\\/www.sirmionehotel.com\\\/?s={search_term_string}\"},\"query-input\":{\"@type\":\"PropertyValueSpecification\",\"valueRequired\":true,\"valueName\":\"search_term_string\"}}],\"inLanguage\":\"de\"}]}<\/script>\n<!-- \/ Yoast SEO plugin. -->","yoast_head_json":{"title":"Lido delle Bionde - Sirmione spiagge in centro storico","description":"Lido delle Bionde una delle Sirmione spiagge attrezzate pi\u00f9 belle, in centro storico, con ristorante bar, pontile, lettini","robots":{"index":"index","follow":"follow","max-snippet":"max-snippet:-1","max-image-preview":"max-image-preview:large","max-video-preview":"max-video-preview:-1"},"canonical":"https:\/\/www.sirmionehotel.com\/de\/besuchen-sirmione\/straende-in-sirmione\/lido-delle-bionde-sirmione-straende\/","twitter_misc":{"Gesch\u00e4tzte Lesezeit":"2\u00a0Minuten"},"schema":{"@context":"https:\/\/schema.org","@graph":[{"@type":"WebPage","@id":"https:\/\/www.sirmionehotel.com\/de\/besuchen-sirmione\/straende-in-sirmione\/lido-delle-bionde-sirmione-straende\/","url":"https:\/\/www.sirmionehotel.com\/de\/besuchen-sirmione\/straende-in-sirmione\/lido-delle-bionde-sirmione-straende\/","name":"Lido delle Bionde - Sirmione spiagge in centro storico","isPartOf":{"@id":"https:\/\/www.sirmionehotel.com\/#website"},"primaryImageOfPage":{"@id":"https:\/\/www.sirmionehotel.com\/de\/besuchen-sirmione\/straende-in-sirmione\/lido-delle-bionde-sirmione-straende\/#primaryimage"},"image":{"@id":"https:\/\/www.sirmionehotel.com\/de\/besuchen-sirmione\/straende-in-sirmione\/lido-delle-bionde-sirmione-straende\/#primaryimage"},"thumbnailUrl":"https:\/\/www.sirmionehotel.com\/wp-content\/uploads\/2015\/09\/sirmione-spiagge-lido-delle-bionde-6r.jpg","datePublished":"2015-09-06T05:41:14+00:00","dateModified":"2024-01-01T10:10:12+00:00","description":"Lido delle Bionde una delle Sirmione spiagge attrezzate pi\u00f9 belle, in centro storico, con ristorante bar, pontile, lettini","breadcrumb":{"@id":"https:\/\/www.sirmionehotel.com\/de\/besuchen-sirmione\/straende-in-sirmione\/lido-delle-bionde-sirmione-straende\/#breadcrumb"},"inLanguage":"de","potentialAction":[{"@type":"ReadAction","target":["https:\/\/www.sirmionehotel.com\/de\/besuchen-sirmione\/straende-in-sirmione\/lido-delle-bionde-sirmione-straende\/"]}]},{"@type":"ImageObject","inLanguage":"de","@id":"https:\/\/www.sirmionehotel.com\/de\/besuchen-sirmione\/straende-in-sirmione\/lido-delle-bionde-sirmione-straende\/#primaryimage","url":"https:\/\/www.sirmionehotel.com\/wp-content\/uploads\/2015\/09\/sirmione-spiagge-lido-delle-bionde-6r.jpg","contentUrl":"https:\/\/www.sirmionehotel.com\/wp-content\/uploads\/2015\/09\/sirmione-spiagge-lido-delle-bionde-6r.jpg","width":900,"height":579,"caption":"Sirmione spiagge - Lido delle bionde"},{"@type":"BreadcrumbList","@id":"https:\/\/www.sirmionehotel.com\/de\/besuchen-sirmione\/straende-in-sirmione\/lido-delle-bionde-sirmione-straende\/#breadcrumb","itemListElement":[{"@type":"ListItem","position":1,"name":"Home","item":"https:\/\/www.sirmionehotel.com\/de\/"},{"@type":"ListItem","position":2,"name":"Besuchen Sirmione","item":"https:\/\/www.sirmionehotel.com\/de\/besuchen-sirmione\/"},{"@type":"ListItem","position":3,"name":"Str\u00e4nde in Sirmione","item":"https:\/\/www.sirmionehotel.com\/de\/besuchen-sirmione\/straende-in-sirmione\/"},{"@type":"ListItem","position":4,"name":"Lido delle Bionde Sirmione Str\u00e4nde"}]},{"@type":"WebSite","@id":"https:\/\/www.sirmionehotel.com\/#website","url":"https:\/\/www.sirmionehotel.com\/","name":"Consorzio Albergatori Ristoratori Sirmione","description":"","potentialAction":[{"@type":"SearchAction","target":{"@type":"EntryPoint","urlTemplate":"https:\/\/www.sirmionehotel.com\/?s={search_term_string}"},"query-input":{"@type":"PropertyValueSpecification","valueRequired":true,"valueName":"search_term_string"}}],"inLanguage":"de"}]}},"_links":{"self":[{"href":"https:\/\/www.sirmionehotel.com\/de\/wp-json\/wp\/v2\/pages\/15191","targetHints":{"allow":["GET"]}}],"collection":[{"href":"https:\/\/www.sirmionehotel.com\/de\/wp-json\/wp\/v2\/pages"}],"about":[{"href":"https:\/\/www.sirmionehotel.com\/de\/wp-json\/wp\/v2\/types\/page"}],"author":[{"embeddable":true,"href":"https:\/\/www.sirmionehotel.com\/de\/wp-json\/wp\/v2\/users\/1"}],"replies":[{"embeddable":true,"href":"https:\/\/www.sirmionehotel.com\/de\/wp-json\/wp\/v2\/comments?post=15191"}],"version-history":[{"count":1,"href":"https:\/\/www.sirmionehotel.com\/de\/wp-json\/wp\/v2\/pages\/15191\/revisions"}],"predecessor-version":[{"id":15973,"href":"https:\/\/www.sirmionehotel.com\/de\/wp-json\/wp\/v2\/pages\/15191\/revisions\/15973"}],"up":[{"embeddable":true,"href":"https:\/\/www.sirmionehotel.com\/de\/wp-json\/wp\/v2\/pages\/15173"}],"wp:featuredmedia":[{"embeddable":true,"href":"https:\/\/www.sirmionehotel.com\/de\/wp-json\/wp\/v2\/media\/15193"}],"wp:attachment":[{"href":"https:\/\/www.sirmionehotel.com\/de\/wp-json\/wp\/v2\/media?parent=15191"}],"curies":[{"name":"wp","href":"https:\/\/api.w.org\/{rel}","templated":true}]}}