{"id":15319,"date":"2017-03-24T13:58:00","date_gmt":"2017-03-24T13:58:00","guid":{"rendered":"https:\/\/www.sirmionehotel.com\/\/besuchen-sirmione\/grotte-di-catullo\/"},"modified":"2023-12-21T15:18:39","modified_gmt":"2023-12-21T15:18:39","slug":"grotten-des-catull","status":"publish","type":"page","link":"https:\/\/www.sirmionehotel.com\/de\/besuchen-sirmione\/grotten-des-catull\/","title":{"rendered":"Grotten des Catull"},"content":{"rendered":"<div class=\"container\">\n<h4 class=\"wp-block-heading\"><strong>Sie k\u00f6nnen die Grotten des Catull entweder durch einen 15 Minuten langen Spaziergang in der Fu\u00dfg\u00e4ngerzone der Altstadt<\/strong><\/h4>\n<\/div>\n\n<div class=\"container\">\n<p>oder mittels einem, nur im Sommer fahrenden, Turistenzug erreichen. Mit dem Ausdruck \u201cGrotten\u201d werden die Ruinen der imposanten, am s\u00fcdlichen Gardaseeufer gelegenen r\u00f6mischen Villa bezeichnet, die, der Legende nach, dem ber\u00fchmten r\u00f6mischen Liebeslyriker Caio Valerio Catullo (87 \u2013 54 v.C.) geh\u00f6rte. Die Villa wurde wahrscheinlich zur Zeit Augustus (Ende des 1. Jahrhunderts v.C. &#8211; Anfang des 1. Jahhunderts n.C.) erbaut. Im IV. Jahrhundert n.C st\u00fcrzte der Bau ein und das Geb\u00e4ude wurde teilweise\u00a0 oder total verlassen. Unter den R\u00f6mern geh\u00f6rte Sirmione dem Landgut von Verona und in der Antike war der Ort ein bekannter Rastplatz (mansio) entlang dem wichtigen r\u00f6mischen Verkehrsweg Brescia-Verona.<br>Die Grotten des Catull befinden sich in einer herrlichen panoramischen Lage, innerhalb eines, \u00fcber 20.000 QM ausgedehnten arch\u00e4ologischen Areals. Am Eingang empf\u00e4ngt Sie das sogenannte Antiquarium, ein Museum das weitere Ausgrabungsfundst\u00fccke aufbewahrt. W\u00e4hrend der Besichtigung der arch\u00e4ologischen Anlage der Grotten des Catull k\u00f6nnen Sie die umgebende reichlich bepflanzte Natur und einen au\u00dfergew\u00f6hnlichen Blick auf den See genie\u00dfen.<\/p>\n<\/div>","protected":false},"excerpt":{"rendered":"<p>Sie k\u00f6nnen die Grotten des Catull entweder durch einen 15 Minuten langen [&hellip;]<\/p>\n","protected":false},"author":1,"featured_media":15321,"parent":15032,"menu_order":109,"comment_status":"open","ping_status":"closed","template":"template-page\/visit-sirmione.php","meta":{"_acf_changed":false,"footnotes":""},"class_list":["post-15319","page","type-page","status-publish","has-post-thumbnail","hentry"],"acf":[],"yoast_head":"<!-- This site is optimized with the Yoast SEO plugin v27.4 - https:\/\/yoast.com\/product\/yoast-seo-wordpress\/ -->\n<title>Grotte di Catullo | Sirmione | Lago di Garda | Ville romane<\/title>\n<meta name=\"description\" content=\"Grotte di Catullo a Sirmione una delle ville romane sul lago di Garda posizionate sulla punta della penisola godono di uno splendido panorama dal centro del lago di Garda\" \/>\n<meta name=\"robots\" content=\"index, follow, max-snippet:-1, max-image-preview:large, max-video-preview:-1\" \/>\n<link rel=\"canonical\" href=\"https:\/\/www.sirmionehotel.com\/de\/besuchen-sirmione\/grotten-des-catull\/\" \/>\n<meta name=\"twitter:label1\" content=\"Gesch\u00e4tzte Lesezeit\" \/>\n\t<meta name=\"twitter:data1\" content=\"1\u00a0Minute\" \/>\n<script type=\"application\/ld+json\" class=\"yoast-schema-graph\">{\"@context\":\"https:\\\/\\\/schema.org\",\"@graph\":[{\"@type\":\"WebPage\",\"@id\":\"https:\\\/\\\/www.sirmionehotel.com\\\/de\\\/besuchen-sirmione\\\/grotten-des-catull\\\/\",\"url\":\"https:\\\/\\\/www.sirmionehotel.com\\\/de\\\/besuchen-sirmione\\\/grotten-des-catull\\\/\",\"name\":\"Grotte di Catullo | Sirmione | Lago di Garda | Ville romane\",\"isPartOf\":{\"@id\":\"https:\\\/\\\/www.sirmionehotel.com\\\/#website\"},\"primaryImageOfPage\":{\"@id\":\"https:\\\/\\\/www.sirmionehotel.com\\\/de\\\/besuchen-sirmione\\\/grotten-des-catull\\\/#primaryimage\"},\"image\":{\"@id\":\"https:\\\/\\\/www.sirmionehotel.com\\\/de\\\/besuchen-sirmione\\\/grotten-des-catull\\\/#primaryimage\"},\"thumbnailUrl\":\"https:\\\/\\\/www.sirmionehotel.com\\\/wp-content\\\/uploads\\\/2015\\\/02\\\/10609460_729053337129832_5750839173439226159_n.jpg\",\"datePublished\":\"2017-03-24T13:58:00+00:00\",\"dateModified\":\"2023-12-21T15:18:39+00:00\",\"description\":\"Grotte di Catullo a Sirmione una delle ville romane sul lago di Garda posizionate sulla punta della penisola godono di uno splendido panorama dal centro del lago di Garda\",\"breadcrumb\":{\"@id\":\"https:\\\/\\\/www.sirmionehotel.com\\\/de\\\/besuchen-sirmione\\\/grotten-des-catull\\\/#breadcrumb\"},\"inLanguage\":\"de\",\"potentialAction\":[{\"@type\":\"ReadAction\",\"target\":[\"https:\\\/\\\/www.sirmionehotel.com\\\/de\\\/besuchen-sirmione\\\/grotten-des-catull\\\/\"]}]},{\"@type\":\"ImageObject\",\"inLanguage\":\"de\",\"@id\":\"https:\\\/\\\/www.sirmionehotel.com\\\/de\\\/besuchen-sirmione\\\/grotten-des-catull\\\/#primaryimage\",\"url\":\"https:\\\/\\\/www.sirmionehotel.com\\\/wp-content\\\/uploads\\\/2015\\\/02\\\/10609460_729053337129832_5750839173439226159_n.jpg\",\"contentUrl\":\"https:\\\/\\\/www.sirmionehotel.com\\\/wp-content\\\/uploads\\\/2015\\\/02\\\/10609460_729053337129832_5750839173439226159_n.jpg\",\"width\":960,\"height\":638,\"caption\":\"Grotte di Catullo\"},{\"@type\":\"BreadcrumbList\",\"@id\":\"https:\\\/\\\/www.sirmionehotel.com\\\/de\\\/besuchen-sirmione\\\/grotten-des-catull\\\/#breadcrumb\",\"itemListElement\":[{\"@type\":\"ListItem\",\"position\":1,\"name\":\"Home\",\"item\":\"https:\\\/\\\/www.sirmionehotel.com\\\/de\\\/\"},{\"@type\":\"ListItem\",\"position\":2,\"name\":\"Besuchen Sirmione\",\"item\":\"https:\\\/\\\/www.sirmionehotel.com\\\/de\\\/besuchen-sirmione\\\/\"},{\"@type\":\"ListItem\",\"position\":3,\"name\":\"Grotten des Catull\"}]},{\"@type\":\"WebSite\",\"@id\":\"https:\\\/\\\/www.sirmionehotel.com\\\/#website\",\"url\":\"https:\\\/\\\/www.sirmionehotel.com\\\/\",\"name\":\"Consorzio Albergatori Ristoratori Sirmione\",\"description\":\"\",\"potentialAction\":[{\"@type\":\"SearchAction\",\"target\":{\"@type\":\"EntryPoint\",\"urlTemplate\":\"https:\\\/\\\/www.sirmionehotel.com\\\/?s={search_term_string}\"},\"query-input\":{\"@type\":\"PropertyValueSpecification\",\"valueRequired\":true,\"valueName\":\"search_term_string\"}}],\"inLanguage\":\"de\"}]}<\/script>\n<!-- \/ Yoast SEO plugin. -->","yoast_head_json":{"title":"Grotte di Catullo | Sirmione | Lago di Garda | Ville romane","description":"Grotte di Catullo a Sirmione una delle ville romane sul lago di Garda posizionate sulla punta della penisola godono di uno splendido panorama dal centro del lago di Garda","robots":{"index":"index","follow":"follow","max-snippet":"max-snippet:-1","max-image-preview":"max-image-preview:large","max-video-preview":"max-video-preview:-1"},"canonical":"https:\/\/www.sirmionehotel.com\/de\/besuchen-sirmione\/grotten-des-catull\/","twitter_misc":{"Gesch\u00e4tzte Lesezeit":"1\u00a0Minute"},"schema":{"@context":"https:\/\/schema.org","@graph":[{"@type":"WebPage","@id":"https:\/\/www.sirmionehotel.com\/de\/besuchen-sirmione\/grotten-des-catull\/","url":"https:\/\/www.sirmionehotel.com\/de\/besuchen-sirmione\/grotten-des-catull\/","name":"Grotte di Catullo | Sirmione | Lago di Garda | Ville romane","isPartOf":{"@id":"https:\/\/www.sirmionehotel.com\/#website"},"primaryImageOfPage":{"@id":"https:\/\/www.sirmionehotel.com\/de\/besuchen-sirmione\/grotten-des-catull\/#primaryimage"},"image":{"@id":"https:\/\/www.sirmionehotel.com\/de\/besuchen-sirmione\/grotten-des-catull\/#primaryimage"},"thumbnailUrl":"https:\/\/www.sirmionehotel.com\/wp-content\/uploads\/2015\/02\/10609460_729053337129832_5750839173439226159_n.jpg","datePublished":"2017-03-24T13:58:00+00:00","dateModified":"2023-12-21T15:18:39+00:00","description":"Grotte di Catullo a Sirmione una delle ville romane sul lago di Garda posizionate sulla punta della penisola godono di uno splendido panorama dal centro del lago di Garda","breadcrumb":{"@id":"https:\/\/www.sirmionehotel.com\/de\/besuchen-sirmione\/grotten-des-catull\/#breadcrumb"},"inLanguage":"de","potentialAction":[{"@type":"ReadAction","target":["https:\/\/www.sirmionehotel.com\/de\/besuchen-sirmione\/grotten-des-catull\/"]}]},{"@type":"ImageObject","inLanguage":"de","@id":"https:\/\/www.sirmionehotel.com\/de\/besuchen-sirmione\/grotten-des-catull\/#primaryimage","url":"https:\/\/www.sirmionehotel.com\/wp-content\/uploads\/2015\/02\/10609460_729053337129832_5750839173439226159_n.jpg","contentUrl":"https:\/\/www.sirmionehotel.com\/wp-content\/uploads\/2015\/02\/10609460_729053337129832_5750839173439226159_n.jpg","width":960,"height":638,"caption":"Grotte di Catullo"},{"@type":"BreadcrumbList","@id":"https:\/\/www.sirmionehotel.com\/de\/besuchen-sirmione\/grotten-des-catull\/#breadcrumb","itemListElement":[{"@type":"ListItem","position":1,"name":"Home","item":"https:\/\/www.sirmionehotel.com\/de\/"},{"@type":"ListItem","position":2,"name":"Besuchen Sirmione","item":"https:\/\/www.sirmionehotel.com\/de\/besuchen-sirmione\/"},{"@type":"ListItem","position":3,"name":"Grotten des Catull"}]},{"@type":"WebSite","@id":"https:\/\/www.sirmionehotel.com\/#website","url":"https:\/\/www.sirmionehotel.com\/","name":"Consorzio Albergatori Ristoratori Sirmione","description":"","potentialAction":[{"@type":"SearchAction","target":{"@type":"EntryPoint","urlTemplate":"https:\/\/www.sirmionehotel.com\/?s={search_term_string}"},"query-input":{"@type":"PropertyValueSpecification","valueRequired":true,"valueName":"search_term_string"}}],"inLanguage":"de"}]}},"_links":{"self":[{"href":"https:\/\/www.sirmionehotel.com\/de\/wp-json\/wp\/v2\/pages\/15319","targetHints":{"allow":["GET"]}}],"collection":[{"href":"https:\/\/www.sirmionehotel.com\/de\/wp-json\/wp\/v2\/pages"}],"about":[{"href":"https:\/\/www.sirmionehotel.com\/de\/wp-json\/wp\/v2\/types\/page"}],"author":[{"embeddable":true,"href":"https:\/\/www.sirmionehotel.com\/de\/wp-json\/wp\/v2\/users\/1"}],"replies":[{"embeddable":true,"href":"https:\/\/www.sirmionehotel.com\/de\/wp-json\/wp\/v2\/comments?post=15319"}],"version-history":[{"count":0,"href":"https:\/\/www.sirmionehotel.com\/de\/wp-json\/wp\/v2\/pages\/15319\/revisions"}],"up":[{"embeddable":true,"href":"https:\/\/www.sirmionehotel.com\/de\/wp-json\/wp\/v2\/pages\/15032"}],"wp:featuredmedia":[{"embeddable":true,"href":"https:\/\/www.sirmionehotel.com\/de\/wp-json\/wp\/v2\/media\/15321"}],"wp:attachment":[{"href":"https:\/\/www.sirmionehotel.com\/de\/wp-json\/wp\/v2\/media?parent=15319"}],"curies":[{"name":"wp","href":"https:\/\/api.w.org\/{rel}","templated":true}]}}