{"id":15325,"date":"2017-03-24T13:54:39","date_gmt":"2017-03-24T13:54:39","guid":{"rendered":"https:\/\/www.sirmionehotel.com\/\/besuchen-sirmione\/castello-di-sirmione\/"},"modified":"2023-12-21T15:18:33","modified_gmt":"2023-12-21T15:18:33","slug":"skaligerburg-von-sirmione","status":"publish","type":"page","link":"https:\/\/www.sirmionehotel.com\/de\/besuchen-sirmione\/skaligerburg-von-sirmione\/","title":{"rendered":"Skaligerburg von Sirmione"},"content":{"rendered":"<div class=\"container\">\n<h4 class=\"wp-block-heading\">Die ber\u00fchmte mittelalterliche Burg, die das antike Dorf beherbergt, ist eines der am meisten fotografierten Monumente der Welt<\/h4>\n<\/div>\n\n<div class=\"container\">\n<p>Skaligerburg von Sirmione,\u00a0Die Burg von Sirmione, Skaligerburg genannt, ist eine der besterhaltenen Burgen Italiens.\u00a0Um 1259 begann Mastino I della Scala die Errichtung der imposanten Burg, die als strategischer\u00a0 Ausgangspunkt zur Kontrolle des Gardasees diente;\u00a0 dank seiner geographischen Grenzlage war Sirmione der Schwerpunkt des Verteidigungssystems der Skaliger.<\/p>\n<\/div>\n\n<div class=\"container\">\n<p>Es handelt sich um eine seltene Festungsanlage mit Hafennutzung, die, mit Schwalbenschwanzzinnen gekr\u00f6nte Mauern und T\u00fcrme aufweist. Die m\u00e4chtige und vollst\u00e4ndig vom Wasser umgebene Burg hat einen inneren Gang, auf dem sich r\u00f6mische und mittelalterliche Inschriften befinden. Die 146 Stufen-Treppe der zweiten Burgmauer, die zum Hauptturm f\u00fchren erreicht man \u00fcber eine Zugbr\u00fccke; sie f\u00fchrt zus\u00e4tzlich zu Gehwegen entlang der Mauernzinnen; von hier aus kann man den eindrucksvollen antiken Hafen der Skaligerflotte betrachten<\/p>\n<\/div>","protected":false},"excerpt":{"rendered":"<p>Die ber\u00fchmte mittelalterliche Burg, die das antike Dorf beherbergt, ist eines der [&hellip;]<\/p>\n","protected":false},"author":1,"featured_media":15326,"parent":15032,"menu_order":127,"comment_status":"open","ping_status":"closed","template":"template-page\/visit-sirmione.php","meta":{"_acf_changed":false,"footnotes":""},"class_list":["post-15325","page","type-page","status-publish","has-post-thumbnail","hentry"],"acf":[],"yoast_head":"<!-- This site is optimized with the Yoast SEO plugin v27.5 - https:\/\/yoast.com\/product\/yoast-seo-wordpress\/ -->\n<title>Castello di Sirmione | Rocca Scaligera sul Lago di Garda |<\/title>\n<meta name=\"description\" content=\"Castello di Sirmione al centro del lago di Garda, rocca medievale del XIII secolo voluta da Mastino I della Scala a controllo del lago\" \/>\n<meta name=\"robots\" content=\"index, follow, max-snippet:-1, max-image-preview:large, max-video-preview:-1\" \/>\n<link rel=\"canonical\" href=\"https:\/\/www.sirmionehotel.com\/de\/besuchen-sirmione\/skaligerburg-von-sirmione\/\" \/>\n<meta name=\"twitter:label1\" content=\"Gesch\u00e4tzte Lesezeit\" \/>\n\t<meta name=\"twitter:data1\" content=\"1\u00a0Minute\" \/>\n<script type=\"application\/ld+json\" class=\"yoast-schema-graph\">{\"@context\":\"https:\\\/\\\/schema.org\",\"@graph\":[{\"@type\":\"WebPage\",\"@id\":\"https:\\\/\\\/www.sirmionehotel.com\\\/de\\\/besuchen-sirmione\\\/skaligerburg-von-sirmione\\\/\",\"url\":\"https:\\\/\\\/www.sirmionehotel.com\\\/de\\\/besuchen-sirmione\\\/skaligerburg-von-sirmione\\\/\",\"name\":\"Castello di Sirmione | Rocca Scaligera sul Lago di Garda |\",\"isPartOf\":{\"@id\":\"https:\\\/\\\/www.sirmionehotel.com\\\/#website\"},\"primaryImageOfPage\":{\"@id\":\"https:\\\/\\\/www.sirmionehotel.com\\\/de\\\/besuchen-sirmione\\\/skaligerburg-von-sirmione\\\/#primaryimage\"},\"image\":{\"@id\":\"https:\\\/\\\/www.sirmionehotel.com\\\/de\\\/besuchen-sirmione\\\/skaligerburg-von-sirmione\\\/#primaryimage\"},\"thumbnailUrl\":\"https:\\\/\\\/www.sirmionehotel.com\\\/wp-content\\\/uploads\\\/2015\\\/08\\\/Nightshot-castello-di-Sirmione-1-di-Markus-Guhl-Stoccarda.jpg\",\"datePublished\":\"2017-03-24T13:54:39+00:00\",\"dateModified\":\"2023-12-21T15:18:33+00:00\",\"description\":\"Castello di Sirmione al centro del lago di Garda, rocca medievale del XIII secolo voluta da Mastino I della Scala a controllo del lago\",\"breadcrumb\":{\"@id\":\"https:\\\/\\\/www.sirmionehotel.com\\\/de\\\/besuchen-sirmione\\\/skaligerburg-von-sirmione\\\/#breadcrumb\"},\"inLanguage\":\"de\",\"potentialAction\":[{\"@type\":\"ReadAction\",\"target\":[\"https:\\\/\\\/www.sirmionehotel.com\\\/de\\\/besuchen-sirmione\\\/skaligerburg-von-sirmione\\\/\"]}]},{\"@type\":\"ImageObject\",\"inLanguage\":\"de\",\"@id\":\"https:\\\/\\\/www.sirmionehotel.com\\\/de\\\/besuchen-sirmione\\\/skaligerburg-von-sirmione\\\/#primaryimage\",\"url\":\"https:\\\/\\\/www.sirmionehotel.com\\\/wp-content\\\/uploads\\\/2015\\\/08\\\/Nightshot-castello-di-Sirmione-1-di-Markus-Guhl-Stoccarda.jpg\",\"contentUrl\":\"https:\\\/\\\/www.sirmionehotel.com\\\/wp-content\\\/uploads\\\/2015\\\/08\\\/Nightshot-castello-di-Sirmione-1-di-Markus-Guhl-Stoccarda.jpg\",\"width\":960,\"height\":641,\"caption\":\"Nightshot castello di Sirmione 1 di Markus Guhl (Stoccarda)\"},{\"@type\":\"BreadcrumbList\",\"@id\":\"https:\\\/\\\/www.sirmionehotel.com\\\/de\\\/besuchen-sirmione\\\/skaligerburg-von-sirmione\\\/#breadcrumb\",\"itemListElement\":[{\"@type\":\"ListItem\",\"position\":1,\"name\":\"Home\",\"item\":\"https:\\\/\\\/www.sirmionehotel.com\\\/de\\\/\"},{\"@type\":\"ListItem\",\"position\":2,\"name\":\"Besuchen Sirmione\",\"item\":\"https:\\\/\\\/www.sirmionehotel.com\\\/de\\\/besuchen-sirmione\\\/\"},{\"@type\":\"ListItem\",\"position\":3,\"name\":\"Skaligerburg von Sirmione\"}]},{\"@type\":\"WebSite\",\"@id\":\"https:\\\/\\\/www.sirmionehotel.com\\\/#website\",\"url\":\"https:\\\/\\\/www.sirmionehotel.com\\\/\",\"name\":\"Consorzio Albergatori Ristoratori Sirmione\",\"description\":\"\",\"potentialAction\":[{\"@type\":\"SearchAction\",\"target\":{\"@type\":\"EntryPoint\",\"urlTemplate\":\"https:\\\/\\\/www.sirmionehotel.com\\\/?s={search_term_string}\"},\"query-input\":{\"@type\":\"PropertyValueSpecification\",\"valueRequired\":true,\"valueName\":\"search_term_string\"}}],\"inLanguage\":\"de\"}]}<\/script>\n<!-- \/ Yoast SEO plugin. -->","yoast_head_json":{"title":"Castello di Sirmione | Rocca Scaligera sul Lago di Garda |","description":"Castello di Sirmione al centro del lago di Garda, rocca medievale del XIII secolo voluta da Mastino I della Scala a controllo del lago","robots":{"index":"index","follow":"follow","max-snippet":"max-snippet:-1","max-image-preview":"max-image-preview:large","max-video-preview":"max-video-preview:-1"},"canonical":"https:\/\/www.sirmionehotel.com\/de\/besuchen-sirmione\/skaligerburg-von-sirmione\/","twitter_misc":{"Gesch\u00e4tzte Lesezeit":"1\u00a0Minute"},"schema":{"@context":"https:\/\/schema.org","@graph":[{"@type":"WebPage","@id":"https:\/\/www.sirmionehotel.com\/de\/besuchen-sirmione\/skaligerburg-von-sirmione\/","url":"https:\/\/www.sirmionehotel.com\/de\/besuchen-sirmione\/skaligerburg-von-sirmione\/","name":"Castello di Sirmione | Rocca Scaligera sul Lago di Garda |","isPartOf":{"@id":"https:\/\/www.sirmionehotel.com\/#website"},"primaryImageOfPage":{"@id":"https:\/\/www.sirmionehotel.com\/de\/besuchen-sirmione\/skaligerburg-von-sirmione\/#primaryimage"},"image":{"@id":"https:\/\/www.sirmionehotel.com\/de\/besuchen-sirmione\/skaligerburg-von-sirmione\/#primaryimage"},"thumbnailUrl":"https:\/\/www.sirmionehotel.com\/wp-content\/uploads\/2015\/08\/Nightshot-castello-di-Sirmione-1-di-Markus-Guhl-Stoccarda.jpg","datePublished":"2017-03-24T13:54:39+00:00","dateModified":"2023-12-21T15:18:33+00:00","description":"Castello di Sirmione al centro del lago di Garda, rocca medievale del XIII secolo voluta da Mastino I della Scala a controllo del lago","breadcrumb":{"@id":"https:\/\/www.sirmionehotel.com\/de\/besuchen-sirmione\/skaligerburg-von-sirmione\/#breadcrumb"},"inLanguage":"de","potentialAction":[{"@type":"ReadAction","target":["https:\/\/www.sirmionehotel.com\/de\/besuchen-sirmione\/skaligerburg-von-sirmione\/"]}]},{"@type":"ImageObject","inLanguage":"de","@id":"https:\/\/www.sirmionehotel.com\/de\/besuchen-sirmione\/skaligerburg-von-sirmione\/#primaryimage","url":"https:\/\/www.sirmionehotel.com\/wp-content\/uploads\/2015\/08\/Nightshot-castello-di-Sirmione-1-di-Markus-Guhl-Stoccarda.jpg","contentUrl":"https:\/\/www.sirmionehotel.com\/wp-content\/uploads\/2015\/08\/Nightshot-castello-di-Sirmione-1-di-Markus-Guhl-Stoccarda.jpg","width":960,"height":641,"caption":"Nightshot castello di Sirmione 1 di Markus Guhl (Stoccarda)"},{"@type":"BreadcrumbList","@id":"https:\/\/www.sirmionehotel.com\/de\/besuchen-sirmione\/skaligerburg-von-sirmione\/#breadcrumb","itemListElement":[{"@type":"ListItem","position":1,"name":"Home","item":"https:\/\/www.sirmionehotel.com\/de\/"},{"@type":"ListItem","position":2,"name":"Besuchen Sirmione","item":"https:\/\/www.sirmionehotel.com\/de\/besuchen-sirmione\/"},{"@type":"ListItem","position":3,"name":"Skaligerburg von Sirmione"}]},{"@type":"WebSite","@id":"https:\/\/www.sirmionehotel.com\/#website","url":"https:\/\/www.sirmionehotel.com\/","name":"Consorzio Albergatori Ristoratori Sirmione","description":"","potentialAction":[{"@type":"SearchAction","target":{"@type":"EntryPoint","urlTemplate":"https:\/\/www.sirmionehotel.com\/?s={search_term_string}"},"query-input":{"@type":"PropertyValueSpecification","valueRequired":true,"valueName":"search_term_string"}}],"inLanguage":"de"}]}},"_links":{"self":[{"href":"https:\/\/www.sirmionehotel.com\/de\/wp-json\/wp\/v2\/pages\/15325","targetHints":{"allow":["GET"]}}],"collection":[{"href":"https:\/\/www.sirmionehotel.com\/de\/wp-json\/wp\/v2\/pages"}],"about":[{"href":"https:\/\/www.sirmionehotel.com\/de\/wp-json\/wp\/v2\/types\/page"}],"author":[{"embeddable":true,"href":"https:\/\/www.sirmionehotel.com\/de\/wp-json\/wp\/v2\/users\/1"}],"replies":[{"embeddable":true,"href":"https:\/\/www.sirmionehotel.com\/de\/wp-json\/wp\/v2\/comments?post=15325"}],"version-history":[{"count":0,"href":"https:\/\/www.sirmionehotel.com\/de\/wp-json\/wp\/v2\/pages\/15325\/revisions"}],"up":[{"embeddable":true,"href":"https:\/\/www.sirmionehotel.com\/de\/wp-json\/wp\/v2\/pages\/15032"}],"wp:featuredmedia":[{"embeddable":true,"href":"https:\/\/www.sirmionehotel.com\/de\/wp-json\/wp\/v2\/media\/15326"}],"wp:attachment":[{"href":"https:\/\/www.sirmionehotel.com\/de\/wp-json\/wp\/v2\/media?parent=15325"}],"curies":[{"name":"wp","href":"https:\/\/api.w.org\/{rel}","templated":true}]}}