{"id":15331,"date":"2017-03-24T14:01:28","date_gmt":"2017-03-24T14:01:28","guid":{"rendered":"https:\/\/www.sirmionehotel.com\/\/besuchen-sirmione\/palazzo-callas-sirmione\/"},"modified":"2023-12-21T15:18:28","modified_gmt":"2023-12-21T15:18:28","slug":"palazzo-callas","status":"publish","type":"page","link":"https:\/\/www.sirmionehotel.com\/de\/besuchen-sirmione\/palazzo-callas\/","title":{"rendered":"Palazzo Callas"},"content":{"rendered":"<div class=\"container\">\n<h2 class=\"wp-block-heading\">Palazzo Callas am Haupplatz Piazza Carducci<\/h2>\n<\/div>\n\n<div class=\"container\">\n<p>Maria Callas wurde am 2. Dezember 1923 in New York geboren und starb in Paris am 16. September 1977. Die griechische Operns\u00e4ngerin ging als erstklassige Sopranistin im Firmament des lyrischen Gesangs in die Geschichte ein. In den 50er Jahren, verbrachte sie wiederholt l\u00e4ngere Zeit&nbsp; in Sirmione, in der Villa ihres Mannes, des reichen Unternehmers Giovan Battista Meneghini. Ihr Aufenthalt auf der Halbinsel, wo sie weg vom lauten mond\u00e4nen<\/p>\n<\/div>\n\n<div class=\"container\">\n<p>Gesellschaftsleben heitere Tage verbrachte, wurde von ihr immer als ein wahrhafter Genu\u00df empfunden, wor\u00fcber sie \u00f6ffentlich nie geschwiegen hat. Auch wenn ihre Besuche nur gelegentlich stattfanden, beweisen sie ihre liebevolle Zuneigung f\u00fcr \u201cCatullos Halbinsel\u201d. Hierhin w\u00e4re sie, laut ihrer Worte, gekommen \u201cum dieses Paradies vollst\u00e4ndig zu genie\u00dfen, wo Titta und ich uns vorstellen, da\u00df wie hier unsere letzen vergangenen Tage verbringen werden.\u201d Wenige Tage vor ihrem Tod sagte sie zu ihrer Freundin diese letzte Worte:\u201d Ich sehne mich nach Sirmione \u201c. Der, nach dem Namen der S\u00e4ngerin&nbsp; genannte Palazzo Callas befindet sich an der zentralen Piazza Carducci in der Altstadt von Sirmione und wurde von den \u00f6rtlichen Gemeindebeh\u00f6rden zum Veranstaltungsort f\u00fcr Ausstellungen und wichtige Ereignisse umgebaut.<\/p>\n<\/div>","protected":false},"excerpt":{"rendered":"<p>Palazzo Callas am Haupplatz Piazza Carducci Maria Callas wurde am 2. Dezember [&hellip;]<\/p>\n","protected":false},"author":1,"featured_media":15332,"parent":15032,"menu_order":146,"comment_status":"open","ping_status":"closed","template":"template-page\/visit-sirmione.php","meta":{"_acf_changed":false,"footnotes":""},"class_list":["post-15331","page","type-page","status-publish","has-post-thumbnail","hentry"],"acf":[],"yoast_head":"<!-- This site is optimized with the Yoast SEO plugin v27.3 - https:\/\/yoast.com\/product\/yoast-seo-wordpress\/ -->\n<title>Palazzo Callas - Consorzio Albergatori Ristoratori Sirmione<\/title>\n<meta name=\"robots\" content=\"index, follow, max-snippet:-1, max-image-preview:large, max-video-preview:-1\" \/>\n<link rel=\"canonical\" href=\"https:\/\/www.sirmionehotel.com\/de\/besuchen-sirmione\/palazzo-callas\/\" \/>\n<meta name=\"twitter:label1\" content=\"Gesch\u00e4tzte Lesezeit\" \/>\n\t<meta name=\"twitter:data1\" content=\"2\u00a0Minuten\" \/>\n<script type=\"application\/ld+json\" class=\"yoast-schema-graph\">{\"@context\":\"https:\\\/\\\/schema.org\",\"@graph\":[{\"@type\":\"WebPage\",\"@id\":\"https:\\\/\\\/www.sirmionehotel.com\\\/de\\\/besuchen-sirmione\\\/palazzo-callas\\\/\",\"url\":\"https:\\\/\\\/www.sirmionehotel.com\\\/de\\\/besuchen-sirmione\\\/palazzo-callas\\\/\",\"name\":\"Palazzo Callas - Consorzio Albergatori Ristoratori Sirmione\",\"isPartOf\":{\"@id\":\"https:\\\/\\\/www.sirmionehotel.com\\\/#website\"},\"primaryImageOfPage\":{\"@id\":\"https:\\\/\\\/www.sirmionehotel.com\\\/de\\\/besuchen-sirmione\\\/palazzo-callas\\\/#primaryimage\"},\"image\":{\"@id\":\"https:\\\/\\\/www.sirmionehotel.com\\\/de\\\/besuchen-sirmione\\\/palazzo-callas\\\/#primaryimage\"},\"thumbnailUrl\":\"https:\\\/\\\/www.sirmionehotel.com\\\/wp-content\\\/uploads\\\/2015\\\/02\\\/villa-callas.png\",\"datePublished\":\"2017-03-24T14:01:28+00:00\",\"dateModified\":\"2023-12-21T15:18:28+00:00\",\"breadcrumb\":{\"@id\":\"https:\\\/\\\/www.sirmionehotel.com\\\/de\\\/besuchen-sirmione\\\/palazzo-callas\\\/#breadcrumb\"},\"inLanguage\":\"de\",\"potentialAction\":[{\"@type\":\"ReadAction\",\"target\":[\"https:\\\/\\\/www.sirmionehotel.com\\\/de\\\/besuchen-sirmione\\\/palazzo-callas\\\/\"]}]},{\"@type\":\"ImageObject\",\"inLanguage\":\"de\",\"@id\":\"https:\\\/\\\/www.sirmionehotel.com\\\/de\\\/besuchen-sirmione\\\/palazzo-callas\\\/#primaryimage\",\"url\":\"https:\\\/\\\/www.sirmionehotel.com\\\/wp-content\\\/uploads\\\/2015\\\/02\\\/villa-callas.png\",\"contentUrl\":\"https:\\\/\\\/www.sirmionehotel.com\\\/wp-content\\\/uploads\\\/2015\\\/02\\\/villa-callas.png\",\"width\":599,\"height\":798,\"caption\":\"Villa Callas-Sirmione\"},{\"@type\":\"BreadcrumbList\",\"@id\":\"https:\\\/\\\/www.sirmionehotel.com\\\/de\\\/besuchen-sirmione\\\/palazzo-callas\\\/#breadcrumb\",\"itemListElement\":[{\"@type\":\"ListItem\",\"position\":1,\"name\":\"Home\",\"item\":\"https:\\\/\\\/www.sirmionehotel.com\\\/de\\\/\"},{\"@type\":\"ListItem\",\"position\":2,\"name\":\"Besuchen Sirmione\",\"item\":\"https:\\\/\\\/www.sirmionehotel.com\\\/de\\\/besuchen-sirmione\\\/\"},{\"@type\":\"ListItem\",\"position\":3,\"name\":\"Palazzo Callas\"}]},{\"@type\":\"WebSite\",\"@id\":\"https:\\\/\\\/www.sirmionehotel.com\\\/#website\",\"url\":\"https:\\\/\\\/www.sirmionehotel.com\\\/\",\"name\":\"Consorzio Albergatori Ristoratori Sirmione\",\"description\":\"\",\"potentialAction\":[{\"@type\":\"SearchAction\",\"target\":{\"@type\":\"EntryPoint\",\"urlTemplate\":\"https:\\\/\\\/www.sirmionehotel.com\\\/?s={search_term_string}\"},\"query-input\":{\"@type\":\"PropertyValueSpecification\",\"valueRequired\":true,\"valueName\":\"search_term_string\"}}],\"inLanguage\":\"de\"}]}<\/script>\n<!-- \/ Yoast SEO plugin. -->","yoast_head_json":{"title":"Palazzo Callas - Consorzio Albergatori Ristoratori Sirmione","robots":{"index":"index","follow":"follow","max-snippet":"max-snippet:-1","max-image-preview":"max-image-preview:large","max-video-preview":"max-video-preview:-1"},"canonical":"https:\/\/www.sirmionehotel.com\/de\/besuchen-sirmione\/palazzo-callas\/","twitter_misc":{"Gesch\u00e4tzte Lesezeit":"2\u00a0Minuten"},"schema":{"@context":"https:\/\/schema.org","@graph":[{"@type":"WebPage","@id":"https:\/\/www.sirmionehotel.com\/de\/besuchen-sirmione\/palazzo-callas\/","url":"https:\/\/www.sirmionehotel.com\/de\/besuchen-sirmione\/palazzo-callas\/","name":"Palazzo Callas - Consorzio Albergatori Ristoratori Sirmione","isPartOf":{"@id":"https:\/\/www.sirmionehotel.com\/#website"},"primaryImageOfPage":{"@id":"https:\/\/www.sirmionehotel.com\/de\/besuchen-sirmione\/palazzo-callas\/#primaryimage"},"image":{"@id":"https:\/\/www.sirmionehotel.com\/de\/besuchen-sirmione\/palazzo-callas\/#primaryimage"},"thumbnailUrl":"https:\/\/www.sirmionehotel.com\/wp-content\/uploads\/2015\/02\/villa-callas.png","datePublished":"2017-03-24T14:01:28+00:00","dateModified":"2023-12-21T15:18:28+00:00","breadcrumb":{"@id":"https:\/\/www.sirmionehotel.com\/de\/besuchen-sirmione\/palazzo-callas\/#breadcrumb"},"inLanguage":"de","potentialAction":[{"@type":"ReadAction","target":["https:\/\/www.sirmionehotel.com\/de\/besuchen-sirmione\/palazzo-callas\/"]}]},{"@type":"ImageObject","inLanguage":"de","@id":"https:\/\/www.sirmionehotel.com\/de\/besuchen-sirmione\/palazzo-callas\/#primaryimage","url":"https:\/\/www.sirmionehotel.com\/wp-content\/uploads\/2015\/02\/villa-callas.png","contentUrl":"https:\/\/www.sirmionehotel.com\/wp-content\/uploads\/2015\/02\/villa-callas.png","width":599,"height":798,"caption":"Villa Callas-Sirmione"},{"@type":"BreadcrumbList","@id":"https:\/\/www.sirmionehotel.com\/de\/besuchen-sirmione\/palazzo-callas\/#breadcrumb","itemListElement":[{"@type":"ListItem","position":1,"name":"Home","item":"https:\/\/www.sirmionehotel.com\/de\/"},{"@type":"ListItem","position":2,"name":"Besuchen Sirmione","item":"https:\/\/www.sirmionehotel.com\/de\/besuchen-sirmione\/"},{"@type":"ListItem","position":3,"name":"Palazzo Callas"}]},{"@type":"WebSite","@id":"https:\/\/www.sirmionehotel.com\/#website","url":"https:\/\/www.sirmionehotel.com\/","name":"Consorzio Albergatori Ristoratori Sirmione","description":"","potentialAction":[{"@type":"SearchAction","target":{"@type":"EntryPoint","urlTemplate":"https:\/\/www.sirmionehotel.com\/?s={search_term_string}"},"query-input":{"@type":"PropertyValueSpecification","valueRequired":true,"valueName":"search_term_string"}}],"inLanguage":"de"}]}},"_links":{"self":[{"href":"https:\/\/www.sirmionehotel.com\/de\/wp-json\/wp\/v2\/pages\/15331","targetHints":{"allow":["GET"]}}],"collection":[{"href":"https:\/\/www.sirmionehotel.com\/de\/wp-json\/wp\/v2\/pages"}],"about":[{"href":"https:\/\/www.sirmionehotel.com\/de\/wp-json\/wp\/v2\/types\/page"}],"author":[{"embeddable":true,"href":"https:\/\/www.sirmionehotel.com\/de\/wp-json\/wp\/v2\/users\/1"}],"replies":[{"embeddable":true,"href":"https:\/\/www.sirmionehotel.com\/de\/wp-json\/wp\/v2\/comments?post=15331"}],"version-history":[{"count":0,"href":"https:\/\/www.sirmionehotel.com\/de\/wp-json\/wp\/v2\/pages\/15331\/revisions"}],"up":[{"embeddable":true,"href":"https:\/\/www.sirmionehotel.com\/de\/wp-json\/wp\/v2\/pages\/15032"}],"wp:featuredmedia":[{"embeddable":true,"href":"https:\/\/www.sirmionehotel.com\/de\/wp-json\/wp\/v2\/media\/15332"}],"wp:attachment":[{"href":"https:\/\/www.sirmionehotel.com\/de\/wp-json\/wp\/v2\/media?parent=15331"}],"curies":[{"name":"wp","href":"https:\/\/api.w.org\/{rel}","templated":true}]}}