{"id":15359,"date":"2019-08-18T09:02:11","date_gmt":"2019-08-18T09:02:11","guid":{"rendered":"https:\/\/www.sirmionehotel.com\/\/besuchen-sirmione\/sport-sirmione\/"},"modified":"2024-05-26T08:25:59","modified_gmt":"2024-05-26T08:25:59","slug":"sport-sirmione","status":"publish","type":"page","link":"https:\/\/www.sirmionehotel.com\/de\/besuchen-sirmione\/sport-sirmione\/","title":{"rendered":"Sport Sirmione"},"content":{"rendered":"<div class=\"container\">\n<h2 class=\"wp-block-heading\">Sport in Sirmione am Gardasee<\/h2>\n<\/div>\n\n<div class=\"container\">\n<p>Jemand nennt den Gardasee \u201ceine nat\u00fcrliche Sporthalle im Freien\u201d, wegen der zahlreichen Sportarten und Aktivit\u00e4ten die man im Bereich der wundersch\u00f6nen Landschaft des Gardasee treiben kann. Zun\u00e4chst gibt es eine reiche Palette an Wassersportarten wie z.B Windsurfen, wozu der n\u00f6rdliche Gardasee besonders geeignet ist, Tauchen um die Seetiefen zu entdecken, Rudern, Angeln aber auch Rafting, Segeln und Kite Surfen. Alle Sports k\u00f6nnen, jeder Erfahrunsstufe gem\u00e4\u00df, mit den modernsten, zur verf\u00fcgungstehenden Ausr\u00fcstungen und den besten Sportlehrern ausge\u00fcbt werden. Auf dem festen Land kann man sich in die Natur versenken und sich auf einer Golfbahn der unterschiedlichen ber\u00fchmten Gardaseegolfpl\u00e4tzen messen, oder man kann mit der Mountainbike eine der zahlreichen Strecken im H\u00fcgelland oder am Seeufer befahren, oder sonst von einem der verschiedenen, mit jedem Zubeh\u00f6r ausger\u00fcsteten, Reiterh\u00f6fe, mit dem Pferd in die wundersch\u00f6ne Gardaseelandschaft austreten.F\u00fcr die Fans der extremen Abenteuer in der H\u00f6he, sowie auch f\u00fcr diejenigen die sich auf die Probe stellen wollen, gibt es die M\u00f6glichkeit atemberaubender Aktivit\u00e4ten wie Klettern, Gleitschirmfliegen, Fallschirmspringen und Drachenfliegen.<\/p>\n<\/div>\n\n<div class=\"container\">\n<p>Sirmione SUP-Tour: Eine spannende Tour mit F\u00fchrung, bei der Sie die &#8222;Perle&#8220; des Gardasees aus einer neuen Perspektive kennenlernen k\u00f6nnen, mit Blick auf die Burg Sirmione und Grotten des Catull. Pause am Strand Giamaica. <\/p>\n<\/div>\n\n<div class=\"container\">\n<p>Rent &amp; Delivery Sup &#8211; Kajak<\/p>\n<\/div>\n\n<div class=\"container\">\n<p>SUP Gardasee &#8211; Verleih von Sportgeraten mit einem einfachen Klick! Planen Sie lhre Urlaubserlebnisse in Sirmione und schicken Sie uns eine WhatsApp-Nachricht. <\/p>\n<\/div>\n\n<div class=\"container\">\n<p>Lieferung und Abholung der SUP oder Kajakboote direkt am Hotel, Campingplatz, Ferienhaus oder Strand nach vorheriger Absprache, um den problemlosen Zugang<br>zum vereinbarten Treffpunkt zu pr\u00fcfen. T\u00e4glich ab 17.00 h (mit Reservierung) gef\u00fchrte SUP-Tour um die Halbinsel von Sirmione mit Blick auf die Grotten des Catull und Zwischenstation am Strand Giamaica. Dauer 2-3 Stunden.<\/p>\n<\/div>","protected":false},"excerpt":{"rendered":"<p>Sport in Sirmione am Gardasee Jemand nennt den Gardasee \u201ceine nat\u00fcrliche Sporthalle [&hellip;]<\/p>\n","protected":false},"author":78,"featured_media":15443,"parent":15032,"menu_order":100,"comment_status":"open","ping_status":"closed","template":"template-page\/visit-sirmione.php","meta":{"_acf_changed":false,"footnotes":""},"class_list":["post-15359","page","type-page","status-publish","has-post-thumbnail","hentry"],"acf":[],"yoast_head":"<!-- This site is optimized with the Yoast SEO plugin v27.5 - https:\/\/yoast.com\/product\/yoast-seo-wordpress\/ -->\n<title>Sport Sirmione - Consorzio Albergatori Ristoratori Sirmione<\/title>\n<meta name=\"robots\" content=\"index, follow, max-snippet:-1, max-image-preview:large, max-video-preview:-1\" \/>\n<link rel=\"canonical\" href=\"https:\/\/www.sirmionehotel.com\/de\/besuchen-sirmione\/sport-sirmione\/\" \/>\n<meta name=\"twitter:label1\" content=\"Gesch\u00e4tzte Lesezeit\" \/>\n\t<meta name=\"twitter:data1\" content=\"2\u00a0Minuten\" \/>\n<script type=\"application\/ld+json\" class=\"yoast-schema-graph\">{\"@context\":\"https:\\\/\\\/schema.org\",\"@graph\":[{\"@type\":\"WebPage\",\"@id\":\"https:\\\/\\\/www.sirmionehotel.com\\\/de\\\/besuchen-sirmione\\\/sport-sirmione\\\/\",\"url\":\"https:\\\/\\\/www.sirmionehotel.com\\\/de\\\/besuchen-sirmione\\\/sport-sirmione\\\/\",\"name\":\"Sport Sirmione - Consorzio Albergatori Ristoratori Sirmione\",\"isPartOf\":{\"@id\":\"https:\\\/\\\/www.sirmionehotel.com\\\/#website\"},\"primaryImageOfPage\":{\"@id\":\"https:\\\/\\\/www.sirmionehotel.com\\\/de\\\/besuchen-sirmione\\\/sport-sirmione\\\/#primaryimage\"},\"image\":{\"@id\":\"https:\\\/\\\/www.sirmionehotel.com\\\/de\\\/besuchen-sirmione\\\/sport-sirmione\\\/#primaryimage\"},\"thumbnailUrl\":\"https:\\\/\\\/www.sirmionehotel.com\\\/wp-content\\\/uploads\\\/2017\\\/04\\\/sport.jpg\",\"datePublished\":\"2019-08-18T09:02:11+00:00\",\"dateModified\":\"2024-05-26T08:25:59+00:00\",\"breadcrumb\":{\"@id\":\"https:\\\/\\\/www.sirmionehotel.com\\\/de\\\/besuchen-sirmione\\\/sport-sirmione\\\/#breadcrumb\"},\"inLanguage\":\"de\",\"potentialAction\":[{\"@type\":\"ReadAction\",\"target\":[\"https:\\\/\\\/www.sirmionehotel.com\\\/de\\\/besuchen-sirmione\\\/sport-sirmione\\\/\"]}]},{\"@type\":\"ImageObject\",\"inLanguage\":\"de\",\"@id\":\"https:\\\/\\\/www.sirmionehotel.com\\\/de\\\/besuchen-sirmione\\\/sport-sirmione\\\/#primaryimage\",\"url\":\"https:\\\/\\\/www.sirmionehotel.com\\\/wp-content\\\/uploads\\\/2017\\\/04\\\/sport.jpg\",\"contentUrl\":\"https:\\\/\\\/www.sirmionehotel.com\\\/wp-content\\\/uploads\\\/2017\\\/04\\\/sport.jpg\",\"width\":2048,\"height\":1170},{\"@type\":\"BreadcrumbList\",\"@id\":\"https:\\\/\\\/www.sirmionehotel.com\\\/de\\\/besuchen-sirmione\\\/sport-sirmione\\\/#breadcrumb\",\"itemListElement\":[{\"@type\":\"ListItem\",\"position\":1,\"name\":\"Home\",\"item\":\"https:\\\/\\\/www.sirmionehotel.com\\\/de\\\/\"},{\"@type\":\"ListItem\",\"position\":2,\"name\":\"Besuchen Sirmione\",\"item\":\"https:\\\/\\\/www.sirmionehotel.com\\\/de\\\/besuchen-sirmione\\\/\"},{\"@type\":\"ListItem\",\"position\":3,\"name\":\"Sport Sirmione\"}]},{\"@type\":\"WebSite\",\"@id\":\"https:\\\/\\\/www.sirmionehotel.com\\\/#website\",\"url\":\"https:\\\/\\\/www.sirmionehotel.com\\\/\",\"name\":\"Consorzio Albergatori Ristoratori Sirmione\",\"description\":\"\",\"potentialAction\":[{\"@type\":\"SearchAction\",\"target\":{\"@type\":\"EntryPoint\",\"urlTemplate\":\"https:\\\/\\\/www.sirmionehotel.com\\\/?s={search_term_string}\"},\"query-input\":{\"@type\":\"PropertyValueSpecification\",\"valueRequired\":true,\"valueName\":\"search_term_string\"}}],\"inLanguage\":\"de\"}]}<\/script>\n<!-- \/ Yoast SEO plugin. -->","yoast_head_json":{"title":"Sport Sirmione - Consorzio Albergatori Ristoratori Sirmione","robots":{"index":"index","follow":"follow","max-snippet":"max-snippet:-1","max-image-preview":"max-image-preview:large","max-video-preview":"max-video-preview:-1"},"canonical":"https:\/\/www.sirmionehotel.com\/de\/besuchen-sirmione\/sport-sirmione\/","twitter_misc":{"Gesch\u00e4tzte Lesezeit":"2\u00a0Minuten"},"schema":{"@context":"https:\/\/schema.org","@graph":[{"@type":"WebPage","@id":"https:\/\/www.sirmionehotel.com\/de\/besuchen-sirmione\/sport-sirmione\/","url":"https:\/\/www.sirmionehotel.com\/de\/besuchen-sirmione\/sport-sirmione\/","name":"Sport Sirmione - Consorzio Albergatori Ristoratori Sirmione","isPartOf":{"@id":"https:\/\/www.sirmionehotel.com\/#website"},"primaryImageOfPage":{"@id":"https:\/\/www.sirmionehotel.com\/de\/besuchen-sirmione\/sport-sirmione\/#primaryimage"},"image":{"@id":"https:\/\/www.sirmionehotel.com\/de\/besuchen-sirmione\/sport-sirmione\/#primaryimage"},"thumbnailUrl":"https:\/\/www.sirmionehotel.com\/wp-content\/uploads\/2017\/04\/sport.jpg","datePublished":"2019-08-18T09:02:11+00:00","dateModified":"2024-05-26T08:25:59+00:00","breadcrumb":{"@id":"https:\/\/www.sirmionehotel.com\/de\/besuchen-sirmione\/sport-sirmione\/#breadcrumb"},"inLanguage":"de","potentialAction":[{"@type":"ReadAction","target":["https:\/\/www.sirmionehotel.com\/de\/besuchen-sirmione\/sport-sirmione\/"]}]},{"@type":"ImageObject","inLanguage":"de","@id":"https:\/\/www.sirmionehotel.com\/de\/besuchen-sirmione\/sport-sirmione\/#primaryimage","url":"https:\/\/www.sirmionehotel.com\/wp-content\/uploads\/2017\/04\/sport.jpg","contentUrl":"https:\/\/www.sirmionehotel.com\/wp-content\/uploads\/2017\/04\/sport.jpg","width":2048,"height":1170},{"@type":"BreadcrumbList","@id":"https:\/\/www.sirmionehotel.com\/de\/besuchen-sirmione\/sport-sirmione\/#breadcrumb","itemListElement":[{"@type":"ListItem","position":1,"name":"Home","item":"https:\/\/www.sirmionehotel.com\/de\/"},{"@type":"ListItem","position":2,"name":"Besuchen Sirmione","item":"https:\/\/www.sirmionehotel.com\/de\/besuchen-sirmione\/"},{"@type":"ListItem","position":3,"name":"Sport Sirmione"}]},{"@type":"WebSite","@id":"https:\/\/www.sirmionehotel.com\/#website","url":"https:\/\/www.sirmionehotel.com\/","name":"Consorzio Albergatori Ristoratori Sirmione","description":"","potentialAction":[{"@type":"SearchAction","target":{"@type":"EntryPoint","urlTemplate":"https:\/\/www.sirmionehotel.com\/?s={search_term_string}"},"query-input":{"@type":"PropertyValueSpecification","valueRequired":true,"valueName":"search_term_string"}}],"inLanguage":"de"}]}},"_links":{"self":[{"href":"https:\/\/www.sirmionehotel.com\/de\/wp-json\/wp\/v2\/pages\/15359","targetHints":{"allow":["GET"]}}],"collection":[{"href":"https:\/\/www.sirmionehotel.com\/de\/wp-json\/wp\/v2\/pages"}],"about":[{"href":"https:\/\/www.sirmionehotel.com\/de\/wp-json\/wp\/v2\/types\/page"}],"author":[{"embeddable":true,"href":"https:\/\/www.sirmionehotel.com\/de\/wp-json\/wp\/v2\/users\/78"}],"replies":[{"embeddable":true,"href":"https:\/\/www.sirmionehotel.com\/de\/wp-json\/wp\/v2\/comments?post=15359"}],"version-history":[{"count":2,"href":"https:\/\/www.sirmionehotel.com\/de\/wp-json\/wp\/v2\/pages\/15359\/revisions"}],"predecessor-version":[{"id":19352,"href":"https:\/\/www.sirmionehotel.com\/de\/wp-json\/wp\/v2\/pages\/15359\/revisions\/19352"}],"up":[{"embeddable":true,"href":"https:\/\/www.sirmionehotel.com\/de\/wp-json\/wp\/v2\/pages\/15032"}],"wp:featuredmedia":[{"embeddable":true,"href":"https:\/\/www.sirmionehotel.com\/de\/wp-json\/wp\/v2\/media\/15443"}],"wp:attachment":[{"href":"https:\/\/www.sirmionehotel.com\/de\/wp-json\/wp\/v2\/media?parent=15359"}],"curies":[{"name":"wp","href":"https:\/\/api.w.org\/{rel}","templated":true}]}}