{"id":15408,"date":"2023-12-22T09:27:46","date_gmt":"2023-12-22T09:27:46","guid":{"rendered":"https:\/\/www.sirmionehotel.com\/\/besuchen-sirmione\/gaerten-und-parks-in-sirmione\/parco-san-vito\/"},"modified":"2023-12-22T10:31:21","modified_gmt":"2023-12-22T10:31:21","slug":"garten-park-san-vito","status":"publish","type":"page","link":"https:\/\/www.sirmionehotel.com\/de\/besuchen-sirmione\/gaerten-und-parks-in-sirmione\/garten-park-san-vito\/","title":{"rendered":"Garten Park San Vito"},"content":{"rendered":"<div class=\"container\">\n<h3 class=\"wp-block-heading\">Garten Park San Vito Sirmione<\/h3>\n<\/div>\n\n<div class=\"container\">\n<p>Sie k\u00f6nnen in der frischen Luft, am Seeufer entlang, joggen, eine Decke auf die gr\u00fcne, sanfte Wiese legen und ein Buch lesen, w\u00e4hrend Ihnen die Mor\u00e4nen H\u00fcgel jenseits des Schilfs zul\u00e4cheln.<\/p>\n<\/div>\n\n<div class=\"container\">\n<p>Garten Park San Vito, ein eleganter Park im Mittelpunkt der Halbinsel; Sie k\u00f6nnen auf seinen Wegen und Fu\u00dfg\u00e4ngerbr\u00fccken dem Schilf und dem Seeufer entlang laufen, Sie k\u00f6nnen gem\u00fctlich spazieren oder sich einfach in der Mitte des gr\u00fcnen Anphiteaters hinsetzen und die wei\u00dfen Wolken am Himmel verfolgen, w\u00e4hrend Sie, oberhalb des blauen Seewassers, vom Wind getrieben werden. Und schlie\u00dflich verbleiben Sie unter den Olivenb\u00e4umen und Pflanzen der Parkanlage und genie\u00dfen Sie ein Picknick im Freien.<\/p>\n<\/div>","protected":false},"excerpt":{"rendered":"<p>Garten Park San Vito Sirmione Sie k\u00f6nnen in der frischen Luft, am [&hellip;]<\/p>\n","protected":false},"author":3,"featured_media":15402,"parent":15098,"menu_order":48,"comment_status":"closed","ping_status":"closed","template":"template-page\/visit-sirmione.php","meta":{"_acf_changed":false,"footnotes":""},"class_list":["post-15408","page","type-page","status-publish","has-post-thumbnail","hentry"],"acf":[],"yoast_head":"<!-- This site is optimized with the Yoast SEO plugin v27.4 - https:\/\/yoast.com\/product\/yoast-seo-wordpress\/ -->\n<title>Garten Park San Vito - Consorzio Albergatori Ristoratori Sirmione<\/title>\n<meta name=\"robots\" content=\"index, follow, max-snippet:-1, max-image-preview:large, max-video-preview:-1\" \/>\n<link rel=\"canonical\" href=\"https:\/\/www.sirmionehotel.com\/de\/besuchen-sirmione\/gaerten-und-parks-in-sirmione\/garten-park-san-vito\/\" \/>\n<meta name=\"twitter:label1\" content=\"Gesch\u00e4tzte Lesezeit\" \/>\n\t<meta name=\"twitter:data1\" content=\"1\u00a0Minute\" \/>\n<script type=\"application\/ld+json\" class=\"yoast-schema-graph\">{\"@context\":\"https:\\\/\\\/schema.org\",\"@graph\":[{\"@type\":\"WebPage\",\"@id\":\"https:\\\/\\\/www.sirmionehotel.com\\\/de\\\/besuchen-sirmione\\\/gaerten-und-parks-in-sirmione\\\/garten-park-san-vito\\\/\",\"url\":\"https:\\\/\\\/www.sirmionehotel.com\\\/de\\\/besuchen-sirmione\\\/gaerten-und-parks-in-sirmione\\\/garten-park-san-vito\\\/\",\"name\":\"Garten Park San Vito - Consorzio Albergatori Ristoratori Sirmione\",\"isPartOf\":{\"@id\":\"https:\\\/\\\/www.sirmionehotel.com\\\/#website\"},\"primaryImageOfPage\":{\"@id\":\"https:\\\/\\\/www.sirmionehotel.com\\\/de\\\/besuchen-sirmione\\\/gaerten-und-parks-in-sirmione\\\/garten-park-san-vito\\\/#primaryimage\"},\"image\":{\"@id\":\"https:\\\/\\\/www.sirmionehotel.com\\\/de\\\/besuchen-sirmione\\\/gaerten-und-parks-in-sirmione\\\/garten-park-san-vito\\\/#primaryimage\"},\"thumbnailUrl\":\"https:\\\/\\\/www.sirmionehotel.com\\\/wp-content\\\/uploads\\\/2023\\\/12\\\/parco-san-vito-sirmione-parchi-1r.jpg\",\"datePublished\":\"2023-12-22T09:27:46+00:00\",\"dateModified\":\"2023-12-22T10:31:21+00:00\",\"breadcrumb\":{\"@id\":\"https:\\\/\\\/www.sirmionehotel.com\\\/de\\\/besuchen-sirmione\\\/gaerten-und-parks-in-sirmione\\\/garten-park-san-vito\\\/#breadcrumb\"},\"inLanguage\":\"de\",\"potentialAction\":[{\"@type\":\"ReadAction\",\"target\":[\"https:\\\/\\\/www.sirmionehotel.com\\\/de\\\/besuchen-sirmione\\\/gaerten-und-parks-in-sirmione\\\/garten-park-san-vito\\\/\"]}]},{\"@type\":\"ImageObject\",\"inLanguage\":\"de\",\"@id\":\"https:\\\/\\\/www.sirmionehotel.com\\\/de\\\/besuchen-sirmione\\\/gaerten-und-parks-in-sirmione\\\/garten-park-san-vito\\\/#primaryimage\",\"url\":\"https:\\\/\\\/www.sirmionehotel.com\\\/wp-content\\\/uploads\\\/2023\\\/12\\\/parco-san-vito-sirmione-parchi-1r.jpg\",\"contentUrl\":\"https:\\\/\\\/www.sirmionehotel.com\\\/wp-content\\\/uploads\\\/2023\\\/12\\\/parco-san-vito-sirmione-parchi-1r.jpg\",\"width\":900,\"height\":612},{\"@type\":\"BreadcrumbList\",\"@id\":\"https:\\\/\\\/www.sirmionehotel.com\\\/de\\\/besuchen-sirmione\\\/gaerten-und-parks-in-sirmione\\\/garten-park-san-vito\\\/#breadcrumb\",\"itemListElement\":[{\"@type\":\"ListItem\",\"position\":1,\"name\":\"Home\",\"item\":\"https:\\\/\\\/www.sirmionehotel.com\\\/de\\\/\"},{\"@type\":\"ListItem\",\"position\":2,\"name\":\"Besuchen Sirmione\",\"item\":\"https:\\\/\\\/www.sirmionehotel.com\\\/de\\\/besuchen-sirmione\\\/\"},{\"@type\":\"ListItem\",\"position\":3,\"name\":\"G\u00e4rten und Parks in Sirmione\",\"item\":\"https:\\\/\\\/www.sirmionehotel.com\\\/de\\\/besuchen-sirmione\\\/gaerten-und-parks-in-sirmione\\\/\"},{\"@type\":\"ListItem\",\"position\":4,\"name\":\"Garten Park San Vito\"}]},{\"@type\":\"WebSite\",\"@id\":\"https:\\\/\\\/www.sirmionehotel.com\\\/#website\",\"url\":\"https:\\\/\\\/www.sirmionehotel.com\\\/\",\"name\":\"Consorzio Albergatori Ristoratori Sirmione\",\"description\":\"\",\"potentialAction\":[{\"@type\":\"SearchAction\",\"target\":{\"@type\":\"EntryPoint\",\"urlTemplate\":\"https:\\\/\\\/www.sirmionehotel.com\\\/?s={search_term_string}\"},\"query-input\":{\"@type\":\"PropertyValueSpecification\",\"valueRequired\":true,\"valueName\":\"search_term_string\"}}],\"inLanguage\":\"de\"}]}<\/script>\n<!-- \/ Yoast SEO plugin. -->","yoast_head_json":{"title":"Garten Park San Vito - Consorzio Albergatori Ristoratori Sirmione","robots":{"index":"index","follow":"follow","max-snippet":"max-snippet:-1","max-image-preview":"max-image-preview:large","max-video-preview":"max-video-preview:-1"},"canonical":"https:\/\/www.sirmionehotel.com\/de\/besuchen-sirmione\/gaerten-und-parks-in-sirmione\/garten-park-san-vito\/","twitter_misc":{"Gesch\u00e4tzte Lesezeit":"1\u00a0Minute"},"schema":{"@context":"https:\/\/schema.org","@graph":[{"@type":"WebPage","@id":"https:\/\/www.sirmionehotel.com\/de\/besuchen-sirmione\/gaerten-und-parks-in-sirmione\/garten-park-san-vito\/","url":"https:\/\/www.sirmionehotel.com\/de\/besuchen-sirmione\/gaerten-und-parks-in-sirmione\/garten-park-san-vito\/","name":"Garten Park San Vito - Consorzio Albergatori Ristoratori Sirmione","isPartOf":{"@id":"https:\/\/www.sirmionehotel.com\/#website"},"primaryImageOfPage":{"@id":"https:\/\/www.sirmionehotel.com\/de\/besuchen-sirmione\/gaerten-und-parks-in-sirmione\/garten-park-san-vito\/#primaryimage"},"image":{"@id":"https:\/\/www.sirmionehotel.com\/de\/besuchen-sirmione\/gaerten-und-parks-in-sirmione\/garten-park-san-vito\/#primaryimage"},"thumbnailUrl":"https:\/\/www.sirmionehotel.com\/wp-content\/uploads\/2023\/12\/parco-san-vito-sirmione-parchi-1r.jpg","datePublished":"2023-12-22T09:27:46+00:00","dateModified":"2023-12-22T10:31:21+00:00","breadcrumb":{"@id":"https:\/\/www.sirmionehotel.com\/de\/besuchen-sirmione\/gaerten-und-parks-in-sirmione\/garten-park-san-vito\/#breadcrumb"},"inLanguage":"de","potentialAction":[{"@type":"ReadAction","target":["https:\/\/www.sirmionehotel.com\/de\/besuchen-sirmione\/gaerten-und-parks-in-sirmione\/garten-park-san-vito\/"]}]},{"@type":"ImageObject","inLanguage":"de","@id":"https:\/\/www.sirmionehotel.com\/de\/besuchen-sirmione\/gaerten-und-parks-in-sirmione\/garten-park-san-vito\/#primaryimage","url":"https:\/\/www.sirmionehotel.com\/wp-content\/uploads\/2023\/12\/parco-san-vito-sirmione-parchi-1r.jpg","contentUrl":"https:\/\/www.sirmionehotel.com\/wp-content\/uploads\/2023\/12\/parco-san-vito-sirmione-parchi-1r.jpg","width":900,"height":612},{"@type":"BreadcrumbList","@id":"https:\/\/www.sirmionehotel.com\/de\/besuchen-sirmione\/gaerten-und-parks-in-sirmione\/garten-park-san-vito\/#breadcrumb","itemListElement":[{"@type":"ListItem","position":1,"name":"Home","item":"https:\/\/www.sirmionehotel.com\/de\/"},{"@type":"ListItem","position":2,"name":"Besuchen Sirmione","item":"https:\/\/www.sirmionehotel.com\/de\/besuchen-sirmione\/"},{"@type":"ListItem","position":3,"name":"G\u00e4rten und Parks in Sirmione","item":"https:\/\/www.sirmionehotel.com\/de\/besuchen-sirmione\/gaerten-und-parks-in-sirmione\/"},{"@type":"ListItem","position":4,"name":"Garten Park San Vito"}]},{"@type":"WebSite","@id":"https:\/\/www.sirmionehotel.com\/#website","url":"https:\/\/www.sirmionehotel.com\/","name":"Consorzio Albergatori Ristoratori Sirmione","description":"","potentialAction":[{"@type":"SearchAction","target":{"@type":"EntryPoint","urlTemplate":"https:\/\/www.sirmionehotel.com\/?s={search_term_string}"},"query-input":{"@type":"PropertyValueSpecification","valueRequired":true,"valueName":"search_term_string"}}],"inLanguage":"de"}]}},"_links":{"self":[{"href":"https:\/\/www.sirmionehotel.com\/de\/wp-json\/wp\/v2\/pages\/15408","targetHints":{"allow":["GET"]}}],"collection":[{"href":"https:\/\/www.sirmionehotel.com\/de\/wp-json\/wp\/v2\/pages"}],"about":[{"href":"https:\/\/www.sirmionehotel.com\/de\/wp-json\/wp\/v2\/types\/page"}],"author":[{"embeddable":true,"href":"https:\/\/www.sirmionehotel.com\/de\/wp-json\/wp\/v2\/users\/3"}],"replies":[{"embeddable":true,"href":"https:\/\/www.sirmionehotel.com\/de\/wp-json\/wp\/v2\/comments?post=15408"}],"version-history":[{"count":1,"href":"https:\/\/www.sirmionehotel.com\/de\/wp-json\/wp\/v2\/pages\/15408\/revisions"}],"predecessor-version":[{"id":15410,"href":"https:\/\/www.sirmionehotel.com\/de\/wp-json\/wp\/v2\/pages\/15408\/revisions\/15410"}],"up":[{"embeddable":true,"href":"https:\/\/www.sirmionehotel.com\/de\/wp-json\/wp\/v2\/pages\/15098"}],"wp:featuredmedia":[{"embeddable":true,"href":"https:\/\/www.sirmionehotel.com\/de\/wp-json\/wp\/v2\/media\/15402"}],"wp:attachment":[{"href":"https:\/\/www.sirmionehotel.com\/de\/wp-json\/wp\/v2\/media?parent=15408"}],"curies":[{"name":"wp","href":"https:\/\/api.w.org\/{rel}","templated":true}]}}