{"id":15427,"date":"2023-12-22T10:48:18","date_gmt":"2023-12-22T10:48:18","guid":{"rendered":"https:\/\/www.sirmionehotel.com\/\/besuchen-sirmione\/gaerten-und-parks-in-sirmione\/parco-tomelleri\/"},"modified":"2023-12-22T10:56:09","modified_gmt":"2023-12-22T10:56:09","slug":"garten-park-tomelleri-sirmione","status":"publish","type":"page","link":"https:\/\/www.sirmionehotel.com\/de\/besuchen-sirmione\/gaerten-und-parks-in-sirmione\/garten-park-tomelleri-sirmione\/","title":{"rendered":"Garten Park Tomelleri Sirmione"},"content":{"rendered":"<div class=\"container\">\n<h3 class=\"wp-block-heading\">Garten Park Tomelleri Sirmione<\/h3>\n<\/div>\n\n<div class=\"container\">\n<p>Es gibt viele Parks auf dem Gel\u00e4nde von Sirmione: unter diesen z\u00e4hlt Garten Park Tomelleri, der Olivenhain oberhalb des Strandes Lido delle Bionde, an der Stra\u00dfe zu den Grotten des Catull; indem Sie auf der nat\u00fcrlichen Terrasse von Olivenb\u00e4umen verweilen, setzen Sie sich auf eine Bank und genie\u00dfen Sie das wundersch\u00f6ne Seepanorama. Und wenn der Wind weht und das Laub der Olivenb\u00e4ume sch\u00fcttelt, seien Sie aufmerksam und bewundern Sie die Sch\u00f6nheit ihrer, mit grauen Nuancen gef\u00e4rbten Bl\u00e4tter.<\/p>\n<\/div>","protected":false},"excerpt":{"rendered":"<p>Garten Park Tomelleri Sirmione Es gibt viele Parks auf dem Gel\u00e4nde von [&hellip;]<\/p>\n","protected":false},"author":3,"featured_media":15423,"parent":15098,"menu_order":41,"comment_status":"closed","ping_status":"closed","template":"template-page\/visit-sirmione.php","meta":{"_acf_changed":false,"footnotes":""},"class_list":["post-15427","page","type-page","status-publish","has-post-thumbnail","hentry"],"acf":[],"yoast_head":"<!-- This site is optimized with the Yoast SEO plugin v27.4 - https:\/\/yoast.com\/product\/yoast-seo-wordpress\/ -->\n<title>Garten Park Tomelleri Sirmione - Consorzio Albergatori Ristoratori Sirmione<\/title>\n<meta name=\"robots\" content=\"index, follow, max-snippet:-1, max-image-preview:large, max-video-preview:-1\" \/>\n<link rel=\"canonical\" href=\"https:\/\/www.sirmionehotel.com\/de\/besuchen-sirmione\/gaerten-und-parks-in-sirmione\/garten-park-tomelleri-sirmione\/\" \/>\n<meta name=\"twitter:label1\" content=\"Gesch\u00e4tzte Lesezeit\" \/>\n\t<meta name=\"twitter:data1\" content=\"1\u00a0Minute\" \/>\n<script type=\"application\/ld+json\" class=\"yoast-schema-graph\">{\"@context\":\"https:\\\/\\\/schema.org\",\"@graph\":[{\"@type\":\"WebPage\",\"@id\":\"https:\\\/\\\/www.sirmionehotel.com\\\/de\\\/besuchen-sirmione\\\/gaerten-und-parks-in-sirmione\\\/garten-park-tomelleri-sirmione\\\/\",\"url\":\"https:\\\/\\\/www.sirmionehotel.com\\\/de\\\/besuchen-sirmione\\\/gaerten-und-parks-in-sirmione\\\/garten-park-tomelleri-sirmione\\\/\",\"name\":\"Garten Park Tomelleri Sirmione - Consorzio Albergatori Ristoratori Sirmione\",\"isPartOf\":{\"@id\":\"https:\\\/\\\/www.sirmionehotel.com\\\/#website\"},\"primaryImageOfPage\":{\"@id\":\"https:\\\/\\\/www.sirmionehotel.com\\\/de\\\/besuchen-sirmione\\\/gaerten-und-parks-in-sirmione\\\/garten-park-tomelleri-sirmione\\\/#primaryimage\"},\"image\":{\"@id\":\"https:\\\/\\\/www.sirmionehotel.com\\\/de\\\/besuchen-sirmione\\\/gaerten-und-parks-in-sirmione\\\/garten-park-tomelleri-sirmione\\\/#primaryimage\"},\"thumbnailUrl\":\"https:\\\/\\\/www.sirmionehotel.com\\\/wp-content\\\/uploads\\\/2023\\\/12\\\/parco-tomelleri-parchi-sirmione-4r.jpg\",\"datePublished\":\"2023-12-22T10:48:18+00:00\",\"dateModified\":\"2023-12-22T10:56:09+00:00\",\"breadcrumb\":{\"@id\":\"https:\\\/\\\/www.sirmionehotel.com\\\/de\\\/besuchen-sirmione\\\/gaerten-und-parks-in-sirmione\\\/garten-park-tomelleri-sirmione\\\/#breadcrumb\"},\"inLanguage\":\"de\",\"potentialAction\":[{\"@type\":\"ReadAction\",\"target\":[\"https:\\\/\\\/www.sirmionehotel.com\\\/de\\\/besuchen-sirmione\\\/gaerten-und-parks-in-sirmione\\\/garten-park-tomelleri-sirmione\\\/\"]}]},{\"@type\":\"ImageObject\",\"inLanguage\":\"de\",\"@id\":\"https:\\\/\\\/www.sirmionehotel.com\\\/de\\\/besuchen-sirmione\\\/gaerten-und-parks-in-sirmione\\\/garten-park-tomelleri-sirmione\\\/#primaryimage\",\"url\":\"https:\\\/\\\/www.sirmionehotel.com\\\/wp-content\\\/uploads\\\/2023\\\/12\\\/parco-tomelleri-parchi-sirmione-4r.jpg\",\"contentUrl\":\"https:\\\/\\\/www.sirmionehotel.com\\\/wp-content\\\/uploads\\\/2023\\\/12\\\/parco-tomelleri-parchi-sirmione-4r.jpg\",\"width\":900,\"height\":474},{\"@type\":\"BreadcrumbList\",\"@id\":\"https:\\\/\\\/www.sirmionehotel.com\\\/de\\\/besuchen-sirmione\\\/gaerten-und-parks-in-sirmione\\\/garten-park-tomelleri-sirmione\\\/#breadcrumb\",\"itemListElement\":[{\"@type\":\"ListItem\",\"position\":1,\"name\":\"Home\",\"item\":\"https:\\\/\\\/www.sirmionehotel.com\\\/de\\\/\"},{\"@type\":\"ListItem\",\"position\":2,\"name\":\"Besuchen Sirmione\",\"item\":\"https:\\\/\\\/www.sirmionehotel.com\\\/de\\\/besuchen-sirmione\\\/\"},{\"@type\":\"ListItem\",\"position\":3,\"name\":\"G\u00e4rten und Parks in Sirmione\",\"item\":\"https:\\\/\\\/www.sirmionehotel.com\\\/de\\\/besuchen-sirmione\\\/gaerten-und-parks-in-sirmione\\\/\"},{\"@type\":\"ListItem\",\"position\":4,\"name\":\"Garten Park Tomelleri Sirmione\"}]},{\"@type\":\"WebSite\",\"@id\":\"https:\\\/\\\/www.sirmionehotel.com\\\/#website\",\"url\":\"https:\\\/\\\/www.sirmionehotel.com\\\/\",\"name\":\"Consorzio Albergatori Ristoratori Sirmione\",\"description\":\"\",\"potentialAction\":[{\"@type\":\"SearchAction\",\"target\":{\"@type\":\"EntryPoint\",\"urlTemplate\":\"https:\\\/\\\/www.sirmionehotel.com\\\/?s={search_term_string}\"},\"query-input\":{\"@type\":\"PropertyValueSpecification\",\"valueRequired\":true,\"valueName\":\"search_term_string\"}}],\"inLanguage\":\"de\"}]}<\/script>\n<!-- \/ Yoast SEO plugin. -->","yoast_head_json":{"title":"Garten Park Tomelleri Sirmione - Consorzio Albergatori Ristoratori Sirmione","robots":{"index":"index","follow":"follow","max-snippet":"max-snippet:-1","max-image-preview":"max-image-preview:large","max-video-preview":"max-video-preview:-1"},"canonical":"https:\/\/www.sirmionehotel.com\/de\/besuchen-sirmione\/gaerten-und-parks-in-sirmione\/garten-park-tomelleri-sirmione\/","twitter_misc":{"Gesch\u00e4tzte Lesezeit":"1\u00a0Minute"},"schema":{"@context":"https:\/\/schema.org","@graph":[{"@type":"WebPage","@id":"https:\/\/www.sirmionehotel.com\/de\/besuchen-sirmione\/gaerten-und-parks-in-sirmione\/garten-park-tomelleri-sirmione\/","url":"https:\/\/www.sirmionehotel.com\/de\/besuchen-sirmione\/gaerten-und-parks-in-sirmione\/garten-park-tomelleri-sirmione\/","name":"Garten Park Tomelleri Sirmione - Consorzio Albergatori Ristoratori Sirmione","isPartOf":{"@id":"https:\/\/www.sirmionehotel.com\/#website"},"primaryImageOfPage":{"@id":"https:\/\/www.sirmionehotel.com\/de\/besuchen-sirmione\/gaerten-und-parks-in-sirmione\/garten-park-tomelleri-sirmione\/#primaryimage"},"image":{"@id":"https:\/\/www.sirmionehotel.com\/de\/besuchen-sirmione\/gaerten-und-parks-in-sirmione\/garten-park-tomelleri-sirmione\/#primaryimage"},"thumbnailUrl":"https:\/\/www.sirmionehotel.com\/wp-content\/uploads\/2023\/12\/parco-tomelleri-parchi-sirmione-4r.jpg","datePublished":"2023-12-22T10:48:18+00:00","dateModified":"2023-12-22T10:56:09+00:00","breadcrumb":{"@id":"https:\/\/www.sirmionehotel.com\/de\/besuchen-sirmione\/gaerten-und-parks-in-sirmione\/garten-park-tomelleri-sirmione\/#breadcrumb"},"inLanguage":"de","potentialAction":[{"@type":"ReadAction","target":["https:\/\/www.sirmionehotel.com\/de\/besuchen-sirmione\/gaerten-und-parks-in-sirmione\/garten-park-tomelleri-sirmione\/"]}]},{"@type":"ImageObject","inLanguage":"de","@id":"https:\/\/www.sirmionehotel.com\/de\/besuchen-sirmione\/gaerten-und-parks-in-sirmione\/garten-park-tomelleri-sirmione\/#primaryimage","url":"https:\/\/www.sirmionehotel.com\/wp-content\/uploads\/2023\/12\/parco-tomelleri-parchi-sirmione-4r.jpg","contentUrl":"https:\/\/www.sirmionehotel.com\/wp-content\/uploads\/2023\/12\/parco-tomelleri-parchi-sirmione-4r.jpg","width":900,"height":474},{"@type":"BreadcrumbList","@id":"https:\/\/www.sirmionehotel.com\/de\/besuchen-sirmione\/gaerten-und-parks-in-sirmione\/garten-park-tomelleri-sirmione\/#breadcrumb","itemListElement":[{"@type":"ListItem","position":1,"name":"Home","item":"https:\/\/www.sirmionehotel.com\/de\/"},{"@type":"ListItem","position":2,"name":"Besuchen Sirmione","item":"https:\/\/www.sirmionehotel.com\/de\/besuchen-sirmione\/"},{"@type":"ListItem","position":3,"name":"G\u00e4rten und Parks in Sirmione","item":"https:\/\/www.sirmionehotel.com\/de\/besuchen-sirmione\/gaerten-und-parks-in-sirmione\/"},{"@type":"ListItem","position":4,"name":"Garten Park Tomelleri Sirmione"}]},{"@type":"WebSite","@id":"https:\/\/www.sirmionehotel.com\/#website","url":"https:\/\/www.sirmionehotel.com\/","name":"Consorzio Albergatori Ristoratori Sirmione","description":"","potentialAction":[{"@type":"SearchAction","target":{"@type":"EntryPoint","urlTemplate":"https:\/\/www.sirmionehotel.com\/?s={search_term_string}"},"query-input":{"@type":"PropertyValueSpecification","valueRequired":true,"valueName":"search_term_string"}}],"inLanguage":"de"}]}},"_links":{"self":[{"href":"https:\/\/www.sirmionehotel.com\/de\/wp-json\/wp\/v2\/pages\/15427","targetHints":{"allow":["GET"]}}],"collection":[{"href":"https:\/\/www.sirmionehotel.com\/de\/wp-json\/wp\/v2\/pages"}],"about":[{"href":"https:\/\/www.sirmionehotel.com\/de\/wp-json\/wp\/v2\/types\/page"}],"author":[{"embeddable":true,"href":"https:\/\/www.sirmionehotel.com\/de\/wp-json\/wp\/v2\/users\/3"}],"replies":[{"embeddable":true,"href":"https:\/\/www.sirmionehotel.com\/de\/wp-json\/wp\/v2\/comments?post=15427"}],"version-history":[{"count":2,"href":"https:\/\/www.sirmionehotel.com\/de\/wp-json\/wp\/v2\/pages\/15427\/revisions"}],"predecessor-version":[{"id":15438,"href":"https:\/\/www.sirmionehotel.com\/de\/wp-json\/wp\/v2\/pages\/15427\/revisions\/15438"}],"up":[{"embeddable":true,"href":"https:\/\/www.sirmionehotel.com\/de\/wp-json\/wp\/v2\/pages\/15098"}],"wp:featuredmedia":[{"embeddable":true,"href":"https:\/\/www.sirmionehotel.com\/de\/wp-json\/wp\/v2\/media\/15423"}],"wp:attachment":[{"href":"https:\/\/www.sirmionehotel.com\/de\/wp-json\/wp\/v2\/media?parent=15427"}],"curies":[{"name":"wp","href":"https:\/\/api.w.org\/{rel}","templated":true}]}}