{"id":15429,"date":"2023-12-22T10:49:50","date_gmt":"2023-12-22T10:49:50","guid":{"rendered":"https:\/\/www.sirmionehotel.com\/\/besuchen-sirmione\/gaerten-und-parks-in-sirmione\/parco-don-lino-zorzi-sirmione\/"},"modified":"2023-12-22T10:55:32","modified_gmt":"2023-12-22T10:55:32","slug":"garten-park-don-lino-zorzi","status":"publish","type":"page","link":"https:\/\/www.sirmionehotel.com\/de\/besuchen-sirmione\/gaerten-und-parks-in-sirmione\/garten-park-don-lino-zorzi\/","title":{"rendered":"Garten Park Don Lino Zorzi"},"content":{"rendered":"<div class=\"container\">\n<h3 class=\"wp-block-heading\">Garten Park Don Lino Zorzi Sirmione<\/h3>\n<\/div>\n\n<div class=\"container\">\n<p>Dieser sch\u00f6ne, in der Altstadt von Sirmione gelegene Park wird Sie bis zum Kern der Landzunge f\u00fchren; Sie werden sogar am ehemaligen Haus der ber\u00fchmten Sopranistin Maria Callas vorbeigehen. Der ideale Ort, wo Sie sich hinsetzen und tief einatmen k\u00f6nnen, bevor Sie Ihre Suche nach den Sch\u00e4tzen von Sirmione fortsetzen. Wenn Sie jedoch keine Kraft mehr haben, den steilen Weg bis zu den Grotten des Catull bergauf zu laufen, wird Sie der, gerade bei dem Parkeingang anhaltende Touristenzug dahin fahren<\/p>\n<\/div>","protected":false},"excerpt":{"rendered":"<p>Garten Park Don Lino Zorzi Sirmione Dieser sch\u00f6ne, in der Altstadt von [&hellip;]<\/p>\n","protected":false},"author":3,"featured_media":18610,"parent":15098,"menu_order":50,"comment_status":"closed","ping_status":"closed","template":"template-page\/visit-sirmione.php","meta":{"_acf_changed":false,"footnotes":""},"class_list":["post-15429","page","type-page","status-publish","has-post-thumbnail","hentry"],"acf":[],"yoast_head":"<!-- This site is optimized with the Yoast SEO plugin v27.5 - https:\/\/yoast.com\/product\/yoast-seo-wordpress\/ -->\n<title>Garten Park Don Lino Zorzi - Consorzio Albergatori Ristoratori Sirmione<\/title>\n<meta name=\"robots\" content=\"index, follow, max-snippet:-1, max-image-preview:large, max-video-preview:-1\" \/>\n<link rel=\"canonical\" href=\"https:\/\/www.sirmionehotel.com\/de\/besuchen-sirmione\/gaerten-und-parks-in-sirmione\/garten-park-don-lino-zorzi\/\" \/>\n<meta name=\"twitter:label1\" content=\"Gesch\u00e4tzte Lesezeit\" \/>\n\t<meta name=\"twitter:data1\" content=\"1\u00a0Minute\" \/>\n<script type=\"application\/ld+json\" class=\"yoast-schema-graph\">{\"@context\":\"https:\\\/\\\/schema.org\",\"@graph\":[{\"@type\":\"WebPage\",\"@id\":\"https:\\\/\\\/www.sirmionehotel.com\\\/de\\\/besuchen-sirmione\\\/gaerten-und-parks-in-sirmione\\\/garten-park-don-lino-zorzi\\\/\",\"url\":\"https:\\\/\\\/www.sirmionehotel.com\\\/de\\\/besuchen-sirmione\\\/gaerten-und-parks-in-sirmione\\\/garten-park-don-lino-zorzi\\\/\",\"name\":\"Garten Park Don Lino Zorzi - Consorzio Albergatori Ristoratori Sirmione\",\"isPartOf\":{\"@id\":\"https:\\\/\\\/www.sirmionehotel.com\\\/#website\"},\"primaryImageOfPage\":{\"@id\":\"https:\\\/\\\/www.sirmionehotel.com\\\/de\\\/besuchen-sirmione\\\/gaerten-und-parks-in-sirmione\\\/garten-park-don-lino-zorzi\\\/#primaryimage\"},\"image\":{\"@id\":\"https:\\\/\\\/www.sirmionehotel.com\\\/de\\\/besuchen-sirmione\\\/gaerten-und-parks-in-sirmione\\\/garten-park-don-lino-zorzi\\\/#primaryimage\"},\"thumbnailUrl\":\"https:\\\/\\\/www.sirmionehotel.com\\\/wp-content\\\/uploads\\\/2024\\\/04\\\/parcodonlinozorzi.jpg\",\"datePublished\":\"2023-12-22T10:49:50+00:00\",\"dateModified\":\"2023-12-22T10:55:32+00:00\",\"breadcrumb\":{\"@id\":\"https:\\\/\\\/www.sirmionehotel.com\\\/de\\\/besuchen-sirmione\\\/gaerten-und-parks-in-sirmione\\\/garten-park-don-lino-zorzi\\\/#breadcrumb\"},\"inLanguage\":\"de\",\"potentialAction\":[{\"@type\":\"ReadAction\",\"target\":[\"https:\\\/\\\/www.sirmionehotel.com\\\/de\\\/besuchen-sirmione\\\/gaerten-und-parks-in-sirmione\\\/garten-park-don-lino-zorzi\\\/\"]}]},{\"@type\":\"ImageObject\",\"inLanguage\":\"de\",\"@id\":\"https:\\\/\\\/www.sirmionehotel.com\\\/de\\\/besuchen-sirmione\\\/gaerten-und-parks-in-sirmione\\\/garten-park-don-lino-zorzi\\\/#primaryimage\",\"url\":\"https:\\\/\\\/www.sirmionehotel.com\\\/wp-content\\\/uploads\\\/2024\\\/04\\\/parcodonlinozorzi.jpg\",\"contentUrl\":\"https:\\\/\\\/www.sirmionehotel.com\\\/wp-content\\\/uploads\\\/2024\\\/04\\\/parcodonlinozorzi.jpg\",\"width\":1280,\"height\":853,\"caption\":\"parco don lino zorzi\"},{\"@type\":\"BreadcrumbList\",\"@id\":\"https:\\\/\\\/www.sirmionehotel.com\\\/de\\\/besuchen-sirmione\\\/gaerten-und-parks-in-sirmione\\\/garten-park-don-lino-zorzi\\\/#breadcrumb\",\"itemListElement\":[{\"@type\":\"ListItem\",\"position\":1,\"name\":\"Home\",\"item\":\"https:\\\/\\\/www.sirmionehotel.com\\\/de\\\/\"},{\"@type\":\"ListItem\",\"position\":2,\"name\":\"Besuchen Sirmione\",\"item\":\"https:\\\/\\\/www.sirmionehotel.com\\\/de\\\/besuchen-sirmione\\\/\"},{\"@type\":\"ListItem\",\"position\":3,\"name\":\"G\u00e4rten und Parks in Sirmione\",\"item\":\"https:\\\/\\\/www.sirmionehotel.com\\\/de\\\/besuchen-sirmione\\\/gaerten-und-parks-in-sirmione\\\/\"},{\"@type\":\"ListItem\",\"position\":4,\"name\":\"Garten Park Don Lino Zorzi\"}]},{\"@type\":\"WebSite\",\"@id\":\"https:\\\/\\\/www.sirmionehotel.com\\\/#website\",\"url\":\"https:\\\/\\\/www.sirmionehotel.com\\\/\",\"name\":\"Consorzio Albergatori Ristoratori Sirmione\",\"description\":\"\",\"potentialAction\":[{\"@type\":\"SearchAction\",\"target\":{\"@type\":\"EntryPoint\",\"urlTemplate\":\"https:\\\/\\\/www.sirmionehotel.com\\\/?s={search_term_string}\"},\"query-input\":{\"@type\":\"PropertyValueSpecification\",\"valueRequired\":true,\"valueName\":\"search_term_string\"}}],\"inLanguage\":\"de\"}]}<\/script>\n<!-- \/ Yoast SEO plugin. -->","yoast_head_json":{"title":"Garten Park Don Lino Zorzi - Consorzio Albergatori Ristoratori Sirmione","robots":{"index":"index","follow":"follow","max-snippet":"max-snippet:-1","max-image-preview":"max-image-preview:large","max-video-preview":"max-video-preview:-1"},"canonical":"https:\/\/www.sirmionehotel.com\/de\/besuchen-sirmione\/gaerten-und-parks-in-sirmione\/garten-park-don-lino-zorzi\/","twitter_misc":{"Gesch\u00e4tzte Lesezeit":"1\u00a0Minute"},"schema":{"@context":"https:\/\/schema.org","@graph":[{"@type":"WebPage","@id":"https:\/\/www.sirmionehotel.com\/de\/besuchen-sirmione\/gaerten-und-parks-in-sirmione\/garten-park-don-lino-zorzi\/","url":"https:\/\/www.sirmionehotel.com\/de\/besuchen-sirmione\/gaerten-und-parks-in-sirmione\/garten-park-don-lino-zorzi\/","name":"Garten Park Don Lino Zorzi - Consorzio Albergatori Ristoratori Sirmione","isPartOf":{"@id":"https:\/\/www.sirmionehotel.com\/#website"},"primaryImageOfPage":{"@id":"https:\/\/www.sirmionehotel.com\/de\/besuchen-sirmione\/gaerten-und-parks-in-sirmione\/garten-park-don-lino-zorzi\/#primaryimage"},"image":{"@id":"https:\/\/www.sirmionehotel.com\/de\/besuchen-sirmione\/gaerten-und-parks-in-sirmione\/garten-park-don-lino-zorzi\/#primaryimage"},"thumbnailUrl":"https:\/\/www.sirmionehotel.com\/wp-content\/uploads\/2024\/04\/parcodonlinozorzi.jpg","datePublished":"2023-12-22T10:49:50+00:00","dateModified":"2023-12-22T10:55:32+00:00","breadcrumb":{"@id":"https:\/\/www.sirmionehotel.com\/de\/besuchen-sirmione\/gaerten-und-parks-in-sirmione\/garten-park-don-lino-zorzi\/#breadcrumb"},"inLanguage":"de","potentialAction":[{"@type":"ReadAction","target":["https:\/\/www.sirmionehotel.com\/de\/besuchen-sirmione\/gaerten-und-parks-in-sirmione\/garten-park-don-lino-zorzi\/"]}]},{"@type":"ImageObject","inLanguage":"de","@id":"https:\/\/www.sirmionehotel.com\/de\/besuchen-sirmione\/gaerten-und-parks-in-sirmione\/garten-park-don-lino-zorzi\/#primaryimage","url":"https:\/\/www.sirmionehotel.com\/wp-content\/uploads\/2024\/04\/parcodonlinozorzi.jpg","contentUrl":"https:\/\/www.sirmionehotel.com\/wp-content\/uploads\/2024\/04\/parcodonlinozorzi.jpg","width":1280,"height":853,"caption":"parco don lino zorzi"},{"@type":"BreadcrumbList","@id":"https:\/\/www.sirmionehotel.com\/de\/besuchen-sirmione\/gaerten-und-parks-in-sirmione\/garten-park-don-lino-zorzi\/#breadcrumb","itemListElement":[{"@type":"ListItem","position":1,"name":"Home","item":"https:\/\/www.sirmionehotel.com\/de\/"},{"@type":"ListItem","position":2,"name":"Besuchen Sirmione","item":"https:\/\/www.sirmionehotel.com\/de\/besuchen-sirmione\/"},{"@type":"ListItem","position":3,"name":"G\u00e4rten und Parks in Sirmione","item":"https:\/\/www.sirmionehotel.com\/de\/besuchen-sirmione\/gaerten-und-parks-in-sirmione\/"},{"@type":"ListItem","position":4,"name":"Garten Park Don Lino Zorzi"}]},{"@type":"WebSite","@id":"https:\/\/www.sirmionehotel.com\/#website","url":"https:\/\/www.sirmionehotel.com\/","name":"Consorzio Albergatori Ristoratori Sirmione","description":"","potentialAction":[{"@type":"SearchAction","target":{"@type":"EntryPoint","urlTemplate":"https:\/\/www.sirmionehotel.com\/?s={search_term_string}"},"query-input":{"@type":"PropertyValueSpecification","valueRequired":true,"valueName":"search_term_string"}}],"inLanguage":"de"}]}},"_links":{"self":[{"href":"https:\/\/www.sirmionehotel.com\/de\/wp-json\/wp\/v2\/pages\/15429","targetHints":{"allow":["GET"]}}],"collection":[{"href":"https:\/\/www.sirmionehotel.com\/de\/wp-json\/wp\/v2\/pages"}],"about":[{"href":"https:\/\/www.sirmionehotel.com\/de\/wp-json\/wp\/v2\/types\/page"}],"author":[{"embeddable":true,"href":"https:\/\/www.sirmionehotel.com\/de\/wp-json\/wp\/v2\/users\/3"}],"replies":[{"embeddable":true,"href":"https:\/\/www.sirmionehotel.com\/de\/wp-json\/wp\/v2\/comments?post=15429"}],"version-history":[{"count":1,"href":"https:\/\/www.sirmionehotel.com\/de\/wp-json\/wp\/v2\/pages\/15429\/revisions"}],"predecessor-version":[{"id":15432,"href":"https:\/\/www.sirmionehotel.com\/de\/wp-json\/wp\/v2\/pages\/15429\/revisions\/15432"}],"up":[{"embeddable":true,"href":"https:\/\/www.sirmionehotel.com\/de\/wp-json\/wp\/v2\/pages\/15098"}],"wp:featuredmedia":[{"embeddable":true,"href":"https:\/\/www.sirmionehotel.com\/de\/wp-json\/wp\/v2\/media\/18610"}],"wp:attachment":[{"href":"https:\/\/www.sirmionehotel.com\/de\/wp-json\/wp\/v2\/media?parent=15429"}],"curies":[{"name":"wp","href":"https:\/\/api.w.org\/{rel}","templated":true}]}}