{"id":1856,"date":"2015-09-24T13:03:04","date_gmt":"2015-09-24T13:03:04","guid":{"rendered":"http:\/\/sirmionehotel.com\/?page_id=1856"},"modified":"2024-10-29T14:29:27","modified_gmt":"2024-10-29T14:29:27","slug":"ferien-in-sirmione","status":"publish","type":"page","link":"https:\/\/www.sirmionehotel.com\/de\/","title":{"rendered":"Ferien in Sirmione im Zentrum des Gardasees"},"content":{"rendered":"\n\t<div id=\"carousel-home\">\n        <div class=\"owl-carousel owl-theme\">\n\t                    <div class=\"owl-slide cover\" style=\"background-image: url(https:\/\/www.sirmionehotel.com\/wp-content\/uploads\/2024\/04\/panoramica-1450X750.jpg);\">\n                <div class=\"opacity-mask d-flex align-items-center\" data-opacity-mask=\"rgba(0, 0, 0, 0.3)\">\n                    <div class=\"container\">\n                        <div class=\"row justify-content-center justify-content-md-start\">\n                            <div class=\"col-lg-12 static\">\n                                <div class=\"slide-text text-center white\">\n                                    <h2 class=\"owl-slide-animated owl-slide-title\">Sirmione<\/h2>\n                                                                        <p class=\"owl-slide-animated owl-slide-subtitle\">Verbringen Sie Ihren Ferien in Sirmione<\/p>\n                                                                                                        <\/div>\n                            <\/div>\n                        <\/div>\n                    <\/div>\n                <\/div>\n            <\/div>\n                        <div class=\"owl-slide cover\" style=\"background-image: url(https:\/\/www.sirmionehotel.com\/wp-content\/uploads\/2023\/12\/sirmione-tra-arte-e-cultura.jpg);\">\n                <div class=\"opacity-mask d-flex align-items-center\" data-opacity-mask=\"rgba(0, 0, 0, 0.3)\">\n                    <div class=\"container\">\n                        <div class=\"row justify-content-center justify-content-md-end\">\n                            <div class=\"col-lg-12 static\">\n                                <div class=\"slide-text text-end white\">\n                                    <h2 class=\"owl-slide-animated owl-slide-title\">Sirmione<\/h2>\n                                                                        <p class=\"owl-slide-animated owl-slide-subtitle\">Verbringen Sie Ihren Ferien in Sirmione<\/p>\n                                                                                                            <div class=\"owl-slide-animated owl-slide-cta\">\n\t                                    <a class=\"btn_1\" href=\"https:\/\/www.sirmionehotel.com\/\/de\/besuchen-sirmione\/\" role=\"button\">Mehr lesen<\/a>\n\t                                <\/div>\n                                                                    <\/div>\n                            <\/div>\n                        <\/div>\n                    <\/div>\n                <\/div>\n            <\/div>\n                        <div class=\"owl-slide cover\" style=\"background-image: url(https:\/\/www.sirmionehotel.com\/wp-content\/uploads\/2023\/12\/sirmione-scegli-il-tuo-alloggio.jpg);\">\n                <div class=\"opacity-mask d-flex align-items-center\" data-opacity-mask=\"rgba(0, 0, 0, 0.3)\">\n                    <div class=\"container\">\n                        <div class=\"row justify-content-center justify-content-md-start\">\n                            <div class=\"col-lg-12 static\">\n                                <div class=\"slide-text  white\">\n                                    <h2 class=\"owl-slide-animated owl-slide-title\">Sirmione<\/h2>\n                                                                        <p class=\"owl-slide-animated owl-slide-subtitle\">Ferien in Sirmione im Zentrum des Gardasees<\/p>\n                                                                                                            <div class=\"owl-slide-animated owl-slide-cta\">\n\t                                    <a class=\"btn_1\" href=\"https:\/\/www.sirmionehotel.com\/\/de\/hotels-sirmione-gardasee-italien\/\" role=\"button\">Mehr lesen<\/a>\n\t                                <\/div>\n                                                                    <\/div>\n                            <\/div>\n                        <\/div>\n                    <\/div>\n                <\/div>\n            <\/div>\n                    <\/div>\n        <div id=\"icon_drag_mobile\"><\/div>\n    <\/div>\n\n\n\n\n<div style=\"height:60px\" aria-hidden=\"true\" class=\"wp-block-spacer\"><\/div>\n\n\n<div class=\"container\">\n<h2 class=\"wp-block-heading\">Verbringen Sie Ihren Ferien in Sirmione<\/h2>\n<\/div>\n\n<div class=\"container\">\n<p>Die Sch\u00f6nheit der Landschaft hat im Laufe der Geschichte mehrere K\u00fcnstler angeregt und fasziniert, und Sirmione wurde sogar mit dem Spitznamen \u201cHalbinsel der Dichter\u201d benannt. Um nur einige von ihnen zu erw\u00e4hnen, nennen wir den ber\u00fchmten lateinischen Dichter Catull, der von der \u201cVenusta Sirmio\u201d sprach, oder Giosu\u00e8 Carducci in der barbarischen Ode und auch Ezra Pound, junger amerikanischer Dichter des 20. Jahrhunderts, der gerade in Sirmione seinen Freund James Joyce traf, in dem Werk \u201cStudie \u00fcber die \u00c4sthetik\u201d und weitere noch.<\/p>\n<\/div>\n\n<div class=\"container\">\n<p>Organisieren Sie Ihre Ferien in Sirmione, denn die Stadt ist heute eine der wichtigsten touristischen Mittelpunkte am Gardasee und verf\u00fcgt \u00fcber ein breites, hochqualifiziertes Hotelnetz, das in der Lage ist, den anspruchsvollsten G\u00e4sten entgegenzukommen.<\/p>\n<\/div>\n\n<div class=\"container\">\n<p>Das Land bietet den Besuchern von Sirmione allerlei Anregungen um ihren Urlaub zu genie\u00dfen: das, seit der Antike bekannte heilende Wasser der Thermalanstalt, die Sch\u00f6nheit der Naturp\u00e4rke auf dem Monte Baldo und am n\u00f6rdlichen Gardasee unter der Provinz Brescia, die Vergn\u00fcgungsparks Gardaland und Aquapark Canevaworld, die ber\u00fchmte einheimische Weine und Gastronomie.<\/p>\n<\/div>\n\n\n<div style=\"height:60px\" aria-hidden=\"true\" class=\"wp-block-spacer\"><\/div>\n\n\n\n    <div class=\"white_bg\">\n        <div class=\"container margin_60\">\n\t\t\t<div class=\"main_title\">\n\t\t\t\t<h2>Hotels in <span>Sirmione<\/span><\/h2>\n\t\t\t\t<p>W\u00e4hlen Sie Ihre Unterkunft in den sch\u00f6nsten Gegenden von Sirmione.<\/p>\n\t\t\t<\/div>\t        \n            <div class=\"row small-gutters categories_grid\">\n                <div class=\"col-sm-12 col-md-12\">\n                    <div class=\"row small-gutters mt-md-0 mt-sm-2\">\n\t                    \n                        <div class=\"col-md-3 col-sm-6\">\n                            <a href=\"https:\/\/www.sirmionehotel.com\/de\/localita-h\/hotels-halbinsel-sirmione\/\">\n                                <img decoding=\"async\" src=\"https:\/\/www.sirmionehotel.com\/wp-content\/uploads\/2024\/04\/sirmione-penisola-djedzura-525x350.jpg\" alt=\"Hotels Halbinsel von Sirmione\" class=\"img-fluid\">\n                                <div class=\"wrapper\">\n                                    <h2>Hotels Halbinsel von Sirmione<\/h2>\n                                    <p>10 Strukturen <\/p>\n                                <\/div>\n                            <\/a>\n                        <\/div>\n\t                    \n                        <div class=\"col-md-3 col-sm-6\">\n                            <a href=\"https:\/\/www.sirmionehotel.com\/de\/localita-h\/hotels-sirmione-altstadt\/\">\n                                <img decoding=\"async\" src=\"https:\/\/www.sirmionehotel.com\/wp-content\/uploads\/2023\/12\/sirmione-tra-arte-e-cultura-800x532.jpg\" alt=\"Hotels Sirmione Altstadt\" class=\"img-fluid\">\n                                <div class=\"wrapper\">\n                                    <h2>Hotels Sirmione Altstadt<\/h2>\n                                    <p>16 Strukturen <\/p>\n                                <\/div>\n                            <\/a>\n                        <\/div>\n\t                    \n                        <div class=\"col-md-3 col-sm-6\">\n                            <a href=\"https:\/\/www.sirmionehotel.com\/de\/localita-h\/hotels-sirmione-colombare\/\">\n                                <img decoding=\"async\" src=\"https:\/\/www.sirmionehotel.com\/wp-content\/uploads\/2024\/04\/hotel-colombare-di-sirmione-1450-525x350.jpg\" alt=\"Hotels Sirmione Colombare\" class=\"img-fluid\">\n                                <div class=\"wrapper\">\n                                    <h2>Hotels Sirmione Colombare<\/h2>\n                                    <p>19 Strukturen <\/p>\n                                <\/div>\n                            <\/a>\n                        <\/div>\n\t                    \n                        <div class=\"col-md-3 col-sm-6\">\n                            <a href=\"https:\/\/www.sirmionehotel.com\/de\/localita-h\/hotels-sirmione-lugana\/\">\n                                <img decoding=\"async\" src=\"https:\/\/www.sirmionehotel.com\/wp-content\/uploads\/2024\/04\/hotel-lugana-di-sirmione-1450-525x350.jpg\" alt=\"Hotels Sirmione Lugana\" class=\"img-fluid\">\n                                <div class=\"wrapper\">\n                                    <h2>Hotels Sirmione Lugana<\/h2>\n                                    <p>12 Strukturen <\/p>\n                                <\/div>\n                            <\/a>\n                        <\/div>\n\t                        \t                        \n                    <\/div>\n                <\/div>\n            <\/div>\n        <\/div>\n    <\/div>\n\n\n\n\n\t<div class=\"white_bg\">\n\t\t<div class=\"container margin_60\">\n\t\t\t<div class=\"main_title\">\n\t\t\t\t<h2>Restaurants in  <span>Sirmione<\/span><\/h2>\n\t\t\t\t<p>W\u00e4hlen Sie Ihr Restaurant in den sch\u00f6nsten Gegenden von Sirmione.<\/p>\n\t\t\t<\/div>\t\n\t        <div class=\"row small-gutters categories_grid\">\n\t            <div class=\"col-sm-12 col-md-12\">\n\t                <div class=\"row small-gutters mt-md-0 mt-sm-2\">\n\t                   \t\t                \n\t                    <div class=\"col-sm-4 offset-sm-2 mt-sm-2\">\n\t                        <a href=\"https:\/\/www.sirmionehotel.com\/de\/localita-r\/sirmione-altstadt\/\">\n\t                            <img decoding=\"async\" src=\"https:\/\/www.sirmionehotel.com\/wp-content\/uploads\/2024\/04\/ristoranti-sirmione-centro-storico-1450-525x350.jpg\" alt=\"Altstadt\" class=\"img-fluid\">\n\t                            <div class=\"wrapper\">\n\t                                <h2>Altstadt<\/h2>\n\t                                <p>15 Restaurants <\/p>\n\t                            <\/div>\n\t                        <\/a>\n\t                    <\/div>\n\t                   \t\t                \n\t                    <div class=\"col-sm-4  mt-sm-2\">\n\t                        <a href=\"https:\/\/www.sirmionehotel.com\/de\/localita-r\/colombare-lugana-und-halbinsel\/\">\n\t                            <img decoding=\"async\" src=\"https:\/\/www.sirmionehotel.com\/wp-content\/uploads\/2024\/04\/ristoranti-colombare-sirmione-1450-525x350.jpg\" alt=\"Colombare, Lugana Und Halbinsel\" class=\"img-fluid\">\n\t                            <div class=\"wrapper\">\n\t                                <h2>Colombare, Lugana Und Halbinsel<\/h2>\n\t                                <p>8 Restaurants <\/p>\n\t                            <\/div>\n\t                        <\/a>\n\t                    <\/div>\n\t                 \t                \n\t\t            <\/div>\n\t            <\/div>\n\t        <\/div>\n\t\t<\/div>\n\t<\/div>\n\n","protected":false},"excerpt":{"rendered":"<p>Verbringen Sie Ihren Ferien in Sirmione Die Sch\u00f6nheit der Landschaft hat im [&hellip;]<\/p>\n","protected":false},"author":1,"featured_media":0,"parent":0,"menu_order":3,"comment_status":"open","ping_status":"closed","template":"","meta":{"_acf_changed":false,"footnotes":""},"class_list":["post-1856","page","type-page","status-publish","hentry"],"acf":[],"yoast_head":"<!-- This site is optimized with the Yoast SEO plugin v27.5 - https:\/\/yoast.com\/product\/yoast-seo-wordpress\/ -->\n<title>Ferien in Sirmione im Zentrum des Gardasees | Buchen Sie jetzt Ihr Hotel!<\/title>\n<meta name=\"description\" content=\"Verbringen Sie Ihren Ferien in Sirmione, um die Geschichte, die Kunst und die K\u00fcche dieser Perle im Zentrum des Gardasees zu entdecken.\" \/>\n<meta name=\"robots\" content=\"index, follow, max-snippet:-1, max-image-preview:large, max-video-preview:-1\" \/>\n<link rel=\"canonical\" href=\"https:\/\/www.sirmionehotel.com\/de\/\" \/>\n<meta name=\"twitter:label1\" content=\"Gesch\u00e4tzte Lesezeit\" \/>\n\t<meta name=\"twitter:data1\" content=\"1\u00a0Minute\" \/>\n<script type=\"application\/ld+json\" class=\"yoast-schema-graph\">{\"@context\":\"https:\\\/\\\/schema.org\",\"@graph\":[{\"@type\":\"WebPage\",\"@id\":\"https:\\\/\\\/www.sirmionehotel.com\\\/de\\\/\",\"url\":\"https:\\\/\\\/www.sirmionehotel.com\\\/de\\\/\",\"name\":\"Ferien in Sirmione im Zentrum des Gardasees | Buchen Sie jetzt Ihr Hotel!\",\"isPartOf\":{\"@id\":\"https:\\\/\\\/www.sirmionehotel.com\\\/#website\"},\"datePublished\":\"2015-09-24T13:03:04+00:00\",\"dateModified\":\"2024-10-29T14:29:27+00:00\",\"description\":\"Verbringen Sie Ihren Ferien in Sirmione, um die Geschichte, die Kunst und die K\u00fcche dieser Perle im Zentrum des Gardasees zu entdecken.\",\"breadcrumb\":{\"@id\":\"https:\\\/\\\/www.sirmionehotel.com\\\/de\\\/#breadcrumb\"},\"inLanguage\":\"de\",\"potentialAction\":[{\"@type\":\"ReadAction\",\"target\":[\"https:\\\/\\\/www.sirmionehotel.com\\\/de\\\/\"]}]},{\"@type\":\"BreadcrumbList\",\"@id\":\"https:\\\/\\\/www.sirmionehotel.com\\\/de\\\/#breadcrumb\",\"itemListElement\":[{\"@type\":\"ListItem\",\"position\":1,\"name\":\"Home\",\"item\":\"https:\\\/\\\/www.sirmionehotel.com\\\/de\\\/\"},{\"@type\":\"ListItem\",\"position\":2,\"name\":\"Ferien in Sirmione im Zentrum des Gardasees\"}]},{\"@type\":\"WebSite\",\"@id\":\"https:\\\/\\\/www.sirmionehotel.com\\\/#website\",\"url\":\"https:\\\/\\\/www.sirmionehotel.com\\\/\",\"name\":\"Consorzio Albergatori Ristoratori Sirmione\",\"description\":\"\",\"potentialAction\":[{\"@type\":\"SearchAction\",\"target\":{\"@type\":\"EntryPoint\",\"urlTemplate\":\"https:\\\/\\\/www.sirmionehotel.com\\\/?s={search_term_string}\"},\"query-input\":{\"@type\":\"PropertyValueSpecification\",\"valueRequired\":true,\"valueName\":\"search_term_string\"}}],\"inLanguage\":\"de\"}]}<\/script>\n<!-- \/ Yoast SEO plugin. -->","yoast_head_json":{"title":"Ferien in Sirmione im Zentrum des Gardasees | Buchen Sie jetzt Ihr Hotel!","description":"Verbringen Sie Ihren Ferien in Sirmione, um die Geschichte, die Kunst und die K\u00fcche dieser Perle im Zentrum des Gardasees zu entdecken.","robots":{"index":"index","follow":"follow","max-snippet":"max-snippet:-1","max-image-preview":"max-image-preview:large","max-video-preview":"max-video-preview:-1"},"canonical":"https:\/\/www.sirmionehotel.com\/de\/","twitter_misc":{"Gesch\u00e4tzte Lesezeit":"1\u00a0Minute"},"schema":{"@context":"https:\/\/schema.org","@graph":[{"@type":"WebPage","@id":"https:\/\/www.sirmionehotel.com\/de\/","url":"https:\/\/www.sirmionehotel.com\/de\/","name":"Ferien in Sirmione im Zentrum des Gardasees | Buchen Sie jetzt Ihr Hotel!","isPartOf":{"@id":"https:\/\/www.sirmionehotel.com\/#website"},"datePublished":"2015-09-24T13:03:04+00:00","dateModified":"2024-10-29T14:29:27+00:00","description":"Verbringen Sie Ihren Ferien in Sirmione, um die Geschichte, die Kunst und die K\u00fcche dieser Perle im Zentrum des Gardasees zu entdecken.","breadcrumb":{"@id":"https:\/\/www.sirmionehotel.com\/de\/#breadcrumb"},"inLanguage":"de","potentialAction":[{"@type":"ReadAction","target":["https:\/\/www.sirmionehotel.com\/de\/"]}]},{"@type":"BreadcrumbList","@id":"https:\/\/www.sirmionehotel.com\/de\/#breadcrumb","itemListElement":[{"@type":"ListItem","position":1,"name":"Home","item":"https:\/\/www.sirmionehotel.com\/de\/"},{"@type":"ListItem","position":2,"name":"Ferien in Sirmione im Zentrum des Gardasees"}]},{"@type":"WebSite","@id":"https:\/\/www.sirmionehotel.com\/#website","url":"https:\/\/www.sirmionehotel.com\/","name":"Consorzio Albergatori Ristoratori Sirmione","description":"","potentialAction":[{"@type":"SearchAction","target":{"@type":"EntryPoint","urlTemplate":"https:\/\/www.sirmionehotel.com\/?s={search_term_string}"},"query-input":{"@type":"PropertyValueSpecification","valueRequired":true,"valueName":"search_term_string"}}],"inLanguage":"de"}]}},"_links":{"self":[{"href":"https:\/\/www.sirmionehotel.com\/de\/wp-json\/wp\/v2\/pages\/1856","targetHints":{"allow":["GET"]}}],"collection":[{"href":"https:\/\/www.sirmionehotel.com\/de\/wp-json\/wp\/v2\/pages"}],"about":[{"href":"https:\/\/www.sirmionehotel.com\/de\/wp-json\/wp\/v2\/types\/page"}],"author":[{"embeddable":true,"href":"https:\/\/www.sirmionehotel.com\/de\/wp-json\/wp\/v2\/users\/1"}],"replies":[{"embeddable":true,"href":"https:\/\/www.sirmionehotel.com\/de\/wp-json\/wp\/v2\/comments?post=1856"}],"version-history":[{"count":25,"href":"https:\/\/www.sirmionehotel.com\/de\/wp-json\/wp\/v2\/pages\/1856\/revisions"}],"predecessor-version":[{"id":19612,"href":"https:\/\/www.sirmionehotel.com\/de\/wp-json\/wp\/v2\/pages\/1856\/revisions\/19612"}],"wp:attachment":[{"href":"https:\/\/www.sirmionehotel.com\/de\/wp-json\/wp\/v2\/media?parent=1856"}],"curies":[{"name":"wp","href":"https:\/\/api.w.org\/{rel}","templated":true}]}}