{"id":2735,"date":"2015-09-24T15:31:50","date_gmt":"2015-09-24T15:31:50","guid":{"rendered":"http:\/\/sirmionehotel.com\/?page_id=2735"},"modified":"2023-12-30T10:55:13","modified_gmt":"2023-12-30T10:55:13","slug":"hotels-sirmione-gardasee-italien","status":"publish","type":"page","link":"https:\/\/www.sirmionehotel.com\/de\/hotels-sirmione-gardasee-italien\/","title":{"rendered":"Hotels Sirmione Gardasee Italien"},"content":{"rendered":"<div class=\"container\">\n<h2 class=\"wp-block-heading\">Hotels Sirmione, die Unterkunftsm\u00f6glichkeiten auf der wundersch\u00f6nen Halbinsel von Sirmione<\/h2>\n<\/div>\n\n<div class=\"container\">\n<p>Verbringen Sie Ihren Urlaub auf der Landzunge die sich in den Gardasee erstreckt, in der ber\u00fchmtesten, romanischsten mittelalterlichen Ortschaft von Sirmione, reich an Sehensw\u00fcrdigkeiten, wie die Ruinen der gr\u00f6\u00dften r\u00f6mischen Villa Norditaliens, die romanischen Kirchen langobardischen Ursprungs, die Skaligerburg, die eine der besterhaltenen Festungen Italiens ist, die Thermalanstalten von Sirmione mit ihren stre\u00dfabbauenden Behandlungen; von hier aus sind Sie au\u00dferdem bequem, um all die wichtigsten Sehensw\u00fcrdigkeiten des s\u00fcdlichen Gardasees, von der Geschichte her bis zum reinen Vergn\u00fcgen, zu erreichen.<\/p>\n<\/div>\n\n<div class=\"container\">\n<p><strong>Die Hotels Sirmione sind, je nach Lage, folgenderma\u00dfen aufgeteilt:<\/strong><\/p>\n<\/div>\n\n\n<ul class=\"wp-block-list\">\n<li><a href=\"http:\/\/sirmionehotel.com\/de\/localita-h\/hotels-sirmione-altstadt\/\">Hotels Sirmione Altstadt<\/a>: sie liegen innerhalb der Burgmauern, zwischen den Gassen der mittelalterlichen Altstadt oder zwischen dem Ortskern und den Grotten des Catull;<\/li>\n\n\n\n<li><a href=\"http:\/\/sirmionehotel.com\/de\/localita-h\/hotels-halbinsel-sirmione\/\">Hotels Sirmione Halbinsel<\/a>: sie liegen an der schmalen Landzunge, die die K\u00fcste mit der Altstadt verbindet, an der Hauptstra\u00dfe die zur Altstadt f\u00fchrt;<\/li>\n\n\n\n<li><a href=\"http:\/\/sirmionehotel.com\/de\/localita-h\/hotels-sirmione-colombare\/\">Hotels Sirmione Colombare<\/a> und <a href=\"http:\/\/sirmionehotel.com\/de\/localita-h\/hotels-sirmione-lugana\/\">Hotels Sirmione Lugana<\/a>: sie befinden sich am Fu\u00df der Halbinsel in den lebhaften Ortsteilen der Gemeinde ; sie bieten Gesch\u00e4fte, Caf\u00e9s, Restaurants und liegen in der N\u00e4he der Thermalanstalt Virgilio.<\/li>\n<\/ul>\n\n\n<div class=\"container\">\n<p>Das Angebot des Konsortiums der Hoteliers und Gastst\u00e4ttenbesitzer von Sirmione, CARS, reicht von Zimmervermietern zu 5-Sterne-Hotels. Mit uns finden Sie das, am besten f\u00fcr Ihren Urlaub in Sirmione geeignete Angebot.<\/p>\n<\/div>\n\n<div class=\"container\">\n<p>Durch unsere Internet Web-Site haben Sie die M\u00f6glichkeit mit jedem<strong> Hotel direkt ohne Vermittlung in Kontakt zu kommen und sich dort anzumelden<\/strong>; wenn Sie \u00c4nderungen machen m\u00f6chten, oder besondere Bed\u00fcrfnisse haben, k\u00f6nnen Sie direkt mit dem Hotelleiter sprechen, der keine Geb\u00fchren zahlen mu\u00df; also bietet diese Hotelreservierung gr\u00f6\u00dfere Flexibilit\u00e4t, im Vergleich zu den \u00fcblichen Anmeldungssystemen on-line.<\/p>\n<\/div>\n\n<div class=\"container\">\n<h2 class=\"wp-block-heading\">&nbsp;<\/h2>\n<\/div>","protected":false},"excerpt":{"rendered":"<p>Hotels Sirmione, die Unterkunftsm\u00f6glichkeiten auf der wundersch\u00f6nen Halbinsel von Sirmione Verbringen Sie [&hellip;]<\/p>\n","protected":false},"author":1,"featured_media":0,"parent":0,"menu_order":10,"comment_status":"open","ping_status":"closed","template":"template-page\/hotels.php","meta":{"_acf_changed":false,"footnotes":""},"class_list":["post-2735","page","type-page","status-publish","hentry"],"acf":[],"yoast_head":"<!-- This site is optimized with the Yoast SEO plugin v27.3 - https:\/\/yoast.com\/product\/yoast-seo-wordpress\/ -->\n<title>Hotels in Sirmione - Gardasee Italien | Buchen Sie Ihr Hotel!<\/title>\n<meta name=\"description\" content=\"Suchen Sie Hotels in Sirmione Gardasee? Besuchen Sie die offizielle Website von Sirmione und buchen Sie Ihr Hotel mit den besten Preisen.\" \/>\n<meta name=\"robots\" content=\"index, follow, max-snippet:-1, max-image-preview:large, max-video-preview:-1\" \/>\n<link rel=\"canonical\" href=\"https:\/\/www.sirmionehotel.com\/de\/hotels-sirmione-gardasee-italien\/\" \/>\n<meta name=\"twitter:label1\" content=\"Gesch\u00e4tzte Lesezeit\" \/>\n\t<meta name=\"twitter:data1\" content=\"2\u00a0Minuten\" \/>\n<script type=\"application\/ld+json\" class=\"yoast-schema-graph\">{\"@context\":\"https:\\\/\\\/schema.org\",\"@graph\":[{\"@type\":\"WebPage\",\"@id\":\"https:\\\/\\\/www.sirmionehotel.com\\\/de\\\/hotels-sirmione-gardasee-italien\\\/\",\"url\":\"https:\\\/\\\/www.sirmionehotel.com\\\/de\\\/hotels-sirmione-gardasee-italien\\\/\",\"name\":\"Hotels in Sirmione - Gardasee Italien | Buchen Sie Ihr Hotel!\",\"isPartOf\":{\"@id\":\"https:\\\/\\\/www.sirmionehotel.com\\\/#website\"},\"datePublished\":\"2015-09-24T15:31:50+00:00\",\"dateModified\":\"2023-12-30T10:55:13+00:00\",\"description\":\"Suchen Sie Hotels in Sirmione Gardasee? Besuchen Sie die offizielle Website von Sirmione und buchen Sie Ihr Hotel mit den besten Preisen.\",\"breadcrumb\":{\"@id\":\"https:\\\/\\\/www.sirmionehotel.com\\\/de\\\/hotels-sirmione-gardasee-italien\\\/#breadcrumb\"},\"inLanguage\":\"de\",\"potentialAction\":[{\"@type\":\"ReadAction\",\"target\":[\"https:\\\/\\\/www.sirmionehotel.com\\\/de\\\/hotels-sirmione-gardasee-italien\\\/\"]}]},{\"@type\":\"BreadcrumbList\",\"@id\":\"https:\\\/\\\/www.sirmionehotel.com\\\/de\\\/hotels-sirmione-gardasee-italien\\\/#breadcrumb\",\"itemListElement\":[{\"@type\":\"ListItem\",\"position\":1,\"name\":\"Home\",\"item\":\"https:\\\/\\\/www.sirmionehotel.com\\\/de\\\/\"},{\"@type\":\"ListItem\",\"position\":2,\"name\":\"Hotels Sirmione Gardasee Italien\"}]},{\"@type\":\"WebSite\",\"@id\":\"https:\\\/\\\/www.sirmionehotel.com\\\/#website\",\"url\":\"https:\\\/\\\/www.sirmionehotel.com\\\/\",\"name\":\"Consorzio Albergatori Ristoratori Sirmione\",\"description\":\"\",\"potentialAction\":[{\"@type\":\"SearchAction\",\"target\":{\"@type\":\"EntryPoint\",\"urlTemplate\":\"https:\\\/\\\/www.sirmionehotel.com\\\/?s={search_term_string}\"},\"query-input\":{\"@type\":\"PropertyValueSpecification\",\"valueRequired\":true,\"valueName\":\"search_term_string\"}}],\"inLanguage\":\"de\"}]}<\/script>\n<!-- \/ Yoast SEO plugin. -->","yoast_head_json":{"title":"Hotels in Sirmione - Gardasee Italien | Buchen Sie Ihr Hotel!","description":"Suchen Sie Hotels in Sirmione Gardasee? Besuchen Sie die offizielle Website von Sirmione und buchen Sie Ihr Hotel mit den besten Preisen.","robots":{"index":"index","follow":"follow","max-snippet":"max-snippet:-1","max-image-preview":"max-image-preview:large","max-video-preview":"max-video-preview:-1"},"canonical":"https:\/\/www.sirmionehotel.com\/de\/hotels-sirmione-gardasee-italien\/","twitter_misc":{"Gesch\u00e4tzte Lesezeit":"2\u00a0Minuten"},"schema":{"@context":"https:\/\/schema.org","@graph":[{"@type":"WebPage","@id":"https:\/\/www.sirmionehotel.com\/de\/hotels-sirmione-gardasee-italien\/","url":"https:\/\/www.sirmionehotel.com\/de\/hotels-sirmione-gardasee-italien\/","name":"Hotels in Sirmione - Gardasee Italien | Buchen Sie Ihr Hotel!","isPartOf":{"@id":"https:\/\/www.sirmionehotel.com\/#website"},"datePublished":"2015-09-24T15:31:50+00:00","dateModified":"2023-12-30T10:55:13+00:00","description":"Suchen Sie Hotels in Sirmione Gardasee? Besuchen Sie die offizielle Website von Sirmione und buchen Sie Ihr Hotel mit den besten Preisen.","breadcrumb":{"@id":"https:\/\/www.sirmionehotel.com\/de\/hotels-sirmione-gardasee-italien\/#breadcrumb"},"inLanguage":"de","potentialAction":[{"@type":"ReadAction","target":["https:\/\/www.sirmionehotel.com\/de\/hotels-sirmione-gardasee-italien\/"]}]},{"@type":"BreadcrumbList","@id":"https:\/\/www.sirmionehotel.com\/de\/hotels-sirmione-gardasee-italien\/#breadcrumb","itemListElement":[{"@type":"ListItem","position":1,"name":"Home","item":"https:\/\/www.sirmionehotel.com\/de\/"},{"@type":"ListItem","position":2,"name":"Hotels Sirmione Gardasee Italien"}]},{"@type":"WebSite","@id":"https:\/\/www.sirmionehotel.com\/#website","url":"https:\/\/www.sirmionehotel.com\/","name":"Consorzio Albergatori Ristoratori Sirmione","description":"","potentialAction":[{"@type":"SearchAction","target":{"@type":"EntryPoint","urlTemplate":"https:\/\/www.sirmionehotel.com\/?s={search_term_string}"},"query-input":{"@type":"PropertyValueSpecification","valueRequired":true,"valueName":"search_term_string"}}],"inLanguage":"de"}]}},"_links":{"self":[{"href":"https:\/\/www.sirmionehotel.com\/de\/wp-json\/wp\/v2\/pages\/2735","targetHints":{"allow":["GET"]}}],"collection":[{"href":"https:\/\/www.sirmionehotel.com\/de\/wp-json\/wp\/v2\/pages"}],"about":[{"href":"https:\/\/www.sirmionehotel.com\/de\/wp-json\/wp\/v2\/types\/page"}],"author":[{"embeddable":true,"href":"https:\/\/www.sirmionehotel.com\/de\/wp-json\/wp\/v2\/users\/1"}],"replies":[{"embeddable":true,"href":"https:\/\/www.sirmionehotel.com\/de\/wp-json\/wp\/v2\/comments?post=2735"}],"version-history":[{"count":1,"href":"https:\/\/www.sirmionehotel.com\/de\/wp-json\/wp\/v2\/pages\/2735\/revisions"}],"predecessor-version":[{"id":15763,"href":"https:\/\/www.sirmionehotel.com\/de\/wp-json\/wp\/v2\/pages\/2735\/revisions\/15763"}],"wp:attachment":[{"href":"https:\/\/www.sirmionehotel.com\/de\/wp-json\/wp\/v2\/media?parent=2735"}],"curies":[{"name":"wp","href":"https:\/\/api.w.org\/{rel}","templated":true}]}}