{"id":4500,"date":"2016-07-31T05:32:51","date_gmt":"2016-07-31T05:32:51","guid":{"rendered":"http:\/\/sirmionehotel.com\/de\/?page_id=4500"},"modified":"2024-01-01T10:54:46","modified_gmt":"2024-01-01T10:54:46","slug":"sirmione-gardasee-italien","status":"publish","type":"page","link":"https:\/\/www.sirmionehotel.com\/de\/sirmione-gardasee-italien\/","title":{"rendered":"Sirmione Gardasee Italien"},"content":{"rendered":"<div class=\"container\">\n<h1 class=\"wp-block-heading\">Sirmione Gardasee Italien<\/h1>\n<\/div>\n\n<div class=\"container\">\n<h2 class=\"wp-block-heading\">eine Perle in der Mitte des Sees, f\u00fcr einen unvergesslichen Urlaub.<\/h2>\n<\/div>\n\n<div class=\"container\">\n<p>Sirmione Gardasee Italien: Von Catull bis Gonzaga, von Carducci bis James Joyce und Maria Callas, viele Pers\u00f6nlichkeiten sind hier gewesen und haben eine gl\u00fcckliche Erinnerung mitgebracht. <\/p>\n<\/div>\n\n<div class=\"container\">\n<p>Die Sch\u00f6nheit von Sirmione ist eine Inspiration in der Mitte des Gardasees, die Felsen im Wasser an der Spitze der Halbinsel, die romantische Aussicht in den alten mittelalterlichen Fischerdorf; es ist auch Inspiration f\u00fcr die historische Werke wie die r\u00f6mische Villa von <strong>Grotte des Catulls<\/strong>, der <strong>Scaliger Burg<\/strong>, <strong>San Pietro in Mavino Kirche<\/strong>; f\u00fcr die ber\u00fchmten <strong>Thermalb\u00e4der<\/strong>, die f\u00fcr Behandlungen und Wellness benutzen sind.<\/p>\n<\/div>\n\n<div class=\"container\">\n<p>Die Gr\u00fcnden f\u00fcr einen kurzen oder langen Urlaub in Sirmione sind viele. In der ganzen Halbinsel k\u00f6nnen Sie eine gro\u00dfe Auswahl an Restaurants finden, vom schnellen Sandwich bis zur h\u00f6he Qualit\u00e4t Gastronomie, von der typischen lokalen K\u00fcche mit dem besten Seefisch bis zur besten internationalen K\u00fcche; oft viele Ausl\u00e4nder w\u00e4hlen Sirmione f\u00fcr Ihre Hochzeit sowohl f\u00fcr die Szenografie des Ortes und f\u00fcr die Gastronomie und Gastfreundschaft; hier k\u00f6nnen Sie eine <a href=\"http:\/\/sirmionehotel.com\/de\/ristorante-sirmione\/\"><strong>Liste der Restaurants von Sirmione<\/strong><\/a> finden. <\/p>\n<\/div>\n\n<div class=\"container\">\n<p>Gleich f\u00fcr die Gastfreundschaft, man findet in Sirmione Campingpl\u00e4tze, Residence, alle Kategorie von Hotels (hier finden Sie eine<a href=\"http:\/\/sirmionehotel.com\/de\/hotel\/\"><strong> Liste der Hotels von Sirmione<\/strong><\/a>.<\/p>\n<\/div>\n\n<div class=\"container\">\n<p>Sirmione befindet sich im Zentrum der Garda Region, in optimaler Lage um es zu besuchen; es ist m\u00f6glich leicht fast jeden Ort zu erreichen und eine gute Idee ist es, das Boot zu benutzen: man f\u00e4hrt direkt von der Altstadt ab um den Stra\u00dfenverkehr zu vermeiden und man kommt direkt in den historischen Zentren anderer L\u00e4nder des Gardasees an.<\/p>\n<\/div>\n\n<div class=\"wp-block-image wp-image-3787 size-large\">\n<figure class=\"aligncenter\"><img decoding=\"async\" src=\"http:\/\/sirmionehotel.com\/wp-content\/uploads\/2015\/12\/sirmione_punta-r-600x387.jpg\" alt=\"Sirmione Gardasee Italien\" class=\"wp-image-3787\"\/><figcaption class=\"wp-element-caption\">Sirmione Gardasee Italien<\/figcaption><\/figure>\n<\/div>","protected":false},"excerpt":{"rendered":"<p>Sirmione Gardasee Italien eine Perle in der Mitte des Sees, f\u00fcr einen [&hellip;]<\/p>\n","protected":false},"author":1,"featured_media":0,"parent":0,"menu_order":172,"comment_status":"closed","ping_status":"closed","template":"","meta":{"_acf_changed":false,"footnotes":""},"class_list":["post-4500","page","type-page","status-publish","hentry"],"acf":[],"yoast_head":"<!-- This site is optimized with the Yoast SEO plugin v27.5 - https:\/\/yoast.com\/product\/yoast-seo-wordpress\/ -->\n<title>Sirmione Gardasee Italien | eine Perle in der Mitte des Sees<\/title>\n<meta name=\"description\" content=\"Sirmione Gardasee Italien, eine Perle in der Mitte des Sees, ber\u00fchmt f\u00fcr seine Sch\u00f6nheit, Geschichte, die Thermen von Sirmione, Str\u00e4nde, Restaurants, Hotels\" \/>\n<meta name=\"robots\" content=\"index, follow, max-snippet:-1, max-image-preview:large, max-video-preview:-1\" \/>\n<link rel=\"canonical\" href=\"https:\/\/www.sirmionehotel.com\/sirmione-lago-di-garda\/\" \/>\n<meta name=\"twitter:label1\" content=\"Gesch\u00e4tzte Lesezeit\" \/>\n\t<meta name=\"twitter:data1\" content=\"2\u00a0Minuten\" \/>\n<script type=\"application\/ld+json\" class=\"yoast-schema-graph\">{\"@context\":\"https:\\\/\\\/schema.org\",\"@graph\":[{\"@type\":\"WebPage\",\"@id\":\"https:\\\/\\\/www.sirmionehotel.com\\\/sirmione-lago-di-garda\\\/\",\"url\":\"https:\\\/\\\/www.sirmionehotel.com\\\/sirmione-lago-di-garda\\\/\",\"name\":\"Sirmione Gardasee Italien | eine Perle in der Mitte des Sees\",\"isPartOf\":{\"@id\":\"https:\\\/\\\/www.sirmionehotel.com\\\/#website\"},\"primaryImageOfPage\":{\"@id\":\"https:\\\/\\\/www.sirmionehotel.com\\\/sirmione-lago-di-garda\\\/#primaryimage\"},\"image\":{\"@id\":\"https:\\\/\\\/www.sirmionehotel.com\\\/sirmione-lago-di-garda\\\/#primaryimage\"},\"thumbnailUrl\":\"http:\\\/\\\/sirmionehotel.com\\\/wp-content\\\/uploads\\\/2015\\\/12\\\/sirmione_punta-r-600x387.jpg\",\"datePublished\":\"2016-07-31T05:32:51+00:00\",\"dateModified\":\"2024-01-01T10:54:46+00:00\",\"description\":\"Sirmione Gardasee Italien, eine Perle in der Mitte des Sees, ber\u00fchmt f\u00fcr seine Sch\u00f6nheit, Geschichte, die Thermen von Sirmione, Str\u00e4nde, Restaurants, Hotels\",\"breadcrumb\":{\"@id\":\"https:\\\/\\\/www.sirmionehotel.com\\\/sirmione-lago-di-garda\\\/#breadcrumb\"},\"inLanguage\":\"de\",\"potentialAction\":[{\"@type\":\"ReadAction\",\"target\":[\"https:\\\/\\\/www.sirmionehotel.com\\\/sirmione-lago-di-garda\\\/\"]}]},{\"@type\":\"ImageObject\",\"inLanguage\":\"de\",\"@id\":\"https:\\\/\\\/www.sirmionehotel.com\\\/sirmione-lago-di-garda\\\/#primaryimage\",\"url\":\"http:\\\/\\\/sirmionehotel.com\\\/wp-content\\\/uploads\\\/2015\\\/12\\\/sirmione_punta-r-600x387.jpg\",\"contentUrl\":\"http:\\\/\\\/sirmionehotel.com\\\/wp-content\\\/uploads\\\/2015\\\/12\\\/sirmione_punta-r-600x387.jpg\"},{\"@type\":\"BreadcrumbList\",\"@id\":\"https:\\\/\\\/www.sirmionehotel.com\\\/sirmione-lago-di-garda\\\/#breadcrumb\",\"itemListElement\":[{\"@type\":\"ListItem\",\"position\":1,\"name\":\"Home\",\"item\":\"https:\\\/\\\/www.sirmionehotel.com\\\/de\\\/\"},{\"@type\":\"ListItem\",\"position\":2,\"name\":\"Sirmione Gardasee Italien\"}]},{\"@type\":\"WebSite\",\"@id\":\"https:\\\/\\\/www.sirmionehotel.com\\\/#website\",\"url\":\"https:\\\/\\\/www.sirmionehotel.com\\\/\",\"name\":\"Consorzio Albergatori Ristoratori Sirmione\",\"description\":\"\",\"potentialAction\":[{\"@type\":\"SearchAction\",\"target\":{\"@type\":\"EntryPoint\",\"urlTemplate\":\"https:\\\/\\\/www.sirmionehotel.com\\\/?s={search_term_string}\"},\"query-input\":{\"@type\":\"PropertyValueSpecification\",\"valueRequired\":true,\"valueName\":\"search_term_string\"}}],\"inLanguage\":\"de\"}]}<\/script>\n<!-- \/ Yoast SEO plugin. -->","yoast_head_json":{"title":"Sirmione Gardasee Italien | eine Perle in der Mitte des Sees","description":"Sirmione Gardasee Italien, eine Perle in der Mitte des Sees, ber\u00fchmt f\u00fcr seine Sch\u00f6nheit, Geschichte, die Thermen von Sirmione, Str\u00e4nde, Restaurants, Hotels","robots":{"index":"index","follow":"follow","max-snippet":"max-snippet:-1","max-image-preview":"max-image-preview:large","max-video-preview":"max-video-preview:-1"},"canonical":"https:\/\/www.sirmionehotel.com\/sirmione-lago-di-garda\/","twitter_misc":{"Gesch\u00e4tzte Lesezeit":"2\u00a0Minuten"},"schema":{"@context":"https:\/\/schema.org","@graph":[{"@type":"WebPage","@id":"https:\/\/www.sirmionehotel.com\/sirmione-lago-di-garda\/","url":"https:\/\/www.sirmionehotel.com\/sirmione-lago-di-garda\/","name":"Sirmione Gardasee Italien | eine Perle in der Mitte des Sees","isPartOf":{"@id":"https:\/\/www.sirmionehotel.com\/#website"},"primaryImageOfPage":{"@id":"https:\/\/www.sirmionehotel.com\/sirmione-lago-di-garda\/#primaryimage"},"image":{"@id":"https:\/\/www.sirmionehotel.com\/sirmione-lago-di-garda\/#primaryimage"},"thumbnailUrl":"http:\/\/sirmionehotel.com\/wp-content\/uploads\/2015\/12\/sirmione_punta-r-600x387.jpg","datePublished":"2016-07-31T05:32:51+00:00","dateModified":"2024-01-01T10:54:46+00:00","description":"Sirmione Gardasee Italien, eine Perle in der Mitte des Sees, ber\u00fchmt f\u00fcr seine Sch\u00f6nheit, Geschichte, die Thermen von Sirmione, Str\u00e4nde, Restaurants, Hotels","breadcrumb":{"@id":"https:\/\/www.sirmionehotel.com\/sirmione-lago-di-garda\/#breadcrumb"},"inLanguage":"de","potentialAction":[{"@type":"ReadAction","target":["https:\/\/www.sirmionehotel.com\/sirmione-lago-di-garda\/"]}]},{"@type":"ImageObject","inLanguage":"de","@id":"https:\/\/www.sirmionehotel.com\/sirmione-lago-di-garda\/#primaryimage","url":"http:\/\/sirmionehotel.com\/wp-content\/uploads\/2015\/12\/sirmione_punta-r-600x387.jpg","contentUrl":"http:\/\/sirmionehotel.com\/wp-content\/uploads\/2015\/12\/sirmione_punta-r-600x387.jpg"},{"@type":"BreadcrumbList","@id":"https:\/\/www.sirmionehotel.com\/sirmione-lago-di-garda\/#breadcrumb","itemListElement":[{"@type":"ListItem","position":1,"name":"Home","item":"https:\/\/www.sirmionehotel.com\/de\/"},{"@type":"ListItem","position":2,"name":"Sirmione Gardasee Italien"}]},{"@type":"WebSite","@id":"https:\/\/www.sirmionehotel.com\/#website","url":"https:\/\/www.sirmionehotel.com\/","name":"Consorzio Albergatori Ristoratori Sirmione","description":"","potentialAction":[{"@type":"SearchAction","target":{"@type":"EntryPoint","urlTemplate":"https:\/\/www.sirmionehotel.com\/?s={search_term_string}"},"query-input":{"@type":"PropertyValueSpecification","valueRequired":true,"valueName":"search_term_string"}}],"inLanguage":"de"}]}},"_links":{"self":[{"href":"https:\/\/www.sirmionehotel.com\/de\/wp-json\/wp\/v2\/pages\/4500","targetHints":{"allow":["GET"]}}],"collection":[{"href":"https:\/\/www.sirmionehotel.com\/de\/wp-json\/wp\/v2\/pages"}],"about":[{"href":"https:\/\/www.sirmionehotel.com\/de\/wp-json\/wp\/v2\/types\/page"}],"author":[{"embeddable":true,"href":"https:\/\/www.sirmionehotel.com\/de\/wp-json\/wp\/v2\/users\/1"}],"replies":[{"embeddable":true,"href":"https:\/\/www.sirmionehotel.com\/de\/wp-json\/wp\/v2\/comments?post=4500"}],"version-history":[{"count":1,"href":"https:\/\/www.sirmionehotel.com\/de\/wp-json\/wp\/v2\/pages\/4500\/revisions"}],"predecessor-version":[{"id":16029,"href":"https:\/\/www.sirmionehotel.com\/de\/wp-json\/wp\/v2\/pages\/4500\/revisions\/16029"}],"wp:attachment":[{"href":"https:\/\/www.sirmionehotel.com\/de\/wp-json\/wp\/v2\/media?parent=4500"}],"curies":[{"name":"wp","href":"https:\/\/api.w.org\/{rel}","templated":true}]}}