{"id":5202,"date":"2017-03-22T10:06:26","date_gmt":"2017-03-22T10:06:26","guid":{"rendered":"http:\/\/sirmionehotel.com\/?page_id=5202\/"},"modified":"2023-12-30T10:55:18","modified_gmt":"2023-12-30T10:55:18","slug":"restaurants-sirmione","status":"publish","type":"page","link":"https:\/\/www.sirmionehotel.com\/de\/restaurants-sirmione\/","title":{"rendered":"Restaurants und Trattorie in Sirmione"},"content":{"rendered":"<div class=\"container\">\n<h2 class=\"wp-block-heading\">In Sirmione befinden sich Restaurants und Trattorie die excellente Beispiele der typischen Gardaseek\u00fcche darstellen.<\/h2>\n<\/div>\n\n<div class=\"container\">\n<p>In jedem Lokal werden Sie einheimische Gerichte finden die mit den typischen Produkten des Gardasees vorbereitet werden, vor allem Fisch aus dem Gardasee, gegossen mit Oliven\u00f6l \u201cextravergine\u201d, und nat\u00fcrlich mit unserem, heute in der ganzen Welt hochgesch\u00e4tzten Luganawein, der auch von ber\u00fchmten Pers\u00f6nlichkeiten der Vergangenheit gepriesen wurde. In der Altstadt von Sirmione k\u00f6nnen Sie Restaurants und Trattorie in den reizvollsten Ecken auffinden; die, aus historischen Geb\u00e4uden gewonnenen Lokale verf\u00fcgen meist \u00fcber verborgene G\u00e4rten oder Seeterrassen, einige davon liegen in abgesonderten, ruhigen Ecken, weit von der belebten Hauptstra\u00dfe. Auch viele Restaurants und Trattorie au\u00dferhalb der Altstadt liegen direkt am See und bieten einen Garten und einen entspannenden romantischen Blick auf den Gardasee.<\/p>\n<\/div>\n\n<div class=\"container\">\n<p>Aus der Restaurantliste von Sirmione k\u00f6nnen Sie Ihr Lokal, je nach Wunsch, w\u00e4hlen: Restaurant mit Seeblick, Restaurant f\u00fcr Festmale, elegantes Restaurant in Sirmione, Restaurant f\u00fcr ein romantisches Abendessen am See, Pizzeria am See, Restaurant mit Fischspezialit\u00e4ten, Restaurant mit \u201cAperitif\u201d am See, Hochzeitsrestaurant in Sirmione.<\/p>\n<\/div>","protected":false},"excerpt":{"rendered":"<p>In Sirmione befinden sich Restaurants und Trattorie die excellente Beispiele der typischen [&hellip;]<\/p>\n","protected":false},"author":1,"featured_media":0,"parent":0,"menu_order":12,"comment_status":"closed","ping_status":"closed","template":"template-page\/ristoranti.php","meta":{"_acf_changed":false,"footnotes":""},"class_list":["post-5202","page","type-page","status-publish","hentry"],"acf":[],"yoast_head":"<!-- This site is optimized with the Yoast SEO plugin v27.3 - https:\/\/yoast.com\/product\/yoast-seo-wordpress\/ -->\n<title>Restaurants in Sirmione | Entdecken Sie die K\u00fcche von Gardasee<\/title>\n<meta name=\"description\" content=\"Restaurants in Sirmione repr\u00e4sentieren die typische K\u00fcche des Gardasees. Entdecken Sie die lokale K\u00fcche und genie\u00dfen Sie einen erholsamen Urlaub\" \/>\n<meta name=\"robots\" content=\"index, follow, max-snippet:-1, max-image-preview:large, max-video-preview:-1\" \/>\n<link rel=\"canonical\" href=\"https:\/\/www.sirmionehotel.com\/de\/restaurants-sirmione\/\" \/>\n<meta name=\"twitter:label1\" content=\"Gesch\u00e4tzte Lesezeit\" \/>\n\t<meta name=\"twitter:data1\" content=\"1\u00a0Minute\" \/>\n<script type=\"application\/ld+json\" class=\"yoast-schema-graph\">{\"@context\":\"https:\\\/\\\/schema.org\",\"@graph\":[{\"@type\":\"WebPage\",\"@id\":\"https:\\\/\\\/www.sirmionehotel.com\\\/de\\\/restaurants-sirmione\\\/\",\"url\":\"https:\\\/\\\/www.sirmionehotel.com\\\/de\\\/restaurants-sirmione\\\/\",\"name\":\"Restaurants in Sirmione | Entdecken Sie die K\u00fcche von Gardasee\",\"isPartOf\":{\"@id\":\"https:\\\/\\\/www.sirmionehotel.com\\\/#website\"},\"datePublished\":\"2017-03-22T10:06:26+00:00\",\"dateModified\":\"2023-12-30T10:55:18+00:00\",\"description\":\"Restaurants in Sirmione repr\u00e4sentieren die typische K\u00fcche des Gardasees. Entdecken Sie die lokale K\u00fcche und genie\u00dfen Sie einen erholsamen Urlaub\",\"breadcrumb\":{\"@id\":\"https:\\\/\\\/www.sirmionehotel.com\\\/de\\\/restaurants-sirmione\\\/#breadcrumb\"},\"inLanguage\":\"de\",\"potentialAction\":[{\"@type\":\"ReadAction\",\"target\":[\"https:\\\/\\\/www.sirmionehotel.com\\\/de\\\/restaurants-sirmione\\\/\"]}]},{\"@type\":\"BreadcrumbList\",\"@id\":\"https:\\\/\\\/www.sirmionehotel.com\\\/de\\\/restaurants-sirmione\\\/#breadcrumb\",\"itemListElement\":[{\"@type\":\"ListItem\",\"position\":1,\"name\":\"Home\",\"item\":\"https:\\\/\\\/www.sirmionehotel.com\\\/de\\\/\"},{\"@type\":\"ListItem\",\"position\":2,\"name\":\"Restaurants und Trattorie in Sirmione\"}]},{\"@type\":\"WebSite\",\"@id\":\"https:\\\/\\\/www.sirmionehotel.com\\\/#website\",\"url\":\"https:\\\/\\\/www.sirmionehotel.com\\\/\",\"name\":\"Consorzio Albergatori Ristoratori Sirmione\",\"description\":\"\",\"potentialAction\":[{\"@type\":\"SearchAction\",\"target\":{\"@type\":\"EntryPoint\",\"urlTemplate\":\"https:\\\/\\\/www.sirmionehotel.com\\\/?s={search_term_string}\"},\"query-input\":{\"@type\":\"PropertyValueSpecification\",\"valueRequired\":true,\"valueName\":\"search_term_string\"}}],\"inLanguage\":\"de\"}]}<\/script>\n<!-- \/ Yoast SEO plugin. -->","yoast_head_json":{"title":"Restaurants in Sirmione | Entdecken Sie die K\u00fcche von Gardasee","description":"Restaurants in Sirmione repr\u00e4sentieren die typische K\u00fcche des Gardasees. Entdecken Sie die lokale K\u00fcche und genie\u00dfen Sie einen erholsamen Urlaub","robots":{"index":"index","follow":"follow","max-snippet":"max-snippet:-1","max-image-preview":"max-image-preview:large","max-video-preview":"max-video-preview:-1"},"canonical":"https:\/\/www.sirmionehotel.com\/de\/restaurants-sirmione\/","twitter_misc":{"Gesch\u00e4tzte Lesezeit":"1\u00a0Minute"},"schema":{"@context":"https:\/\/schema.org","@graph":[{"@type":"WebPage","@id":"https:\/\/www.sirmionehotel.com\/de\/restaurants-sirmione\/","url":"https:\/\/www.sirmionehotel.com\/de\/restaurants-sirmione\/","name":"Restaurants in Sirmione | Entdecken Sie die K\u00fcche von Gardasee","isPartOf":{"@id":"https:\/\/www.sirmionehotel.com\/#website"},"datePublished":"2017-03-22T10:06:26+00:00","dateModified":"2023-12-30T10:55:18+00:00","description":"Restaurants in Sirmione repr\u00e4sentieren die typische K\u00fcche des Gardasees. Entdecken Sie die lokale K\u00fcche und genie\u00dfen Sie einen erholsamen Urlaub","breadcrumb":{"@id":"https:\/\/www.sirmionehotel.com\/de\/restaurants-sirmione\/#breadcrumb"},"inLanguage":"de","potentialAction":[{"@type":"ReadAction","target":["https:\/\/www.sirmionehotel.com\/de\/restaurants-sirmione\/"]}]},{"@type":"BreadcrumbList","@id":"https:\/\/www.sirmionehotel.com\/de\/restaurants-sirmione\/#breadcrumb","itemListElement":[{"@type":"ListItem","position":1,"name":"Home","item":"https:\/\/www.sirmionehotel.com\/de\/"},{"@type":"ListItem","position":2,"name":"Restaurants und Trattorie in Sirmione"}]},{"@type":"WebSite","@id":"https:\/\/www.sirmionehotel.com\/#website","url":"https:\/\/www.sirmionehotel.com\/","name":"Consorzio Albergatori Ristoratori Sirmione","description":"","potentialAction":[{"@type":"SearchAction","target":{"@type":"EntryPoint","urlTemplate":"https:\/\/www.sirmionehotel.com\/?s={search_term_string}"},"query-input":{"@type":"PropertyValueSpecification","valueRequired":true,"valueName":"search_term_string"}}],"inLanguage":"de"}]}},"_links":{"self":[{"href":"https:\/\/www.sirmionehotel.com\/de\/wp-json\/wp\/v2\/pages\/5202","targetHints":{"allow":["GET"]}}],"collection":[{"href":"https:\/\/www.sirmionehotel.com\/de\/wp-json\/wp\/v2\/pages"}],"about":[{"href":"https:\/\/www.sirmionehotel.com\/de\/wp-json\/wp\/v2\/types\/page"}],"author":[{"embeddable":true,"href":"https:\/\/www.sirmionehotel.com\/de\/wp-json\/wp\/v2\/users\/1"}],"replies":[{"embeddable":true,"href":"https:\/\/www.sirmionehotel.com\/de\/wp-json\/wp\/v2\/comments?post=5202"}],"version-history":[{"count":1,"href":"https:\/\/www.sirmionehotel.com\/de\/wp-json\/wp\/v2\/pages\/5202\/revisions"}],"predecessor-version":[{"id":15764,"href":"https:\/\/www.sirmionehotel.com\/de\/wp-json\/wp\/v2\/pages\/5202\/revisions\/15764"}],"wp:attachment":[{"href":"https:\/\/www.sirmionehotel.com\/de\/wp-json\/wp\/v2\/media?parent=5202"}],"curies":[{"name":"wp","href":"https:\/\/api.w.org\/{rel}","templated":true}]}}