{"id":6833,"date":"2017-05-18T07:50:58","date_gmt":"2017-05-18T07:50:58","guid":{"rendered":"http:\/\/sirmionehotel.com\/alberghi-selezionati-con-cura\/"},"modified":"2017-06-01T10:46:25","modified_gmt":"2017-06-01T10:46:25","slug":"ausgewaehlte-hotels","status":"publish","type":"page","link":"https:\/\/www.sirmionehotel.com\/de\/ausgewaehlte-hotels\/","title":{"rendered":"AUSGEW\u00c4HLTE HOTELS"},"content":{"rendered":"<p>Die beste ausgew\u00e4hlte Hotels in Sirmione f\u00fcr einen unvergesslichen Urlaub am Ufer des Gardasees. Entdecken Sie die \u00dcbernachtungsm\u00f6glichkeiten, die auf Ihre Bed\u00fcrfnisse geeignet sind, und buchen Sie jetzt Ihren Urlaub in Sirmione.<\/p>\n<p>Sirmione ist das perfekte Ziel f\u00fcr einen romantischen Urlaub in Paar oder mit der Familie, um sich entspannen und Spa\u00df zu haben. Umgeben von sch\u00f6nen Landschaften, zwischen historische Geb\u00e4ude und Terrassen mit Blick auf den Gardasee, unsere Hotels sind ideal f\u00fcr einen unvergesslichen Aufenthalt. <\/p>\n<p>Wir haben die beste Unterk\u00fcnfte f\u00fcr Sie ausgew\u00e4hlt, um Ihnen einen erholsamen Urlaub in einer der sch\u00f6nsten und beliebtesten Touristenorte in Italien verbringen zu machen. Auf SirmioneHotel finden Sie die beste Einrichtungen mit den exklusivsten Dienstleistungen.<\/p>\n<p>Gem\u00fctliche und mit allem Komfort ausgestattet, unsere Hotels sind elegant und geschmackvoll. W\u00e4hlen Sie die Unterkunft, die Sie bevorzugen und buchen Sie jetzt Ihren Aufenthalt in der Sch\u00f6nheit der Natur, Kunst und Geschichte.<\/p>\n","protected":false},"excerpt":{"rendered":"<p>Die beste ausgew\u00e4hlte Hotels in Sirmione f\u00fcr einen unvergesslichen Urlaub am Ufer [&hellip;]<\/p>\n","protected":false},"author":1,"featured_media":0,"parent":0,"menu_order":164,"comment_status":"closed","ping_status":"closed","template":"","meta":{"_acf_changed":false,"footnotes":""},"class_list":["post-6833","page","type-page","status-publish","hentry"],"acf":[],"yoast_head":"<!-- This site is optimized with the Yoast SEO plugin v27.4 - https:\/\/yoast.com\/product\/yoast-seo-wordpress\/ -->\n<title>AUSGEW\u00c4HLTE HOTELS - Consorzio Albergatori Ristoratori Sirmione<\/title>\n<meta name=\"robots\" content=\"index, follow, max-snippet:-1, max-image-preview:large, max-video-preview:-1\" \/>\n<link rel=\"canonical\" href=\"https:\/\/www.sirmionehotel.com\/de\/ausgewaehlte-hotels\/\" \/>\n<meta name=\"twitter:label1\" content=\"Gesch\u00e4tzte Lesezeit\" \/>\n\t<meta name=\"twitter:data1\" content=\"1\u00a0Minute\" \/>\n<script type=\"application\/ld+json\" class=\"yoast-schema-graph\">{\"@context\":\"https:\\\/\\\/schema.org\",\"@graph\":[{\"@type\":\"WebPage\",\"@id\":\"https:\\\/\\\/www.sirmionehotel.com\\\/de\\\/ausgewaehlte-hotels\\\/\",\"url\":\"https:\\\/\\\/www.sirmionehotel.com\\\/de\\\/ausgewaehlte-hotels\\\/\",\"name\":\"AUSGEW\u00c4HLTE HOTELS - Consorzio Albergatori Ristoratori Sirmione\",\"isPartOf\":{\"@id\":\"https:\\\/\\\/www.sirmionehotel.com\\\/#website\"},\"datePublished\":\"2017-05-18T07:50:58+00:00\",\"dateModified\":\"2017-06-01T10:46:25+00:00\",\"breadcrumb\":{\"@id\":\"https:\\\/\\\/www.sirmionehotel.com\\\/de\\\/ausgewaehlte-hotels\\\/#breadcrumb\"},\"inLanguage\":\"de\",\"potentialAction\":[{\"@type\":\"ReadAction\",\"target\":[\"https:\\\/\\\/www.sirmionehotel.com\\\/de\\\/ausgewaehlte-hotels\\\/\"]}]},{\"@type\":\"BreadcrumbList\",\"@id\":\"https:\\\/\\\/www.sirmionehotel.com\\\/de\\\/ausgewaehlte-hotels\\\/#breadcrumb\",\"itemListElement\":[{\"@type\":\"ListItem\",\"position\":1,\"name\":\"Home\",\"item\":\"https:\\\/\\\/www.sirmionehotel.com\\\/de\\\/\"},{\"@type\":\"ListItem\",\"position\":2,\"name\":\"AUSGEW\u00c4HLTE HOTELS\"}]},{\"@type\":\"WebSite\",\"@id\":\"https:\\\/\\\/www.sirmionehotel.com\\\/#website\",\"url\":\"https:\\\/\\\/www.sirmionehotel.com\\\/\",\"name\":\"Consorzio Albergatori Ristoratori Sirmione\",\"description\":\"\",\"potentialAction\":[{\"@type\":\"SearchAction\",\"target\":{\"@type\":\"EntryPoint\",\"urlTemplate\":\"https:\\\/\\\/www.sirmionehotel.com\\\/?s={search_term_string}\"},\"query-input\":{\"@type\":\"PropertyValueSpecification\",\"valueRequired\":true,\"valueName\":\"search_term_string\"}}],\"inLanguage\":\"de\"}]}<\/script>\n<!-- \/ Yoast SEO plugin. -->","yoast_head_json":{"title":"AUSGEW\u00c4HLTE HOTELS - Consorzio Albergatori Ristoratori Sirmione","robots":{"index":"index","follow":"follow","max-snippet":"max-snippet:-1","max-image-preview":"max-image-preview:large","max-video-preview":"max-video-preview:-1"},"canonical":"https:\/\/www.sirmionehotel.com\/de\/ausgewaehlte-hotels\/","twitter_misc":{"Gesch\u00e4tzte Lesezeit":"1\u00a0Minute"},"schema":{"@context":"https:\/\/schema.org","@graph":[{"@type":"WebPage","@id":"https:\/\/www.sirmionehotel.com\/de\/ausgewaehlte-hotels\/","url":"https:\/\/www.sirmionehotel.com\/de\/ausgewaehlte-hotels\/","name":"AUSGEW\u00c4HLTE HOTELS - Consorzio Albergatori Ristoratori Sirmione","isPartOf":{"@id":"https:\/\/www.sirmionehotel.com\/#website"},"datePublished":"2017-05-18T07:50:58+00:00","dateModified":"2017-06-01T10:46:25+00:00","breadcrumb":{"@id":"https:\/\/www.sirmionehotel.com\/de\/ausgewaehlte-hotels\/#breadcrumb"},"inLanguage":"de","potentialAction":[{"@type":"ReadAction","target":["https:\/\/www.sirmionehotel.com\/de\/ausgewaehlte-hotels\/"]}]},{"@type":"BreadcrumbList","@id":"https:\/\/www.sirmionehotel.com\/de\/ausgewaehlte-hotels\/#breadcrumb","itemListElement":[{"@type":"ListItem","position":1,"name":"Home","item":"https:\/\/www.sirmionehotel.com\/de\/"},{"@type":"ListItem","position":2,"name":"AUSGEW\u00c4HLTE HOTELS"}]},{"@type":"WebSite","@id":"https:\/\/www.sirmionehotel.com\/#website","url":"https:\/\/www.sirmionehotel.com\/","name":"Consorzio Albergatori Ristoratori Sirmione","description":"","potentialAction":[{"@type":"SearchAction","target":{"@type":"EntryPoint","urlTemplate":"https:\/\/www.sirmionehotel.com\/?s={search_term_string}"},"query-input":{"@type":"PropertyValueSpecification","valueRequired":true,"valueName":"search_term_string"}}],"inLanguage":"de"}]}},"_links":{"self":[{"href":"https:\/\/www.sirmionehotel.com\/de\/wp-json\/wp\/v2\/pages\/6833","targetHints":{"allow":["GET"]}}],"collection":[{"href":"https:\/\/www.sirmionehotel.com\/de\/wp-json\/wp\/v2\/pages"}],"about":[{"href":"https:\/\/www.sirmionehotel.com\/de\/wp-json\/wp\/v2\/types\/page"}],"author":[{"embeddable":true,"href":"https:\/\/www.sirmionehotel.com\/de\/wp-json\/wp\/v2\/users\/1"}],"replies":[{"embeddable":true,"href":"https:\/\/www.sirmionehotel.com\/de\/wp-json\/wp\/v2\/comments?post=6833"}],"version-history":[{"count":0,"href":"https:\/\/www.sirmionehotel.com\/de\/wp-json\/wp\/v2\/pages\/6833\/revisions"}],"wp:attachment":[{"href":"https:\/\/www.sirmionehotel.com\/de\/wp-json\/wp\/v2\/media?parent=6833"}],"curies":[{"name":"wp","href":"https:\/\/api.w.org\/{rel}","templated":true}]}}